{"id":285559,"date":"2025-06-16T23:54:12","date_gmt":"2025-06-16T21:54:12","guid":{"rendered":"https:\/\/www.huntersfriend.eu\/product\/alps-outdoorz-wetland-sate\/"},"modified":"2025-08-26T10:31:15","modified_gmt":"2025-08-26T08:31:15","slug":"alps-outdoorz-wetland-sate","status":"publish","type":"product","link":"https:\/\/www.huntersfriend.eu\/sv\/produkt\/alps-outdoorz-wetland-sate\/","title":{"rendered":"Alps outdoorz wetland-s\u00e4te"},"content":{"rendered":"<p>Wetland Seat \u00e4r byggd med ett aluminiumben utformat med en kil\u00e4nde f\u00f6r att ge det ett s\u00e4kert fotf\u00e4ste, och \u00e4r den perfekta f\u00f6ljeslagaren f\u00f6r jakt i tr\u00e4skmarker. Tv\u00e5 sidof\u00f6tter str\u00e4cker sig ut \u00e5t sidorna f\u00f6r att ge Wetland Seat \u00e4nnu mer st\u00f6d och f\u00f6r att f\u00f6rhindra att den sjunker ner i leran. En D-ring ing\u00e5r i designen f\u00f6r att f\u00e4sta en spelrem, och s\u00e4tet f\u00e4lls ihop plant med ramen f\u00f6r enkel f\u00f6rvaring. Att transportera Wetland Seat \u00e4r enkelt och sm\u00e4rtfritt med den medf\u00f6ljande axelremmen.   <\/p>\n<p>\u2022 Aluminiumben med kil\u00e4nde f\u00f6r att s\u00e4kra s\u00e4tet<\/p>\n<p>\u2022 Tv\u00e5 sidof\u00f6tter f\u00f6rhindrar nedsjunkning<\/p>\n<p>\u2022 Axelrem<\/p>\n<p>\u2022 Vadderat s\u00e4te<\/p>\n<p>\u2022 S\u00e4tet f\u00e4lls ihop plant med ramen f\u00f6r enkel f\u00f6rvaring<\/p>\n<p>\u2022 D-ring f\u00f6r att f\u00e4sta spelrem<\/p>\n<p>\u2022 Justerbar h\u00f6jd<\/p>\n<table border=\"3\">\n<tbody>\n<tr align=\"CENTER\">\n<td><b>S\u00e4tesbredd<\/b><\/td>\n<td>12&#8243;<\/td>\n<\/tr>\n<tr align=\"CENTER\">\n<td><b>S\u00e4tesdjup<\/b><\/td>\n<td>8&#8243;<\/td>\n<\/tr>\n<tr align=\"CENTER\">\n<td><b>Sitth\u00f6jd<\/b><\/td>\n<td>18 \u201c- 28\u201d<\/td>\n<\/tr>\n<tr align=\"CENTER\">\n<td><b>Hopf\u00e4lld storlek<\/b><\/td>\n<td>31&#8243; L x 8&#8243; B x 2,5&#8243; H<\/td>\n<\/tr>\n<tr align=\"CENTER\">\n<td><b>Vikt<\/b><\/td>\n<td>4 lbs.<\/td>\n<\/tr>\n<\/tbody>\n<\/table>\n","protected":false},"excerpt":{"rendered":"<p>Wetland Seat \u00e4r byggd med ett aluminiumben utformat med en kil\u00e4nde f\u00f6r att ge det ett s\u00e4kert fotf\u00e4ste, och \u00e4r den perfekta f\u00f6ljeslagaren f\u00f6r jakt i tr\u00e4skmarker. Tv\u00e5 sidof\u00f6tter str\u00e4cker sig ut \u00e5t sidorna f\u00f6r att ge Wetland Seat \u00e4nnu mer st\u00f6d och f\u00f6r att f\u00f6rhindra att den sjunker ner i leran. En D-ring ing\u00e5r [&#8230;]\n","protected":false},"featured_media":283904,"comment_status":"open","ping_status":"closed","template":"","meta":[],"product_brand":[],"product_cat":[2574],"product_tag":[],"class_list":{"0":"post-285559","1":"product","2":"type-product","3":"status-publish","4":"has-post-thumbnail","6":"product_cat-stolar-och-pallar-for-gomslen","8":"first","9":"outofstock","10":"taxable","11":"shipping-taxable","12":"purchasable","13":"product-type-simple"},"composite_virtual":false,"composite_layout":"","composite_add_to_cart_form_location":"","composite_editable_in_cart":false,"composite_sold_individually_context":"","composite_shop_price_calc":"","composite_components":[],"composite_scenarios":[],"group_of_quantity":0,"min_quantity":0,"max_quantity":"","exclude_order_quantity_value_rules":"no","exclude_category_quantity_rules":"no","combine_variations":"no","exclude_global_add_ons":[],"addons":[],"_links":{"self":[{"href":"https:\/\/www.huntersfriend.eu\/sv\/wp-json\/wp\/v2\/product\/285559","targetHints":{"allow":["GET"]}}],"collection":[{"href":"https:\/\/www.huntersfriend.eu\/sv\/wp-json\/wp\/v2\/product"}],"about":[{"href":"https:\/\/www.huntersfriend.eu\/sv\/wp-json\/wp\/v2\/types\/product"}],"replies":[{"embeddable":true,"href":"https:\/\/www.huntersfriend.eu\/sv\/wp-json\/wp\/v2\/comments?post=285559"}],"wp:featuredmedia":[{"embeddable":true,"href":"https:\/\/www.huntersfriend.eu\/sv\/wp-json\/wp\/v2\/media\/283904"}],"wp:attachment":[{"href":"https:\/\/www.huntersfriend.eu\/sv\/wp-json\/wp\/v2\/media?parent=285559"}],"wp:term":[{"taxonomy":"product_brand","embeddable":true,"href":"https:\/\/www.huntersfriend.eu\/sv\/wp-json\/wp\/v2\/product_brand?post=285559"},{"taxonomy":"product_cat","embeddable":true,"href":"https:\/\/www.huntersfriend.eu\/sv\/wp-json\/wp\/v2\/product_cat?post=285559"},{"taxonomy":"product_tag","embeddable":true,"href":"https:\/\/www.huntersfriend.eu\/sv\/wp-json\/wp\/v2\/product_tag?post=285559"}],"curies":[{"name":"wp","href":"https:\/\/api.w.org\/{rel}","templated":true}]}}