{"id":285558,"date":"2025-06-16T23:54:13","date_gmt":"2025-06-16T21:54:13","guid":{"rendered":"https:\/\/www.huntersfriend.eu\/product\/alps-outdoorz-wing-shooter-blind-bag\/"},"modified":"2025-08-26T10:31:14","modified_gmt":"2025-08-26T08:31:14","slug":"alps-outdoorz-wing-shooter-blind-bag","status":"publish","type":"product","link":"https:\/\/www.huntersfriend.eu\/sv\/produkt\/alps-outdoorz-wing-shooter-blind-bag\/","title":{"rendered":"Alps outdoorz Wing-shooter blind bag"},"content":{"rendered":"<p>Klassisk stil m\u00f6ter \u00e4ndam\u00e5lsenlig praktisk anv\u00e4ndning n\u00e4r du tar med dig den h\u00e4r favoriten f\u00f6r vingf\u00e5gelskyttar ut i f\u00e4lt. Den tidl\u00f6sa och t\u00e5liga designen \u00e4r byggd f\u00f6r att h\u00e5lla och \u00e4r grundl\u00e4ggande funktionell i skogen, i g\u00f6mslet eller p\u00e5 skjutbanan. Helt vattent\u00e4t, gjuten skumbotten h\u00e5ller insidan knastertorr oavsett f\u00f6rh\u00e5llanden. Full \u00e5tkomst, verktygsv\u00e4skliknande \u00f6ppning ger bekv\u00e4m \u00e5tkomst till utrustning i det stora \u00f6ppna facket f\u00f6r att du ska vara snabb p\u00e5 avtryckaren i alla dina sysslor.   <\/p>\n<p>Sk\u00f6tselr\u00e5d: En snygg och v\u00e4lanv\u00e4nd patina kommer att utvecklas n\u00e4r det vaxade tyget \u00e5ldras. I likhet med l\u00e4der rekommenderar vi att du reng\u00f6r med en fuktig trasa. Konditionering, omvaxning eller efterbehandling av yttertyget kan g\u00f6ras vid behov mer \u00e4n en g\u00e5ng per \u00e5r med l\u00e4mpligt paraffin- eller sojavax.  <\/p>\n<ul>\n<li>Klassiskt, 16 oz. vaxat bomullscanvasmaterial \u00e4r robust, slitstarkt och mycket vattenavvisande <\/li>\n<li>\u201cPop-open\u201d huvudfackdesign m\u00f6jligg\u00f6r enkel \u00e5tkomst till utrustning<\/li>\n<li>Tv\u00e5 \u201chold open\u201d patronfickor f\u00f6r enkel och snabb \u00e5tkomst till patroner och annan utrustning<\/li>\n<li>Vattent\u00e4t, gjuten bottenpanel f\u00f6r att ge huvudfacket extra skydd n\u00e4r du sitter i v\u00e5ta f\u00e4lt<\/li>\n<li>M\u00e4ssingsdragkedjor och beslag med l\u00e4derdetaljer<\/li>\n<\/ul>\n<table>\n<tbody>\n<tr>\n<th scope=\"row\">M\u00e5tt<\/th>\n<td>11&#8243; H x 18&#8243; W x 9.75&#8243; D<\/td>\n<\/tr>\n<tr>\n<th scope=\"row\">Vikt<\/th>\n<td>5 lbs.<\/td>\n<\/tr>\n<\/tbody>\n<\/table>\n","protected":false},"excerpt":{"rendered":"<p>Klassisk stil m\u00f6ter \u00e4ndam\u00e5lsenlig praktisk anv\u00e4ndning n\u00e4r du tar med dig den h\u00e4r favoriten f\u00f6r vingf\u00e5gelskyttar ut i f\u00e4lt. Den tidl\u00f6sa och t\u00e5liga designen \u00e4r byggd f\u00f6r att h\u00e5lla och \u00e4r grundl\u00e4ggande funktionell i skogen, i g\u00f6mslet eller p\u00e5 skjutbanan. Helt vattent\u00e4t, gjuten skumbotten h\u00e5ller insidan knastertorr oavsett f\u00f6rh\u00e5llanden. Full \u00e5tkomst, verktygsv\u00e4skliknande \u00f6ppning ger bekv\u00e4m [&#8230;]\n","protected":false},"featured_media":284472,"comment_status":"open","ping_status":"closed","template":"","meta":[],"product_brand":[],"product_cat":[2566],"product_tag":[],"class_list":{"0":"post-285558","1":"product","2":"type-product","3":"status-publish","4":"has-post-thumbnail","6":"product_cat-jaktvaskor","8":"first","9":"instock","10":"taxable","11":"shipping-taxable","12":"purchasable","13":"product-type-simple"},"composite_virtual":false,"composite_layout":"","composite_add_to_cart_form_location":"","composite_editable_in_cart":false,"composite_sold_individually_context":"","composite_shop_price_calc":"","composite_components":[],"composite_scenarios":[],"group_of_quantity":0,"min_quantity":0,"max_quantity":"","exclude_order_quantity_value_rules":"no","exclude_category_quantity_rules":"no","combine_variations":"no","exclude_global_add_ons":[],"addons":[],"_links":{"self":[{"href":"https:\/\/www.huntersfriend.eu\/sv\/wp-json\/wp\/v2\/product\/285558","targetHints":{"allow":["GET"]}}],"collection":[{"href":"https:\/\/www.huntersfriend.eu\/sv\/wp-json\/wp\/v2\/product"}],"about":[{"href":"https:\/\/www.huntersfriend.eu\/sv\/wp-json\/wp\/v2\/types\/product"}],"replies":[{"embeddable":true,"href":"https:\/\/www.huntersfriend.eu\/sv\/wp-json\/wp\/v2\/comments?post=285558"}],"wp:featuredmedia":[{"embeddable":true,"href":"https:\/\/www.huntersfriend.eu\/sv\/wp-json\/wp\/v2\/media\/284472"}],"wp:attachment":[{"href":"https:\/\/www.huntersfriend.eu\/sv\/wp-json\/wp\/v2\/media?parent=285558"}],"wp:term":[{"taxonomy":"product_brand","embeddable":true,"href":"https:\/\/www.huntersfriend.eu\/sv\/wp-json\/wp\/v2\/product_brand?post=285558"},{"taxonomy":"product_cat","embeddable":true,"href":"https:\/\/www.huntersfriend.eu\/sv\/wp-json\/wp\/v2\/product_cat?post=285558"},{"taxonomy":"product_tag","embeddable":true,"href":"https:\/\/www.huntersfriend.eu\/sv\/wp-json\/wp\/v2\/product_tag?post=285558"}],"curies":[{"name":"wp","href":"https:\/\/api.w.org\/{rel}","templated":true}]}}