{"id":285557,"date":"2025-06-16T23:54:12","date_gmt":"2025-06-16T21:54:12","guid":{"rendered":"https:\/\/www.huntersfriend.eu\/product\/alps-outdoorz-vattentatt-hagelgevarsfodral\/"},"modified":"2025-08-26T10:31:13","modified_gmt":"2025-08-26T08:31:13","slug":"alps-outdoorz-vattentatt-hagelgevarsfodral","status":"publish","type":"product","link":"https:\/\/www.huntersfriend.eu\/sv\/produkt\/alps-outdoorz-vattentatt-hagelgevarsfodral\/","title":{"rendered":"Alps outdoorz vattent\u00e4tt hagelgev\u00e4rsfodral"},"content":{"rendered":"<p>Det vattent\u00e4ta gev\u00e4rsfodralet \u00e4r utformat f\u00f6r att h\u00e5lla hagelgev\u00e4r rena, oskadda och i toppskick n\u00e4r de transporteras till och fr\u00e5n vattenf\u00e5geljaktskojor. Fodralet \u00e4r baserat p\u00e5 ett robust 500D svetsat PVC-ytterskal som \u00e4r motst\u00e5ndskraftigt mot de typiska punkteringar, n\u00f6tningar och milj\u00f6m\u00e4ssiga p\u00e5frestningar som vanligtvis uppst\u00e5r vid vattenf\u00e5geljakt. Det inre skalet best\u00e5r av ett h\u00f6gdensitets, sluten cell-flytskum, med ytterligare skydd som erbjuds av ett vadderat foder. F\u00f6r att f\u00f6rhindra att vatten tr\u00e4nger in i gev\u00e4rsfodralet anv\u00e4nds en rulltopp med sp\u00e4nne, liknande de som anv\u00e4nds f\u00f6r expeditionsklassade torrs\u00e4ckar.   <\/p>\n<p>F\u00f6r att underl\u00e4tta transporten levereras det vattent\u00e4ta gev\u00e4rsfodralet med ett integrerat b\u00e4rhandtag och en avtagbar och justerbar vadderad axelrem. En D-ring \u00e4r f\u00e4st p\u00e5 framsidan av fodralet f\u00f6r att g\u00f6ra det m\u00f6jligt att h\u00e4nga upp det fr\u00e5n smuts och vatten. <\/p>\n<p>Det vattent\u00e4ta gev\u00e4rsfodralet rymmer hagelgev\u00e4r med pipor upp till 28 tum med f\u00f6rl\u00e4ngda choke-tuber. Den totala l\u00e4ngden \u00e4r 58 tum utrullad och 53 tum n\u00e4r den \u00e4r rullad och st\u00e4ngd. <\/p>\n<ul>\n<li>Vattent\u00e4tt 500D svetsat PVC-material<\/li>\n<li>Rulltoppsf\u00f6rslutning f\u00f6r att s\u00e4kerst\u00e4lla en t\u00e4t f\u00f6rsegling f\u00f6r att h\u00e5lla vattnet ute<\/li>\n<li>H\u00f6gt\u00e4thets, sluten cell-flotationsskum<\/li>\n<li>Orange foder med vaddering f\u00f6r extra skydd f\u00f6r ditt hagelgev\u00e4r<\/li>\n<li>Rymmer hagelgev\u00e4r upp till en 28&#8243; pipa med f\u00f6rl\u00e4ngd choke-tub<\/li>\n<li>B\u00e4rhandtag och avtagbart b\u00e4rremsalternativ \u00f6ver axeln<\/li>\n<li>D-ring tillagd i \u00e4nden av gev\u00e4rsfodralet, vilket g\u00f6r att fodralet kan h\u00e4ngas upp f\u00f6r att torka n\u00e4r det inte anv\u00e4nds<\/li>\n<\/ul>\n<table>\n<tbody>\n<tr>\n<th scope=\"row\">M\u00e5tt<\/th>\n<td>58 \u201cL x 9\u201d B<\/td>\n<\/tr>\n<tr>\n<th scope=\"row\">Rullad l\u00e4ngd<\/th>\n<td>53&#8243;<\/td>\n<\/tr>\n<tr>\n<th scope=\"row\">Vikt<\/th>\n<td>1 lb. 9 oz. <\/td>\n<\/tr>\n<\/tbody>\n<\/table>\n","protected":false},"excerpt":{"rendered":"<p>Det vattent\u00e4ta gev\u00e4rsfodralet \u00e4r utformat f\u00f6r att h\u00e5lla hagelgev\u00e4r rena, oskadda och i toppskick n\u00e4r de transporteras till och fr\u00e5n vattenf\u00e5geljaktskojor. Fodralet \u00e4r baserat p\u00e5 ett robust 500D svetsat PVC-ytterskal som \u00e4r motst\u00e5ndskraftigt mot de typiska punkteringar, n\u00f6tningar och milj\u00f6m\u00e4ssiga p\u00e5frestningar som vanligtvis uppst\u00e5r vid vattenf\u00e5geljakt. Det inre skalet best\u00e5r av ett h\u00f6gdensitets, sluten cell-flytskum, [&#8230;]\n","protected":false},"featured_media":283885,"comment_status":"open","ping_status":"closed","template":"","meta":[],"product_brand":[],"product_cat":[2569],"product_tag":[],"class_list":{"0":"post-285557","1":"product","2":"type-product","3":"status-publish","4":"has-post-thumbnail","6":"product_cat-mjuka-fodral","8":"first","9":"outofstock","10":"taxable","11":"shipping-taxable","12":"purchasable","13":"product-type-simple"},"composite_virtual":false,"composite_layout":"","composite_add_to_cart_form_location":"","composite_editable_in_cart":false,"composite_sold_individually_context":"","composite_shop_price_calc":"","composite_components":[],"composite_scenarios":[],"group_of_quantity":0,"min_quantity":0,"max_quantity":"","exclude_order_quantity_value_rules":"no","exclude_category_quantity_rules":"no","combine_variations":"no","exclude_global_add_ons":[],"addons":[],"_links":{"self":[{"href":"https:\/\/www.huntersfriend.eu\/sv\/wp-json\/wp\/v2\/product\/285557","targetHints":{"allow":["GET"]}}],"collection":[{"href":"https:\/\/www.huntersfriend.eu\/sv\/wp-json\/wp\/v2\/product"}],"about":[{"href":"https:\/\/www.huntersfriend.eu\/sv\/wp-json\/wp\/v2\/types\/product"}],"replies":[{"embeddable":true,"href":"https:\/\/www.huntersfriend.eu\/sv\/wp-json\/wp\/v2\/comments?post=285557"}],"wp:featuredmedia":[{"embeddable":true,"href":"https:\/\/www.huntersfriend.eu\/sv\/wp-json\/wp\/v2\/media\/283885"}],"wp:attachment":[{"href":"https:\/\/www.huntersfriend.eu\/sv\/wp-json\/wp\/v2\/media?parent=285557"}],"wp:term":[{"taxonomy":"product_brand","embeddable":true,"href":"https:\/\/www.huntersfriend.eu\/sv\/wp-json\/wp\/v2\/product_brand?post=285557"},{"taxonomy":"product_cat","embeddable":true,"href":"https:\/\/www.huntersfriend.eu\/sv\/wp-json\/wp\/v2\/product_cat?post=285557"},{"taxonomy":"product_tag","embeddable":true,"href":"https:\/\/www.huntersfriend.eu\/sv\/wp-json\/wp\/v2\/product_tag?post=285557"}],"curies":[{"name":"wp","href":"https:\/\/api.w.org\/{rel}","templated":true}]}}