{"id":285556,"date":"2025-06-16T23:54:13","date_gmt":"2025-06-16T21:54:13","guid":{"rendered":"https:\/\/www.huntersfriend.eu\/product\/alps-outdoorz-loafong-stol\/"},"modified":"2025-08-26T10:31:12","modified_gmt":"2025-08-26T08:31:12","slug":"alps-outdoorz-loafong-stol","status":"publish","type":"product","link":"https:\/\/www.huntersfriend.eu\/sv\/produkt\/alps-outdoorz-loafong-stol\/","title":{"rendered":"Alps outdoorz loafong-stol"},"content":{"rendered":"<p>Det \u00e4r l\u00e4tt att f\u00f6rst\u00e5 varf\u00f6r den h\u00e4r attraktiva campingstolen \u00e4r v\u00e5r b\u00e4st s\u00e4ljande stol. Den \u00e4r inte bara stabilare och bredare \u00e4n de flesta transportabla stolar, vilket g\u00f6r den bekv\u00e4mare, utan den har ocks\u00e5 vadderade, b\u00f6jda armst\u00f6d, en pulverlackerad ram och en muggh\u00e5llare\/ficka, vilket ger stolen alla funktioner du kan \u00f6nska dig. DU Loafing Chair f\u00e4lls ihop platt f\u00f6r transport och f\u00f6rvaring och \u201c\u00f6ppnas\u201d n\u00e4r du \u00e4r redo att luta dig tillbaka och koppla av. Den bakre ramen \u00e4r nu avtagbar, s\u00e5 pack- och f\u00f6rvaringsstorleken minskas! Detta \u00e4r en fantastisk stol f\u00f6r camping, sportevenemang, grillar och bara f\u00f6r att sitta p\u00e5 din altan.    <\/p>\n<ul>\n<li>600D polyester med f\u00f6rst\u00e4rkt TechMesh-mitt<\/li>\n<li>Den h\u00f6gre ryggen ger b\u00e4ttre komfort<\/li>\n<li>Pro-Tec pulverlackerad aluminiumram<\/li>\n<li>Stabila st\u00e5lr\u00f6r och anslutningar<\/li>\n<li>Avtagbar bakre ram<\/li>\n<li>Extra stor dryckesh\u00e5llare<\/li>\n<\/ul>\n<table>\n<tbody>\n<tr>\n<th scope=\"row\">Sittbredd<\/th>\n<td>19&#8243;<\/td>\n<\/tr>\n<tr>\n<th scope=\"row\">Sittdjup<\/th>\n<td>16&#8243;<\/td>\n<\/tr>\n<tr>\n<th scope=\"row\">Sitth\u00f6jd<\/th>\n<td>17,5&#8243;<\/td>\n<\/tr>\n<tr>\n<th scope=\"row\">Ryggst\u00f6dsh\u00f6jd<\/th>\n<td>19,5&#8243;<\/td>\n<\/tr>\n<tr>\n<th scope=\"row\">Hopf\u00e4lld storlek<\/th>\n<td>30&#8243; L x 23&#8243; W x 6,5&#8243; H<\/td>\n<\/tr>\n<tr>\n<th scope=\"row\">Vikt<\/th>\n<td>11 lbs.<\/td>\n<\/tr>\n<tr>\n<th scope=\"row\">Viktkapacitet<\/th>\n<td>425 lbs.<\/td>\n<\/tr>\n<\/tbody>\n<\/table>\n","protected":false},"excerpt":{"rendered":"<p>Det \u00e4r l\u00e4tt att f\u00f6rst\u00e5 varf\u00f6r den h\u00e4r attraktiva campingstolen \u00e4r v\u00e5r b\u00e4st s\u00e4ljande stol. Den \u00e4r inte bara stabilare och bredare \u00e4n de flesta transportabla stolar, vilket g\u00f6r den bekv\u00e4mare, utan den har ocks\u00e5 vadderade, b\u00f6jda armst\u00f6d, en pulverlackerad ram och en muggh\u00e5llare\/ficka, vilket ger stolen alla funktioner du kan \u00f6nska dig. DU Loafing [&#8230;]\n","protected":false},"featured_media":284411,"comment_status":"open","ping_status":"closed","template":"","meta":[],"product_brand":[],"product_cat":[2567,2563],"product_tag":[],"class_list":{"0":"post-285556","1":"product","2":"type-product","3":"status-publish","4":"has-post-thumbnail","6":"product_cat-campingtillbehor","7":"product_cat-tillbehor-for-jakt-torn-och-gomslen","9":"first","10":"instock","11":"taxable","12":"shipping-taxable","13":"purchasable","14":"product-type-simple"},"composite_virtual":false,"composite_layout":"","composite_add_to_cart_form_location":"","composite_editable_in_cart":false,"composite_sold_individually_context":"","composite_shop_price_calc":"","composite_components":[],"composite_scenarios":[],"group_of_quantity":0,"min_quantity":0,"max_quantity":"","exclude_order_quantity_value_rules":"no","exclude_category_quantity_rules":"no","combine_variations":"no","exclude_global_add_ons":[],"addons":[],"_links":{"self":[{"href":"https:\/\/www.huntersfriend.eu\/sv\/wp-json\/wp\/v2\/product\/285556","targetHints":{"allow":["GET"]}}],"collection":[{"href":"https:\/\/www.huntersfriend.eu\/sv\/wp-json\/wp\/v2\/product"}],"about":[{"href":"https:\/\/www.huntersfriend.eu\/sv\/wp-json\/wp\/v2\/types\/product"}],"replies":[{"embeddable":true,"href":"https:\/\/www.huntersfriend.eu\/sv\/wp-json\/wp\/v2\/comments?post=285556"}],"wp:featuredmedia":[{"embeddable":true,"href":"https:\/\/www.huntersfriend.eu\/sv\/wp-json\/wp\/v2\/media\/284411"}],"wp:attachment":[{"href":"https:\/\/www.huntersfriend.eu\/sv\/wp-json\/wp\/v2\/media?parent=285556"}],"wp:term":[{"taxonomy":"product_brand","embeddable":true,"href":"https:\/\/www.huntersfriend.eu\/sv\/wp-json\/wp\/v2\/product_brand?post=285556"},{"taxonomy":"product_cat","embeddable":true,"href":"https:\/\/www.huntersfriend.eu\/sv\/wp-json\/wp\/v2\/product_cat?post=285556"},{"taxonomy":"product_tag","embeddable":true,"href":"https:\/\/www.huntersfriend.eu\/sv\/wp-json\/wp\/v2\/product_tag?post=285556"}],"curies":[{"name":"wp","href":"https:\/\/api.w.org\/{rel}","templated":true}]}}