{"id":285554,"date":"2025-06-16T23:54:13","date_gmt":"2025-06-16T21:54:13","guid":{"rendered":"https:\/\/www.huntersfriend.eu\/product\/alps-outdoorz-roost-stol\/"},"modified":"2025-08-26T10:31:11","modified_gmt":"2025-08-26T08:31:11","slug":"alps-outdoorz-roost-stol","status":"publish","type":"product","link":"https:\/\/www.huntersfriend.eu\/sv\/produkt\/alps-outdoorz-roost-stol\/","title":{"rendered":"Alps outdoorz Roost-stol"},"content":{"rendered":"<p>N\u00e4r du har ledig tid fr\u00e5n arbetets krav, vill vila, njuta av hobbyer eller sport, eller bara sitta runt l\u00e4gerelden, kommer Roost-stolen att vara en bekv\u00e4m plats f\u00f6r dig att fly till. Den robusta designen kommer att vara p\u00e5litlig g\u00e5ng p\u00e5 g\u00e5ng. Den erbjuds i mesh, s\u00e5 du kan f\u00e5 luftfl\u00f6de under varma, fuktiga dagar. Stolen har en pulverlackerad st\u00e5lram och klarar upp till 136 kg. Stolen f\u00e4lls ihop kompakt och glider ner i den medf\u00f6ljande v\u00e4skan, vilket g\u00f6r det enkelt att ta med den till alla dina evenemang.    <\/p>\n<ul>\n<li>Kompakt hopf\u00e4llbar design<\/li>\n<li>Coolt f\u00f6rst\u00e4rkt mesh-center<\/li>\n<li>Pro-Tec pulverlackerad st\u00e5lram<\/li>\n<li>Extra stor dryckesh\u00e5llare<\/li>\n<li>B\u00e4rv\u00e4ska med axelrem<\/li>\n<\/ul>\n<table>\n<tbody>\n<tr>\n<th scope=\"row\">Sittbredd<\/th>\n<td>21,5&#8243;<\/td>\n<\/tr>\n<tr>\n<th scope=\"row\">Sittdjup<\/th>\n<td>17&#8243;<\/td>\n<\/tr>\n<tr>\n<th scope=\"row\">Sitth\u00f6jd fram<\/th>\n<td>18&#8243;<\/td>\n<\/tr>\n<tr>\n<th scope=\"row\">Sitth\u00f6jd bak<\/th>\n<td>16&#8243;<\/td>\n<\/tr>\n<tr>\n<th scope=\"row\">Ryggst\u00f6dsh\u00f6jd<\/th>\n<td>24,5&#8243;<\/td>\n<\/tr>\n<tr>\n<th scope=\"row\">Packad storlek<\/th>\n<td>37&#8243; L x 9.5&#8243; W x 7&#8243; H<\/td>\n<\/tr>\n<tr>\n<th scope=\"row\">Vikt<\/th>\n<td>5,15 kg <\/td>\n<\/tr>\n<tr>\n<th scope=\"row\">Viktkapacitet<\/th>\n<td>300 lbs.<\/td>\n<\/tr>\n<\/tbody>\n<\/table>\n","protected":false},"excerpt":{"rendered":"<p>N\u00e4r du har ledig tid fr\u00e5n arbetets krav, vill vila, njuta av hobbyer eller sport, eller bara sitta runt l\u00e4gerelden, kommer Roost-stolen att vara en bekv\u00e4m plats f\u00f6r dig att fly till. Den robusta designen kommer att vara p\u00e5litlig g\u00e5ng p\u00e5 g\u00e5ng. Den erbjuds i mesh, s\u00e5 du kan f\u00e5 luftfl\u00f6de under varma, fuktiga dagar. [&#8230;]\n","protected":false},"featured_media":284089,"comment_status":"open","ping_status":"closed","template":"","meta":[],"product_brand":[],"product_cat":[2567],"product_tag":[],"class_list":{"0":"post-285554","1":"product","2":"type-product","3":"status-publish","4":"has-post-thumbnail","6":"product_cat-campingtillbehor","8":"first","9":"instock","10":"taxable","11":"shipping-taxable","12":"purchasable","13":"product-type-simple"},"composite_virtual":false,"composite_layout":"","composite_add_to_cart_form_location":"","composite_editable_in_cart":false,"composite_sold_individually_context":"","composite_shop_price_calc":"","composite_components":[],"composite_scenarios":[],"group_of_quantity":0,"min_quantity":0,"max_quantity":"","exclude_order_quantity_value_rules":"no","exclude_category_quantity_rules":"no","combine_variations":"no","exclude_global_add_ons":[],"addons":[],"_links":{"self":[{"href":"https:\/\/www.huntersfriend.eu\/sv\/wp-json\/wp\/v2\/product\/285554","targetHints":{"allow":["GET"]}}],"collection":[{"href":"https:\/\/www.huntersfriend.eu\/sv\/wp-json\/wp\/v2\/product"}],"about":[{"href":"https:\/\/www.huntersfriend.eu\/sv\/wp-json\/wp\/v2\/types\/product"}],"replies":[{"embeddable":true,"href":"https:\/\/www.huntersfriend.eu\/sv\/wp-json\/wp\/v2\/comments?post=285554"}],"wp:featuredmedia":[{"embeddable":true,"href":"https:\/\/www.huntersfriend.eu\/sv\/wp-json\/wp\/v2\/media\/284089"}],"wp:attachment":[{"href":"https:\/\/www.huntersfriend.eu\/sv\/wp-json\/wp\/v2\/media?parent=285554"}],"wp:term":[{"taxonomy":"product_brand","embeddable":true,"href":"https:\/\/www.huntersfriend.eu\/sv\/wp-json\/wp\/v2\/product_brand?post=285554"},{"taxonomy":"product_cat","embeddable":true,"href":"https:\/\/www.huntersfriend.eu\/sv\/wp-json\/wp\/v2\/product_cat?post=285554"},{"taxonomy":"product_tag","embeddable":true,"href":"https:\/\/www.huntersfriend.eu\/sv\/wp-json\/wp\/v2\/product_tag?post=285554"}],"curies":[{"name":"wp","href":"https:\/\/api.w.org\/{rel}","templated":true}]}}