{"id":285553,"date":"2025-06-16T23:54:12","date_gmt":"2025-06-16T21:54:12","guid":{"rendered":"https:\/\/www.huntersfriend.eu\/product\/alps-outdoorz-vadarvaska\/"},"modified":"2025-08-26T10:31:11","modified_gmt":"2025-08-26T08:31:11","slug":"alps-outdoorz-vadarvaska","status":"publish","type":"product","link":"https:\/\/www.huntersfriend.eu\/sv\/produkt\/alps-outdoorz-vadarvaska\/","title":{"rendered":"Alps outdoorz vadarv\u00e4ska"},"content":{"rendered":"<p>Perfekt n\u00e4r dina vadare \u00e4r genombl\u00f6ta och leriga och du inte vill s\u00e4ga detsamma om insidan av din lastbil. Vadarv\u00e4skan har en utdragbar matta och ett avtagbart, vattent\u00e4tt foder. En vadderad axelrem och ett handtag \u00e4r implementerade i designen f\u00f6r att g\u00f6ra det enkelt att b\u00e4ra dina v\u00e5ta, tunga vadare. Toppen \u00e4r till och med utsv\u00e4ngd f\u00f6r att m\u00f6jligg\u00f6ra mer f\u00f6rvaring och \u00f6kad kapacitet.   <\/p>\n<p>\u2022 Utdragbar matta<\/p>\n<p>\u2022 Avtagbart vattent\u00e4tt\/leravvisande foder<\/p>\n<p>\u2022 Vadderad axelrem och b\u00e4rhandtag<\/p>\n<table border=\"3\">\n<tbody>\n<tr align=\"CENTER\">\n<td><b>M\u00e5tt<\/b><\/td>\n<td>17,5&#8243; H x 16&#8243; B x 12&#8243; D<\/td>\n<\/tr>\n<tr align=\"CENTER\">\n<td><b>Vikt<\/b><\/td>\n<td>3 lbs. 10 oz. <\/td>\n<\/tr>\n<\/tbody>\n<\/table>\n","protected":false},"excerpt":{"rendered":"<p>Perfekt n\u00e4r dina vadare \u00e4r genombl\u00f6ta och leriga och du inte vill s\u00e4ga detsamma om insidan av din lastbil. Vadarv\u00e4skan har en utdragbar matta och ett avtagbart, vattent\u00e4tt foder. En vadderad axelrem och ett handtag \u00e4r implementerade i designen f\u00f6r att g\u00f6ra det enkelt att b\u00e4ra dina v\u00e5ta, tunga vadare. Toppen \u00e4r till och med [&#8230;]\n","protected":false},"featured_media":283010,"comment_status":"open","ping_status":"closed","template":"","meta":[],"product_brand":[],"product_cat":[2566],"product_tag":[],"class_list":{"0":"post-285553","1":"product","2":"type-product","3":"status-publish","4":"has-post-thumbnail","6":"product_cat-jaktvaskor","8":"first","9":"instock","10":"taxable","11":"shipping-taxable","12":"purchasable","13":"product-type-simple"},"composite_virtual":false,"composite_layout":"","composite_add_to_cart_form_location":"","composite_editable_in_cart":false,"composite_sold_individually_context":"","composite_shop_price_calc":"","composite_components":[],"composite_scenarios":[],"group_of_quantity":0,"min_quantity":0,"max_quantity":"","exclude_order_quantity_value_rules":"no","exclude_category_quantity_rules":"no","combine_variations":"no","exclude_global_add_ons":[],"addons":[],"_links":{"self":[{"href":"https:\/\/www.huntersfriend.eu\/sv\/wp-json\/wp\/v2\/product\/285553","targetHints":{"allow":["GET"]}}],"collection":[{"href":"https:\/\/www.huntersfriend.eu\/sv\/wp-json\/wp\/v2\/product"}],"about":[{"href":"https:\/\/www.huntersfriend.eu\/sv\/wp-json\/wp\/v2\/types\/product"}],"replies":[{"embeddable":true,"href":"https:\/\/www.huntersfriend.eu\/sv\/wp-json\/wp\/v2\/comments?post=285553"}],"wp:featuredmedia":[{"embeddable":true,"href":"https:\/\/www.huntersfriend.eu\/sv\/wp-json\/wp\/v2\/media\/283010"}],"wp:attachment":[{"href":"https:\/\/www.huntersfriend.eu\/sv\/wp-json\/wp\/v2\/media?parent=285553"}],"wp:term":[{"taxonomy":"product_brand","embeddable":true,"href":"https:\/\/www.huntersfriend.eu\/sv\/wp-json\/wp\/v2\/product_brand?post=285553"},{"taxonomy":"product_cat","embeddable":true,"href":"https:\/\/www.huntersfriend.eu\/sv\/wp-json\/wp\/v2\/product_cat?post=285553"},{"taxonomy":"product_tag","embeddable":true,"href":"https:\/\/www.huntersfriend.eu\/sv\/wp-json\/wp\/v2\/product_tag?post=285553"}],"curies":[{"name":"wp","href":"https:\/\/api.w.org\/{rel}","templated":true}]}}