{"id":285552,"date":"2025-06-14T01:06:09","date_gmt":"2025-06-13T23:06:09","guid":{"rendered":"https:\/\/www.huntersfriend.eu\/product\/alps-outdoorz-summit-sittunderlag\/"},"modified":"2025-08-26T10:31:07","modified_gmt":"2025-08-26T08:31:07","slug":"alps-outdoorz-summit-sittunderlag","status":"publish","type":"product","link":"https:\/\/www.huntersfriend.eu\/sv\/produkt\/alps-outdoorz-summit-sittunderlag\/","title":{"rendered":"Alps outdoorz Summit sittunderlag"},"content":{"rendered":"<p>Oavsett om du \u00e4r ute i vildmarken eller p\u00e5 vandringsleden \u00e4r Summit Trail Seat det bekv\u00e4maste och ultral\u00e4tta sittunderlaget du kan hitta. Sj\u00e4lvuppbl\u00e5sande design med en smidig 2-l\u00e4gesventil, Summit bl\u00e5ses upp och t\u00f6ms p\u00e5 bara n\u00e5gra sekunder och \u00e4r perfekt f\u00f6r vildmarken. Det elastiska 30D-topptyget \u00f6kar komforten, g\u00f6r att du inte glider av n\u00e4r det \u00e4r v\u00e5tt och \u00e4r mjukt vid ber\u00f6ring, vilket g\u00f6r det till den perfekta kombinationen av sits och kudde.  <\/p>\n<p>Bl\u00e5s snabbt och tyst upp Summit och sitt bekv\u00e4mt p\u00e5 vilken yta som helst utan r\u00e4dsla f\u00f6r att glida eller punktera. Bottentyget \u00e4r vattent\u00e4tt, punkteringsbest\u00e4ndigt och fullt av halkskyddande PVC-prickar f\u00f6r att h\u00e5lla dig p\u00e5 plats n\u00e4r du hittar den perfekta platsen f\u00f6r att spana. <\/p>\n<ul>\n<li>Fungerar utm\u00e4rkt som spaningsunderlag<\/li>\n<li>Sj\u00e4lvuppbl\u00e5sande design<\/li>\n<li>R-v\u00e4rde: 5,3<\/li>\n<li>Fungerar \u00e4ven som en sj\u00e4lvuppbl\u00e5sande kudde<\/li>\n<li>Ventilen m\u00f6jligg\u00f6r uppbl\u00e5sning eller t\u00f6mning p\u00e5 n\u00e5gra sekunder<\/li>\n<li>Slitstarkt, mjukt topptyg; vattent\u00e4tt och punkteringsbest\u00e4ndigt bottentyg med halkskyddande prickar<\/li>\n<li>P\u00e5s\u00e4ck, elastiska kompressionsremmar och reparationskit ing\u00e5r<\/li>\n<\/ul>\n<table>\n<tbody>\n<tr>\n<th scope=\"row\">M\u00e5tt<\/th>\n<td>16&#8243; L x 12&#8243; B x 2&#8243; H<\/td>\n<\/tr>\n<tr>\n<th scope=\"row\">Packad storlek<\/th>\n<td>12 \u201cL x 3\u201d B<\/td>\n<\/tr>\n<tr>\n<th scope=\"row\">Vikt<\/th>\n<td>7 oz.<\/td>\n<\/tr>\n<\/tbody>\n<\/table>\n","protected":false},"excerpt":{"rendered":"<p>Oavsett om du \u00e4r ute i vildmarken eller p\u00e5 vandringsleden \u00e4r Summit Trail Seat det bekv\u00e4maste och ultral\u00e4tta sittunderlaget du kan hitta. Sj\u00e4lvuppbl\u00e5sande design med en smidig 2-l\u00e4gesventil, Summit bl\u00e5ses upp och t\u00f6ms p\u00e5 bara n\u00e5gra sekunder och \u00e4r perfekt f\u00f6r vildmarken. Det elastiska 30D-topptyget \u00f6kar komforten, g\u00f6r att du inte glider av n\u00e4r det [&#8230;]\n","protected":false},"featured_media":282716,"comment_status":"open","ping_status":"closed","template":"","meta":[],"product_brand":[],"product_cat":[2567,2562,2563],"product_tag":[],"class_list":{"0":"post-285552","1":"product","2":"type-product","3":"status-publish","4":"has-post-thumbnail","6":"product_cat-campingtillbehor","7":"product_cat-material-och-tillbehor","8":"product_cat-tillbehor-for-jakt-torn-och-gomslen","10":"first","11":"instock","12":"taxable","13":"shipping-taxable","14":"purchasable","15":"product-type-simple"},"composite_virtual":false,"composite_layout":"","composite_add_to_cart_form_location":"","composite_editable_in_cart":false,"composite_sold_individually_context":"","composite_shop_price_calc":"","composite_components":[],"composite_scenarios":[],"group_of_quantity":0,"min_quantity":0,"max_quantity":"","exclude_order_quantity_value_rules":"no","exclude_category_quantity_rules":"no","combine_variations":"no","exclude_global_add_ons":[],"addons":[],"_links":{"self":[{"href":"https:\/\/www.huntersfriend.eu\/sv\/wp-json\/wp\/v2\/product\/285552","targetHints":{"allow":["GET"]}}],"collection":[{"href":"https:\/\/www.huntersfriend.eu\/sv\/wp-json\/wp\/v2\/product"}],"about":[{"href":"https:\/\/www.huntersfriend.eu\/sv\/wp-json\/wp\/v2\/types\/product"}],"replies":[{"embeddable":true,"href":"https:\/\/www.huntersfriend.eu\/sv\/wp-json\/wp\/v2\/comments?post=285552"}],"wp:featuredmedia":[{"embeddable":true,"href":"https:\/\/www.huntersfriend.eu\/sv\/wp-json\/wp\/v2\/media\/282716"}],"wp:attachment":[{"href":"https:\/\/www.huntersfriend.eu\/sv\/wp-json\/wp\/v2\/media?parent=285552"}],"wp:term":[{"taxonomy":"product_brand","embeddable":true,"href":"https:\/\/www.huntersfriend.eu\/sv\/wp-json\/wp\/v2\/product_brand?post=285552"},{"taxonomy":"product_cat","embeddable":true,"href":"https:\/\/www.huntersfriend.eu\/sv\/wp-json\/wp\/v2\/product_cat?post=285552"},{"taxonomy":"product_tag","embeddable":true,"href":"https:\/\/www.huntersfriend.eu\/sv\/wp-json\/wp\/v2\/product_tag?post=285552"}],"curies":[{"name":"wp","href":"https:\/\/api.w.org\/{rel}","templated":true}]}}