{"id":285550,"date":"2025-06-14T01:06:09","date_gmt":"2025-06-13T23:06:09","guid":{"rendered":"https:\/\/www.huntersfriend.eu\/product\/alps-outdoorz-extreme-upland-game-vest-x-2-0\/"},"modified":"2025-08-26T10:31:03","modified_gmt":"2025-08-26T08:31:03","slug":"alps-outdoorz-extreme-upland-game-vest-x-2-0","status":"publish","type":"product","link":"https:\/\/www.huntersfriend.eu\/sv\/produkt\/alps-outdoorz-extreme-upland-game-vest-x-2-0\/","title":{"rendered":"Alps outdoorz extreme Upland game vest x 2.0"},"content":{"rendered":"<p>Upland Game Vest X 2.0 \u00e4r det perfekta tillbeh\u00f6ret f\u00f6r jakt p\u00e5 h\u00f6glandsvilt och kaniner och har en m\u00e4ngd innovativa funktioner. Axelremmarna \u00e4r ultratunna f\u00f6r maximal skjutkomfort och den har \u00e4ven en l\u00e4tt, ventilerad rygg- och midjeb\u00e4lteskonstruktion. Upland Game Vest X 2.0 \u00e4r den f\u00f6rsta v\u00e4sten p\u00e5 marknaden som har b\u00e5de ett expanderbart och avtagbart midjeb\u00e4lte som str\u00e4cker sig fr\u00e5n 26 \u201ctill 62\u201d. Den har MOLLE-band p\u00e5 midjeb\u00e4ltet, 2 magnetiska patronfickor med halkfria lock och en expanderad viltficka f\u00f6r enkel \u00e5tkomst samt extra f\u00f6rvaringsutrymme med en bakre ficka. Komforten \u00e4r viktigast, och b\u00e5de manliga och kvinnliga j\u00e4gare kommer s\u00e4kert att vara n\u00f6jda med komforten i denna v\u00e4st.    <\/p>\n<ul>\n<li>V\u00e5r expanderbara och avtagbara midjeb\u00e4ltesdesign har otroliga 30 tums justering (30 \u201c- 60\u201d)<\/li>\n<li>Nydesignade, strukturerade patronfickor, med enkel enhandsmagnetisk \u00f6ppning och st\u00e4ngning, fungerar \u00e4ven som ett vapenst\u00f6d<\/li>\n<li>L\u00e4tt\u00e5tkomlig, \u00f6verdimensionerad viltficka har 16&#8243; justering f\u00f6r tung transport och enkel reng\u00f6ring<\/li>\n<li>Midjeb\u00e4ltets MOLLE-system rymmer obegr\u00e4nsat med tillbeh\u00f6r, inklusive <a href=\"https:\/\/alpsoutdoorz.com\/outfitter-pocket.html\">Outfitter Pocket<\/a><\/li>\n<li>17&#8243; bakre f\u00f6rvaringsfack sitter under en rymlig, filtkl\u00e4dd v\u00e4rdesaksficka<\/li>\n<li>Ultratunna, skjutv\u00e4nliga axelremmar f\u00f6r maximal komfort<\/li>\n<li>L\u00e4tt, ventilerad rygg och midjeb\u00e4lte f\u00f6rb\u00e4ttrar komfort och prestanda<\/li>\n<li>Kompatibel med v\u00e4tskesystem<\/li>\n<li>Tv\u00e5 elastiska vattenflaskfickor<\/li>\n<\/ul>\n<table>\n<tbody>\n<tr>\n<th scope=\"row\">Midjeb\u00e4ltets r\u00e4ckvidd<\/th>\n<td>26 \u2013 62&#8243;<\/td>\n<\/tr>\n<tr>\n<th scope=\"row\">Vikt<\/th>\n<td>3 lbs. 4 oz. <\/td>\n<\/tr>\n<\/tbody>\n<\/table>\n","protected":false},"excerpt":{"rendered":"<p>Upland Game Vest X 2.0 \u00e4r det perfekta tillbeh\u00f6ret f\u00f6r jakt p\u00e5 h\u00f6glandsvilt och kaniner och har en m\u00e4ngd innovativa funktioner. Axelremmarna \u00e4r ultratunna f\u00f6r maximal skjutkomfort och den har \u00e4ven en l\u00e4tt, ventilerad rygg- och midjeb\u00e4lteskonstruktion. Upland Game Vest X 2.0 \u00e4r den f\u00f6rsta v\u00e4sten p\u00e5 marknaden som har b\u00e5de ett expanderbart och avtagbart [&#8230;]\n","protected":false},"featured_media":282697,"comment_status":"open","ping_status":"closed","template":"","meta":[],"product_brand":[],"product_cat":[2565,2612,2611],"product_tag":[],"class_list":{"0":"post-285550","1":"product","2":"type-product","3":"status-publish","4":"has-post-thumbnail","6":"product_cat-jaktryggsackar","7":"product_cat-jaktvaskor-och-ryggsackar","8":"product_cat-tillbehor","10":"first","11":"outofstock","12":"taxable","13":"shipping-taxable","14":"purchasable","15":"product-type-simple"},"composite_virtual":false,"composite_layout":"","composite_add_to_cart_form_location":"","composite_editable_in_cart":false,"composite_sold_individually_context":"","composite_shop_price_calc":"","composite_components":[],"composite_scenarios":[],"group_of_quantity":0,"min_quantity":0,"max_quantity":"","exclude_order_quantity_value_rules":"no","exclude_category_quantity_rules":"no","combine_variations":"no","exclude_global_add_ons":[],"addons":[],"_links":{"self":[{"href":"https:\/\/www.huntersfriend.eu\/sv\/wp-json\/wp\/v2\/product\/285550","targetHints":{"allow":["GET"]}}],"collection":[{"href":"https:\/\/www.huntersfriend.eu\/sv\/wp-json\/wp\/v2\/product"}],"about":[{"href":"https:\/\/www.huntersfriend.eu\/sv\/wp-json\/wp\/v2\/types\/product"}],"replies":[{"embeddable":true,"href":"https:\/\/www.huntersfriend.eu\/sv\/wp-json\/wp\/v2\/comments?post=285550"}],"wp:featuredmedia":[{"embeddable":true,"href":"https:\/\/www.huntersfriend.eu\/sv\/wp-json\/wp\/v2\/media\/282697"}],"wp:attachment":[{"href":"https:\/\/www.huntersfriend.eu\/sv\/wp-json\/wp\/v2\/media?parent=285550"}],"wp:term":[{"taxonomy":"product_brand","embeddable":true,"href":"https:\/\/www.huntersfriend.eu\/sv\/wp-json\/wp\/v2\/product_brand?post=285550"},{"taxonomy":"product_cat","embeddable":true,"href":"https:\/\/www.huntersfriend.eu\/sv\/wp-json\/wp\/v2\/product_cat?post=285550"},{"taxonomy":"product_tag","embeddable":true,"href":"https:\/\/www.huntersfriend.eu\/sv\/wp-json\/wp\/v2\/product_tag?post=285550"}],"curies":[{"name":"wp","href":"https:\/\/api.w.org\/{rel}","templated":true}]}}