{"id":285549,"date":"2025-06-14T01:06:10","date_gmt":"2025-06-13T23:06:10","guid":{"rendered":"https:\/\/www.huntersfriend.eu\/product\/alps-outdoorz-little-bear\/"},"modified":"2026-03-18T10:51:31","modified_gmt":"2026-03-18T08:51:31","slug":"alps-outdoorz-little-bear","status":"publish","type":"product","link":"https:\/\/www.huntersfriend.eu\/sv\/produkt\/alps-outdoorz-little-bear\/","title":{"rendered":"Alps outdoorz Little Bear"},"content":{"rendered":"<p>Little Bear-midjev\u00e4skan \u00e4r vad du beh\u00f6ver f\u00f6r din n\u00e4sta utflykt av s\u00e5 m\u00e5nga anledningar \u2013 oavsett om du ska jaga, spana eller bara till din pass. Med fyra fickor i olika storlekar och 8 liter har du tillr\u00e4ckligt med utrymme f\u00f6r att f\u00f6rvara din lilla utrustning och h\u00e5lla den organiserad. Det finns en avtagbar axelrem s\u00e5 beroende p\u00e5 din resa och vikten du b\u00e4r kan du ta med den eller l\u00e4mna den hemma. Det vadderade midjeb\u00e4ltet maximerar komfortniv\u00e5n s\u00e5 att du knappt vet att du b\u00e4r v\u00e4skan. Vi har gjort Little Bear mer modul\u00e4r genom att l\u00e4gga till ett kikarsikte eller ett alternativ f\u00f6r kalkonlockficka. B\u00e5da dessa alternativ kan f\u00e4stas p\u00e5 framsidan av Little Bear beroende p\u00e5 dina specifika behov, eller s\u00e5 \u00e4r Little Bear funktionell p\u00e5 egen hand.     <\/p>\n<p>9410119 REALTREE APX<\/p>\n<p>\u2022 Huvudficka, tv\u00e5 sidofickor f\u00f6r tillbeh\u00f6r och en framficka<\/p>\n<p>\u2022 Avtagbar axelrem<\/p>\n<p>\u2022 Avtagbart, vadderat midjeb\u00e4lte med tv\u00e5 fickor<\/p>\n<p>\u2022 Kompatibel med <a href=\"https:\/\/alpsoutdoorz.com\/accessory-binocular-pocket.html\">Accessory Binocular Pocket<\/a> och <a href=\"https:\/\/alpsoutdoorz.com\/accessory-call-pockets.html\">Accessory Call Pockets<\/a> (s\u00e4ljs separat)<\/p>\n<table border=\"3\">\n<tbody>\n<tr align=\"CENTER\">\n<td><b>Kapacitet<\/b><\/td>\n<td>8L \/ 500 in\u00b3<\/td>\n<\/tr>\n<tr align=\"CENTER\">\n<td><b>Huvudfackets m\u00e5tt<\/b><\/td>\n<td>8.5&#8243; H x 11.5&#8243; W x 3.5&#8243; D<\/td>\n<\/tr>\n<tr align=\"CENTER\">\n<td><b>Midjeb\u00e4ltets r\u00e4ckvidd<\/b><\/td>\n<td>30 &#8211; 54&#8243;<\/td>\n<\/tr>\n<tr align=\"CENTER\">\n<td><b>Vikt<\/b><\/td>\n<td>2 lbs. 2 oz. <\/td>\n<\/tr>\n<\/tbody>\n<\/table>\n","protected":false},"excerpt":{"rendered":"<p>Little Bear-midjev\u00e4skan \u00e4r vad du beh\u00f6ver f\u00f6r din n\u00e4sta utflykt av s\u00e5 m\u00e5nga anledningar \u2013 oavsett om du ska jaga, spana eller bara till din pass. Med fyra fickor i olika storlekar och 8 liter har du tillr\u00e4ckligt med utrymme f\u00f6r att f\u00f6rvara din lilla utrustning och h\u00e5lla den organiserad. Det finns en avtagbar axelrem [&#8230;]\n","protected":false},"featured_media":282780,"comment_status":"open","ping_status":"closed","template":"","meta":[],"product_brand":[],"product_cat":[2565],"product_tag":[],"class_list":{"0":"post-285549","1":"product","2":"type-product","3":"status-publish","4":"has-post-thumbnail","6":"product_cat-jaktryggsackar","7":"product_shipping_class-medium-sv","9":"first","10":"outofstock","11":"taxable","12":"shipping-taxable","13":"purchasable","14":"product-type-simple"},"composite_virtual":false,"composite_layout":"","composite_add_to_cart_form_location":"","composite_editable_in_cart":false,"composite_sold_individually_context":"","composite_shop_price_calc":"","composite_components":[],"composite_scenarios":[],"group_of_quantity":0,"min_quantity":0,"max_quantity":"","exclude_order_quantity_value_rules":"no","exclude_category_quantity_rules":"no","combine_variations":"no","exclude_global_add_ons":[],"addons":[],"_links":{"self":[{"href":"https:\/\/www.huntersfriend.eu\/sv\/wp-json\/wp\/v2\/product\/285549","targetHints":{"allow":["GET"]}}],"collection":[{"href":"https:\/\/www.huntersfriend.eu\/sv\/wp-json\/wp\/v2\/product"}],"about":[{"href":"https:\/\/www.huntersfriend.eu\/sv\/wp-json\/wp\/v2\/types\/product"}],"replies":[{"embeddable":true,"href":"https:\/\/www.huntersfriend.eu\/sv\/wp-json\/wp\/v2\/comments?post=285549"}],"wp:featuredmedia":[{"embeddable":true,"href":"https:\/\/www.huntersfriend.eu\/sv\/wp-json\/wp\/v2\/media\/282780"}],"wp:attachment":[{"href":"https:\/\/www.huntersfriend.eu\/sv\/wp-json\/wp\/v2\/media?parent=285549"}],"wp:term":[{"taxonomy":"product_brand","embeddable":true,"href":"https:\/\/www.huntersfriend.eu\/sv\/wp-json\/wp\/v2\/product_brand?post=285549"},{"taxonomy":"product_cat","embeddable":true,"href":"https:\/\/www.huntersfriend.eu\/sv\/wp-json\/wp\/v2\/product_cat?post=285549"},{"taxonomy":"product_tag","embeddable":true,"href":"https:\/\/www.huntersfriend.eu\/sv\/wp-json\/wp\/v2\/product_tag?post=285549"}],"curies":[{"name":"wp","href":"https:\/\/api.w.org\/{rel}","templated":true}]}}