{"id":285548,"date":"2025-06-13T00:39:26","date_gmt":"2025-06-12T22:39:26","guid":{"rendered":"https:\/\/www.huntersfriend.eu\/product\/primedge-ergosteel-ii-knivslip\/"},"modified":"2025-09-10T14:14:52","modified_gmt":"2025-09-10T12:14:52","slug":"primedge-ergosteel-ii-knivslip","status":"publish","type":"product","link":"https:\/\/www.huntersfriend.eu\/sv\/produkt\/primedge-ergosteel-ii-knivslip\/","title":{"rendered":"PRIMedge ErgoSteel II knivslip"},"content":{"rendered":"<p data-start=\"0\" data-end=\"413\">Med den l\u00e4ttanv\u00e4nda PRIMEdge ErgoSteel II knivslipen kan du enkelt underh\u00e5lla sk\u00e4rpan p\u00e5 dina knivar. Denna underh\u00e5llsslip \u00e4r utformad f\u00f6r professionellt bruk och har \u00f6verlappande st\u00e5lst\u00e4nger som \u00e4r exakt sp\u00e4nda f\u00f6r att ge det perfekta motst\u00e5ndet mellan kniven och st\u00e4ngerna \u2013 vilket sk\u00e4rper b\u00e5da sidor av bladet snabbt och enkelt samtidigt. <\/p>\n<p data-start=\"415\" data-end=\"598\">PRIMEdge ErgoSteel II-slipen kan antingen monteras p\u00e5 kanten av ett bord eller placeras p\u00e5 det medf\u00f6ljande stativet. Det l\u00e4tta, kompakta stativet \u00e4r l\u00e4tt att f\u00f6rvara, underh\u00e5lla och reng\u00f6ra. <\/p>\n<p data-start=\"600\" data-end=\"619\"><strong data-start=\"600\" data-end=\"617\">Viktiga funktioner:<\/strong><\/p>\n<ul data-start=\"620\" data-end=\"902\" data-is-last-node=\"\" data-is-only-node=\"\">\n<li data-start=\"620\" data-end=\"635\">\n<p data-start=\"622\" data-end=\"635\">L\u00e4tt att anv\u00e4nda<\/p>\n<\/li>\n<li data-start=\"636\" data-end=\"706\">\n<p data-start=\"638\" data-end=\"706\">Snabb knivunderh\u00e5llsslipning \u2013 perfekt bladvinkel p\u00e5 n\u00e5gra sekunder<\/p>\n<\/li>\n<li data-start=\"707\" data-end=\"796\">\n<p data-start=\"709\" data-end=\"796\">Designad f\u00f6r professionellt bruk; anv\u00e4nds ofta inom livsmedelsindustrin och slakterier<\/p>\n<\/li>\n<li data-start=\"797\" data-end=\"863\">\n<p data-start=\"799\" data-end=\"863\">Kan monteras p\u00e5 en bordskant eller placeras p\u00e5 det medf\u00f6ljande stativet<\/p>\n<\/li>\n<li data-start=\"864\" data-end=\"902\" data-is-last-node=\"\">\n<p data-start=\"866\" data-end=\"902\" data-is-last-node=\"\">L\u00e4tt och snabb att underh\u00e5lla och reng\u00f6ra<\/p>\n<\/li>\n<\/ul>\n","protected":false},"excerpt":{"rendered":"<p>Med den l\u00e4ttanv\u00e4nda PRIMEdge ErgoSteel II knivslipen kan du enkelt underh\u00e5lla sk\u00e4rpan p\u00e5 dina knivar. Denna underh\u00e5llsslip \u00e4r utformad f\u00f6r professionellt bruk och har \u00f6verlappande st\u00e5lst\u00e4nger som \u00e4r exakt sp\u00e4nda f\u00f6r att ge det perfekta motst\u00e5ndet mellan kniven och st\u00e4ngerna \u2013 vilket sk\u00e4rper b\u00e5da sidor av bladet snabbt och enkelt samtidigt. PRIMEdge ErgoSteel II-slipen kan [&#8230;]\n","protected":false},"featured_media":295739,"comment_status":"open","ping_status":"closed","template":"","meta":[],"product_brand":[],"product_cat":[2610],"product_tag":[],"class_list":{"0":"post-285548","1":"product","2":"type-product","3":"status-publish","4":"has-post-thumbnail","6":"product_cat-knivar-yxor-och-slipar","8":"first","9":"instock","10":"taxable","11":"shipping-taxable","12":"purchasable","13":"product-type-simple"},"composite_virtual":false,"composite_layout":"","composite_add_to_cart_form_location":"","composite_editable_in_cart":false,"composite_sold_individually_context":"","composite_shop_price_calc":"","composite_components":[],"composite_scenarios":[],"group_of_quantity":0,"min_quantity":0,"max_quantity":"","exclude_order_quantity_value_rules":"no","exclude_category_quantity_rules":"no","combine_variations":"no","exclude_global_add_ons":[],"addons":[],"_links":{"self":[{"href":"https:\/\/www.huntersfriend.eu\/sv\/wp-json\/wp\/v2\/product\/285548","targetHints":{"allow":["GET"]}}],"collection":[{"href":"https:\/\/www.huntersfriend.eu\/sv\/wp-json\/wp\/v2\/product"}],"about":[{"href":"https:\/\/www.huntersfriend.eu\/sv\/wp-json\/wp\/v2\/types\/product"}],"replies":[{"embeddable":true,"href":"https:\/\/www.huntersfriend.eu\/sv\/wp-json\/wp\/v2\/comments?post=285548"}],"wp:featuredmedia":[{"embeddable":true,"href":"https:\/\/www.huntersfriend.eu\/sv\/wp-json\/wp\/v2\/media\/295739"}],"wp:attachment":[{"href":"https:\/\/www.huntersfriend.eu\/sv\/wp-json\/wp\/v2\/media?parent=285548"}],"wp:term":[{"taxonomy":"product_brand","embeddable":true,"href":"https:\/\/www.huntersfriend.eu\/sv\/wp-json\/wp\/v2\/product_brand?post=285548"},{"taxonomy":"product_cat","embeddable":true,"href":"https:\/\/www.huntersfriend.eu\/sv\/wp-json\/wp\/v2\/product_cat?post=285548"},{"taxonomy":"product_tag","embeddable":true,"href":"https:\/\/www.huntersfriend.eu\/sv\/wp-json\/wp\/v2\/product_tag?post=285548"}],"curies":[{"name":"wp","href":"https:\/\/api.w.org\/{rel}","templated":true}]}}