{"id":285546,"date":"2025-06-11T00:34:13","date_gmt":"2025-06-10T22:34:13","guid":{"rendered":"https:\/\/www.huntersfriend.eu\/product\/jetboil-flash-2-0-pcs-10l-matlagningssystem\/"},"modified":"2026-03-16T09:07:11","modified_gmt":"2026-03-16T07:07:11","slug":"jetboil-flash-2-0-pcs-10l-matlagningssystem","status":"publish","type":"product","link":"https:\/\/www.huntersfriend.eu\/sv\/produkt\/jetboil-flash-2-0-pcs-10l-matlagningssystem\/","title":{"rendered":"Jetboil Flash 2.0 PCS 1,0L matlagningssystem"},"content":{"rendered":"<p data-start=\"0\" data-end=\"94\"><strong data-start=\"0\" data-end=\"92\">Jetboil Flash 2.0 PCS \u2013 ultrasnabbt och kompakt matlagningssystem f\u00f6r utomhusbruk och fritid<\/strong><\/p>\n<p data-start=\"96\" data-end=\"542\">Jetboil Flash 2.0 PCS \u00e4r ett p\u00e5litligt, effektivt och l\u00e4ttanv\u00e4nt allt-i-ett portabelt matlagningssystem som \u00e4r speciellt utformat f\u00f6r aktiva utomhus\u00e4ventyr, familjeanv\u00e4ndning och f\u00e4ltarbete. Det \u00e4r idealiskt f\u00f6r att koka vatten, g\u00f6ra kaffe och v\u00e4rma soppor eller f\u00e4rdigmat. Flash 2.0 kombinerar blixtsnabb koktid, l\u00e4ttviktsdesign, s\u00e4kerhet och packbarhet i en kompakt enhet \u2013 alla delar passar snyggt inuti varandra f\u00f6r enkel transport.  <\/p>\n<hr data-start=\"544\" data-end=\"547\">\n<h3 data-start=\"549\" data-end=\"578\"><strong data-start=\"553\" data-end=\"576\">TEKNISKA EGENSKAPER:<\/strong><\/h3>\n<p data-start=\"579\" data-end=\"653\"><strong data-start=\"579\" data-end=\"595\">V\u00e4rmeeffekt:<\/strong> Upp till 9 000 BTU (2,6 kW) \u2013 extremt snabb v\u00e4rme\u00f6verf\u00f6ring<\/p>\n<p data-start=\"655\" data-end=\"756\"><strong data-start=\"655\" data-end=\"669\">Koktid:<\/strong> Kokar 0,5 liter vatten p\u00e5 bara <strong data-start=\"704\" data-end=\"727\">1 minut 40 sekunder<\/strong> med Jetboil Jetpower-gas<\/p>\n<p data-start=\"758\" data-end=\"852\"><strong data-start=\"758\" data-end=\"769\">Br\u00e4nnare:<\/strong> Ny generations br\u00e4nnare med piezo-t\u00e4ndning \u2013 snabb och p\u00e5litlig t\u00e4ndning med ett klick<\/p>\n<p data-start=\"854\" data-end=\"979\"><strong data-start=\"854\" data-end=\"883\">FluxRing\u00ae v\u00e4rmev\u00e4xlare:<\/strong> Patenterad basstruktur minimerar v\u00e4rmef\u00f6rlust och presterar effektivt \u00e4ven i bl\u00e5siga f\u00f6rh\u00e5llanden<\/p>\n<hr data-start=\"981\" data-end=\"984\">\n<h3 data-start=\"986\" data-end=\"1021\"><strong data-start=\"990\" data-end=\"1019\">MATL AGNINGSKOPP &amp; ISOLERING:<\/strong><\/h3>\n<ul data-start=\"1022\" data-end=\"1443\">\n<li data-start=\"1022\" data-end=\"1085\">\n<p data-start=\"1024\" data-end=\"1085\"><strong data-start=\"1024\" data-end=\"1037\">Kapacitet:<\/strong> 1,0 liter, med inv\u00e4ndiga m\u00e5ttmarkeringar<\/p>\n<\/li>\n<li data-start=\"1086\" data-end=\"1160\">\n<p data-start=\"1088\" data-end=\"1160\"><strong data-start=\"1088\" data-end=\"1101\">Material:<\/strong> T\u00e5lig aluminiumkopp med integrerad v\u00e4rmev\u00e4xlarbas<\/p>\n<\/li>\n<li data-start=\"1161\" data-end=\"1227\">\n<p data-start=\"1163\" data-end=\"1227\"><strong data-start=\"1163\" data-end=\"1194\">Isolerande neoprenhylsa:<\/strong> Sparar br\u00e4nsle och f\u00f6rb\u00e4ttrar s\u00e4kerheten<\/p>\n<\/li>\n<li data-start=\"1228\" data-end=\"1384\">\n<p data-start=\"1230\" data-end=\"1384\"><strong data-start=\"1230\" data-end=\"1249\">V\u00e4rmeindikator:<\/strong> F\u00e4rgskiftande remsa p\u00e5 hylsan visar v\u00e4tsketemperatur och indikerar n\u00e4r inneh\u00e5llet \u00e4r klart \u2013 hj\u00e4lper till att f\u00f6rhindra on\u00f6dig br\u00e4nslef\u00f6rbrukning<\/p>\n<\/li>\n<li data-start=\"1385\" data-end=\"1443\">\n<p data-start=\"1387\" data-end=\"1443\"><strong data-start=\"1387\" data-end=\"1409\">Drickv\u00e4nligt lock:<\/strong> Fungerar \u00e4ven som pip och sil<\/p>\n<\/li>\n<\/ul>\n<hr data-start=\"1445\" data-end=\"1448\">\n<h3 data-start=\"1450\" data-end=\"1481\"><strong data-start=\"1454\" data-end=\"1479\">PACKAD STORLEK &amp; VIKT:<\/strong><\/h3>\n<ul data-start=\"1482\" data-end=\"1752\">\n<li data-start=\"1482\" data-end=\"1547\">\n<p data-start=\"1484\" data-end=\"1547\"><strong data-start=\"1484\" data-end=\"1506\">Packade m\u00e5tt:<\/strong> H\u00f6jd 180 mm, inv\u00e4ndig diameter 95 mm<\/p>\n<\/li>\n<li data-start=\"1548\" data-end=\"1633\">\n<p data-start=\"1550\" data-end=\"1633\"><strong data-start=\"1550\" data-end=\"1561\">Vikt:<\/strong> Endast 371 g (exklusive gasbeh\u00e5llare) \u2013 bland de l\u00e4ttaste i sin klass<\/p>\n<\/li>\n<li data-start=\"1634\" data-end=\"1752\">\n<p data-start=\"1636\" data-end=\"1752\"><strong data-start=\"1636\" data-end=\"1655\">Kompakt design:<\/strong> Alla komponenter \u2013 br\u00e4nnare, kopp, lock, stativ och till och med en 100 g gasbeh\u00e5llare \u2013 passar snyggt ihop<\/p>\n<\/li>\n<\/ul>\n<hr data-start=\"1754\" data-end=\"1757\">\n<h3 data-start=\"1759\" data-end=\"1778\"><strong data-start=\"1763\" data-end=\"1776\">INKLUDERAR:<\/strong><\/h3>\n<ul data-start=\"1779\" data-end=\"2107\">\n<li data-start=\"1779\" data-end=\"1837\">\n<p data-start=\"1781\" data-end=\"1837\">Jetboil Flash 2.0-br\u00e4nnare med integrerad piezo-t\u00e4ndare<\/p>\n<\/li>\n<li data-start=\"1838\" data-end=\"1903\">\n<p data-start=\"1840\" data-end=\"1903\">1,0 L matlagningskopp med neoprenisolering och v\u00e4rmeindikator<\/p>\n<\/li>\n<li data-start=\"1904\" data-end=\"1925\">\n<p data-start=\"1906\" data-end=\"1925\">Drickv\u00e4nligt lock<\/p>\n<\/li>\n<li data-start=\"1926\" data-end=\"2005\">\n<p data-start=\"1928\" data-end=\"2005\">Skyddande bottenk\u00e5pa f\u00f6r FluxRing\u00ae (kan \u00e4ven anv\u00e4ndas som en m\u00e4tkopp)<\/p>\n<\/li>\n<li data-start=\"2006\" data-end=\"2107\">\n<p data-start=\"2008\" data-end=\"2107\">Vikbart stativ f\u00f6r gasbeh\u00e5llare f\u00f6r \u00f6kad stabilitet och s\u00e4kerhet<br data-start=\"2073\" data-end=\"2076\">(<em data-start=\"2077\" data-end=\"2104\">Gasbeh\u00e5llare ing\u00e5r ej<\/em>)<\/p>\n<\/li>\n<\/ul>\n<hr data-start=\"2109\" data-end=\"2112\">\n<h3 data-start=\"2114\" data-end=\"2152\"><strong data-start=\"2118\" data-end=\"2150\">KOMPATIBILITET &amp; PRESTANDA:<\/strong><\/h3>\n<ul data-start=\"2153\" data-end=\"2390\">\n<li data-start=\"2153\" data-end=\"2227\">\n<p data-start=\"2155\" data-end=\"2227\">Kompatibel med standard g\u00e4ngade gasbeh\u00e5llare fr\u00e5n de flesta stora m\u00e4rken<\/p>\n<\/li>\n<li data-start=\"2228\" data-end=\"2320\">\n<p data-start=\"2230\" data-end=\"2320\">Optimerad prestanda med Jetboil Jetpower-gas \u2013 speciellt l\u00e4mplig f\u00f6r anv\u00e4ndning i kallt v\u00e4der<\/p>\n<\/li>\n<li data-start=\"2321\" data-end=\"2390\">\n<p data-start=\"2323\" data-end=\"2390\">En 100 g Jetpower-beh\u00e5llare kan koka upp till <strong data-start=\"2366\" data-end=\"2388\">10 liter vatten<\/strong><\/p>\n<\/li>\n<\/ul>\n<hr data-start=\"2392\" data-end=\"2395\">\n<p data-start=\"2397\" data-end=\"2692\" data-is-last-node=\"\" data-is-only-node=\"\"><strong data-start=\"2401\" data-end=\"2426\">Jetboil Flash 2.0 PCS<\/strong> \u00e4r den perfekta l\u00f6sningen n\u00e4r du vill <strong data-start=\"2468\" data-end=\"2512\">maximera prestanda och minimera kr\u00e5ngel<\/strong> utomhus, p\u00e5 resor, p\u00e5 arbetsplatser eller i stugan. Dess snabbhet, kompakta design och anv\u00e4ndarv\u00e4nlighet g\u00f6r det till ett <strong data-start=\"2625\" data-end=\"2647\">oumb\u00e4rligt verktyg<\/strong> f\u00f6r soloexpeditioner eller utflykter med hela familjen. <\/p>\n","protected":false},"excerpt":{"rendered":"<p>Jetboil Flash 2.0 PCS \u2013 ultrasnabbt och kompakt matlagningssystem f\u00f6r utomhusbruk och fritid Jetboil Flash 2.0 PCS \u00e4r ett p\u00e5litligt, effektivt och l\u00e4ttanv\u00e4nt allt-i-ett portabelt matlagningssystem som \u00e4r speciellt utformat f\u00f6r aktiva utomhus\u00e4ventyr, familjeanv\u00e4ndning och f\u00e4ltarbete. Det \u00e4r idealiskt f\u00f6r att koka vatten, g\u00f6ra kaffe och v\u00e4rma soppor eller f\u00e4rdigmat. Flash 2.0 kombinerar blixtsnabb koktid, [&#8230;]\n","protected":false},"featured_media":282748,"comment_status":"open","ping_status":"closed","template":"","meta":[],"product_brand":[],"product_cat":[2567],"product_tag":[],"class_list":{"0":"post-285546","1":"product","2":"type-product","3":"status-publish","4":"has-post-thumbnail","6":"product_cat-campingtillbehor","8":"first","9":"instock","10":"taxable","11":"shipping-taxable","12":"purchasable","13":"product-type-simple"},"composite_virtual":false,"composite_layout":"","composite_add_to_cart_form_location":"","composite_editable_in_cart":false,"composite_sold_individually_context":"","composite_shop_price_calc":"","composite_components":[],"composite_scenarios":[],"group_of_quantity":0,"min_quantity":0,"max_quantity":"","exclude_order_quantity_value_rules":"no","exclude_category_quantity_rules":"no","combine_variations":"no","exclude_global_add_ons":[],"addons":[],"_links":{"self":[{"href":"https:\/\/www.huntersfriend.eu\/sv\/wp-json\/wp\/v2\/product\/285546","targetHints":{"allow":["GET"]}}],"collection":[{"href":"https:\/\/www.huntersfriend.eu\/sv\/wp-json\/wp\/v2\/product"}],"about":[{"href":"https:\/\/www.huntersfriend.eu\/sv\/wp-json\/wp\/v2\/types\/product"}],"replies":[{"embeddable":true,"href":"https:\/\/www.huntersfriend.eu\/sv\/wp-json\/wp\/v2\/comments?post=285546"}],"wp:featuredmedia":[{"embeddable":true,"href":"https:\/\/www.huntersfriend.eu\/sv\/wp-json\/wp\/v2\/media\/282748"}],"wp:attachment":[{"href":"https:\/\/www.huntersfriend.eu\/sv\/wp-json\/wp\/v2\/media?parent=285546"}],"wp:term":[{"taxonomy":"product_brand","embeddable":true,"href":"https:\/\/www.huntersfriend.eu\/sv\/wp-json\/wp\/v2\/product_brand?post=285546"},{"taxonomy":"product_cat","embeddable":true,"href":"https:\/\/www.huntersfriend.eu\/sv\/wp-json\/wp\/v2\/product_cat?post=285546"},{"taxonomy":"product_tag","embeddable":true,"href":"https:\/\/www.huntersfriend.eu\/sv\/wp-json\/wp\/v2\/product_tag?post=285546"}],"curies":[{"name":"wp","href":"https:\/\/api.w.org\/{rel}","templated":true}]}}