{"id":285545,"date":"2025-06-14T01:06:10","date_gmt":"2025-06-13T23:06:10","guid":{"rendered":"https:\/\/www.huntersfriend.eu\/product\/alps-outdoorz-prospector-ryggsack\/"},"modified":"2025-08-26T10:30:58","modified_gmt":"2025-08-26T08:30:58","slug":"alps-outdoorz-prospector-ryggsack","status":"publish","type":"product","link":"https:\/\/www.huntersfriend.eu\/sv\/produkt\/alps-outdoorz-prospector-ryggsack\/","title":{"rendered":"Alps outdoorz prospector-ryggs\u00e4ck"},"content":{"rendered":"<p>Prospector \u00e4r en utm\u00e4rkt ryggs\u00e4ck att ta med till passet n\u00e4r bara det v\u00e4sentliga beh\u00f6vs. Om du har snacks, dofter, en GPS och andra sm\u00e5 prylar att ta med dig \u00e4r Prospector den perfekta storleken. Den har en k\u00e4nguruficka p\u00e5 framsidan, med kompressionsremmar p\u00e5 sidorna, som g\u00f6r att du kan stoppa in regnkl\u00e4der eller extra utrustning s\u00e5 att du enkelt kan komma \u00e5t den (och du kan ta med dig \u00e4nnu mer utrustning som inte alltid f\u00e5r plats i ryggs\u00e4cken). Det finns ocks\u00e5 ett elastiskt sn\u00f6rsystem p\u00e5 framsidan som g\u00f6r att du antingen kan f\u00e4sta sm\u00e5 f\u00f6rem\u00e5l p\u00e5 eller skjuta in en jacka i.   <\/p>\n<p>\u2022 huvudfack med #8-dragkedja<\/p>\n<p>\u2022 k\u00e4nguruficka fram med kompressionsremmar<\/p>\n<p>\u2022 vadderat midjeb\u00e4lte<\/p>\n<p>\u2022 Tv\u00e5 vattenflaskh\u00e5llare<\/p>\n<p>\u2022 elastiskt sn\u00f6rsystem fram<\/p>\n<table border=\"3\">\n<tbody>\n<tr align=\"CENTER\">\n<td><b>Kapacitet<\/b><\/td>\n<td>6 l \/ 400 in\u00b3<\/td>\n<\/tr>\n<tr align=\"CENTER\">\n<td><b>Huvudfackets m\u00e5tt<\/b><\/td>\n<td>8&#8243; H x 10,5&#8243; B x 4&#8243; D<\/td>\n<\/tr>\n<tr align=\"CENTER\">\n<td><b>Midjeb\u00e4ltets omf\u00e5ng<\/b><\/td>\n<td>24\u201352&#8243;<\/td>\n<\/tr>\n<tr align=\"CENTER\">\n<td><b>Vikt<\/b><\/td>\n<td>15 oz.<\/td>\n<\/tr>\n<\/tbody>\n<\/table>\n","protected":false},"excerpt":{"rendered":"<p>Prospector \u00e4r en utm\u00e4rkt ryggs\u00e4ck att ta med till passet n\u00e4r bara det v\u00e4sentliga beh\u00f6vs. Om du har snacks, dofter, en GPS och andra sm\u00e5 prylar att ta med dig \u00e4r Prospector den perfekta storleken. Den har en k\u00e4nguruficka p\u00e5 framsidan, med kompressionsremmar p\u00e5 sidorna, som g\u00f6r att du kan stoppa in regnkl\u00e4der eller extra [&#8230;]\n","protected":false},"featured_media":282736,"comment_status":"open","ping_status":"closed","template":"","meta":[],"product_brand":[],"product_cat":[2565,2566,2523],"product_tag":[],"class_list":{"0":"post-285545","1":"product","2":"type-product","3":"status-publish","4":"has-post-thumbnail","6":"product_cat-jaktryggsackar","7":"product_cat-jaktvaskor","8":"product_cat-ryggsackar","10":"first","11":"instock","12":"taxable","13":"shipping-taxable","14":"purchasable","15":"product-type-simple"},"composite_virtual":false,"composite_layout":"","composite_add_to_cart_form_location":"","composite_editable_in_cart":false,"composite_sold_individually_context":"","composite_shop_price_calc":"","composite_components":[],"composite_scenarios":[],"group_of_quantity":0,"min_quantity":0,"max_quantity":"","exclude_order_quantity_value_rules":"no","exclude_category_quantity_rules":"no","combine_variations":"no","exclude_global_add_ons":[],"addons":[],"_links":{"self":[{"href":"https:\/\/www.huntersfriend.eu\/sv\/wp-json\/wp\/v2\/product\/285545","targetHints":{"allow":["GET"]}}],"collection":[{"href":"https:\/\/www.huntersfriend.eu\/sv\/wp-json\/wp\/v2\/product"}],"about":[{"href":"https:\/\/www.huntersfriend.eu\/sv\/wp-json\/wp\/v2\/types\/product"}],"replies":[{"embeddable":true,"href":"https:\/\/www.huntersfriend.eu\/sv\/wp-json\/wp\/v2\/comments?post=285545"}],"wp:featuredmedia":[{"embeddable":true,"href":"https:\/\/www.huntersfriend.eu\/sv\/wp-json\/wp\/v2\/media\/282736"}],"wp:attachment":[{"href":"https:\/\/www.huntersfriend.eu\/sv\/wp-json\/wp\/v2\/media?parent=285545"}],"wp:term":[{"taxonomy":"product_brand","embeddable":true,"href":"https:\/\/www.huntersfriend.eu\/sv\/wp-json\/wp\/v2\/product_brand?post=285545"},{"taxonomy":"product_cat","embeddable":true,"href":"https:\/\/www.huntersfriend.eu\/sv\/wp-json\/wp\/v2\/product_cat?post=285545"},{"taxonomy":"product_tag","embeddable":true,"href":"https:\/\/www.huntersfriend.eu\/sv\/wp-json\/wp\/v2\/product_tag?post=285545"}],"curies":[{"name":"wp","href":"https:\/\/api.w.org\/{rel}","templated":true}]}}