{"id":285542,"date":"2025-06-05T10:03:02","date_gmt":"2025-06-05T08:03:02","guid":{"rendered":"https:\/\/www.huntersfriend.eu\/product\/alpinism-torrpackssack\/"},"modified":"2025-08-26T10:30:56","modified_gmt":"2025-08-26T08:30:56","slug":"alpinism-torrpackssack","status":"publish","type":"product","link":"https:\/\/www.huntersfriend.eu\/sv\/produkt\/alpinism-torrpackssack\/","title":{"rendered":"Alpinism torrpackss\u00e4ck"},"content":{"rendered":"<p>Dry Sack \u00e4r en kompressionss\u00e4ck med Air Control. Air Control \u00e4r ett vattent\u00e4tt, luftgenomsl\u00e4ppligt tyg som g\u00f6r att du kan pressa ut luften men inte sl\u00e4ppa in vatten. Detta h\u00f6gteknologiska tyg ger dig m\u00f6jligheten att komprimera inneh\u00e5llet samtidigt som det bibeh\u00e5ller sin vattent\u00e4ta integritet fullt ut. Dry Sack \u00e4r den perfekta kompressionss\u00e4cken f\u00f6r v\u00e5ta milj\u00f6er (ej s\u00e4nkbar).   <\/p>\n<ul>\n<li>Vattent\u00e4t kompressionss\u00e4ck<\/li>\n<li>Air Control-tyg i botten g\u00f6r att luften kan pressas ut<\/li>\n<li>70D nylon ripstop-sidor med vattent\u00e4t bel\u00e4ggning<\/li>\n<li>Vattent\u00e4ta tejpade s\u00f6mmar<\/li>\n<li>Bottenhandtag<\/li>\n<li>F\u00f6rst\u00e4rkta stresspunkter<\/li>\n<li>Stark och slitstark nylonv\u00e4v<\/li>\n<\/ul>\n<table>\n<tbody>\n<tr>\n<td colspan=\"2\"><strong>10L<\/strong><\/td>\n<\/tr>\n<tr>\n<td><strong>Kapacitet<\/strong><\/td>\n<td>10L \/ 615 in\u00b3<\/td>\n<\/tr>\n<tr>\n<td><strong>M\u00e5tt<\/strong><\/td>\n<td>16 \u201cL x 7\u201d D<\/td>\n<\/tr>\n<tr>\n<td><strong>Vikt<\/strong><\/td>\n<td>4.8 oz.<\/td>\n<\/tr>\n<tr>\n<td colspan=\"2\"><strong>20L<\/strong><\/td>\n<\/tr>\n<tr>\n<td><strong>Kapacitet<\/strong><\/td>\n<td>20L \/ 1220 in\u00b3<\/td>\n<\/tr>\n<tr>\n<td><strong>M\u00e5tt<\/strong><\/td>\n<td>20 \u201cL x 9\u201d D<\/td>\n<\/tr>\n<tr>\n<td><strong>Vikt<\/strong><\/td>\n<td>6.4 oz.<\/td>\n<\/tr>\n<\/tbody>\n<\/table>\n","protected":false},"excerpt":{"rendered":"<p>Dry Sack \u00e4r en kompressionss\u00e4ck med Air Control. Air Control \u00e4r ett vattent\u00e4tt, luftgenomsl\u00e4ppligt tyg som g\u00f6r att du kan pressa ut luften men inte sl\u00e4ppa in vatten. Detta h\u00f6gteknologiska tyg ger dig m\u00f6jligheten att komprimera inneh\u00e5llet samtidigt som det bibeh\u00e5ller sin vattent\u00e4ta integritet fullt ut. Dry Sack \u00e4r den perfekta kompressionss\u00e4cken f\u00f6r v\u00e5ta milj\u00f6er [&#8230;]\n","protected":false},"featured_media":278749,"comment_status":"open","ping_status":"closed","template":"","meta":[],"product_brand":[],"product_cat":[2567],"product_tag":[],"class_list":{"0":"post-285542","1":"product","2":"type-product","3":"status-publish","4":"has-post-thumbnail","6":"product_cat-campingtillbehor","7":"product_shipping_class-medium-sv","9":"first","10":"instock","11":"sale","12":"taxable","13":"shipping-taxable","14":"purchasable","15":"product-type-variable"},"composite_virtual":false,"composite_layout":"","composite_add_to_cart_form_location":"","composite_editable_in_cart":false,"composite_sold_individually_context":"","composite_shop_price_calc":"","composite_components":[],"composite_scenarios":[],"group_of_quantity":0,"min_quantity":0,"max_quantity":"","exclude_order_quantity_value_rules":"no","exclude_category_quantity_rules":"no","combine_variations":"no","exclude_global_add_ons":[],"addons":[],"_links":{"self":[{"href":"https:\/\/www.huntersfriend.eu\/sv\/wp-json\/wp\/v2\/product\/285542","targetHints":{"allow":["GET"]}}],"collection":[{"href":"https:\/\/www.huntersfriend.eu\/sv\/wp-json\/wp\/v2\/product"}],"about":[{"href":"https:\/\/www.huntersfriend.eu\/sv\/wp-json\/wp\/v2\/types\/product"}],"replies":[{"embeddable":true,"href":"https:\/\/www.huntersfriend.eu\/sv\/wp-json\/wp\/v2\/comments?post=285542"}],"wp:featuredmedia":[{"embeddable":true,"href":"https:\/\/www.huntersfriend.eu\/sv\/wp-json\/wp\/v2\/media\/278749"}],"wp:attachment":[{"href":"https:\/\/www.huntersfriend.eu\/sv\/wp-json\/wp\/v2\/media?parent=285542"}],"wp:term":[{"taxonomy":"product_brand","embeddable":true,"href":"https:\/\/www.huntersfriend.eu\/sv\/wp-json\/wp\/v2\/product_brand?post=285542"},{"taxonomy":"product_cat","embeddable":true,"href":"https:\/\/www.huntersfriend.eu\/sv\/wp-json\/wp\/v2\/product_cat?post=285542"},{"taxonomy":"product_tag","embeddable":true,"href":"https:\/\/www.huntersfriend.eu\/sv\/wp-json\/wp\/v2\/product_tag?post=285542"}],"curies":[{"name":"wp","href":"https:\/\/api.w.org\/{rel}","templated":true}]}}