{"id":285541,"date":"2025-06-14T01:06:10","date_gmt":"2025-06-13T23:06:10","guid":{"rendered":"https:\/\/www.huntersfriend.eu\/product\/alps-outdoorz-terrangsits-3\/"},"modified":"2025-08-26T10:30:56","modified_gmt":"2025-08-26T08:30:56","slug":"alps-outdoorz-terrangsits-3","status":"publish","type":"product","link":"https:\/\/www.huntersfriend.eu\/sv\/produkt\/alps-outdoorz-terrangsits-3\/","title":{"rendered":"Alps outdoorz terr\u00e4ngsits 3&#8243;"},"content":{"rendered":"<p>Terrain Seat 3&#8243; \u00e4r en tjockare version av v\u00e5r Terrain Seat och \u00e4r 4 g\u00e5nger s\u00e5 tjock som originalet. Precis som originalet \u00e4r Terrain Seat idealisk oavsett om du \u00e4r p\u00e5 v\u00e4g till din pass eller beh\u00f6ver skydd fr\u00e5n den kalla, h\u00e5rda marken. Du kan ocks\u00e5 l\u00e4gga till den p\u00e5 din pall f\u00f6r extra komfort. Det finns ett sp\u00e4nne, s\u00e5 du kan enkelt b\u00e4ra den eller f\u00e4sta den p\u00e5 din ryggs\u00e4ck. Det \u00e4r ett bra tillskott att ta med dig n\u00e4r du ska sitta under en l\u00e4ngre tid.   <\/p>\n<p>\u2022 Har ett l\u00e4ttburet handtag<\/p>\n<p>\u2022 Ger extra stoppning till din stol, pall eller pass<\/p>\n<p>\u2022 Perfekt f\u00f6r att h\u00e5lla dig fr\u00e5n marken<\/p>\n<p>\u2022 Next G-1 camo eller coyote brown topptyg<\/p>\n<p>\u2022 Orangef\u00e4rgat tyg p\u00e5 undersidan<\/p>\n<p>&nbsp;<\/p>\n<table border=\"3\">\n<tbody>\n<tr align=\"CENTER\">\n<td><b>M\u00e5tt<\/b><\/td>\n<td>30,5 cm L x 39,4 cm B x 7,6 cm Tjock<\/td>\n<\/tr>\n<tr align=\"CENTER\">\n<td><b>Vikt<\/b><\/td>\n<td>510 g <\/td>\n<\/tr>\n<\/tbody>\n<\/table>\n","protected":false},"excerpt":{"rendered":"<p>Terrain Seat 3&#8243; \u00e4r en tjockare version av v\u00e5r Terrain Seat och \u00e4r 4 g\u00e5nger s\u00e5 tjock som originalet. Precis som originalet \u00e4r Terrain Seat idealisk oavsett om du \u00e4r p\u00e5 v\u00e4g till din pass eller beh\u00f6ver skydd fr\u00e5n den kalla, h\u00e5rda marken. Du kan ocks\u00e5 l\u00e4gga till den p\u00e5 din pall f\u00f6r extra komfort. [&#8230;]\n","protected":false},"featured_media":282726,"comment_status":"open","ping_status":"closed","template":"","meta":[],"product_brand":[],"product_cat":[2567,2572,2562,2563],"product_tag":[],"class_list":{"0":"post-285541","1":"product","2":"type-product","3":"status-publish","4":"has-post-thumbnail","6":"product_cat-campingtillbehor","7":"product_cat-faltsangar-och-liggunderlag","8":"product_cat-material-och-tillbehor","9":"product_cat-tillbehor-for-jakt-torn-och-gomslen","11":"first","12":"outofstock","13":"taxable","14":"shipping-taxable","15":"purchasable","16":"product-type-simple"},"composite_virtual":false,"composite_layout":"","composite_add_to_cart_form_location":"","composite_editable_in_cart":false,"composite_sold_individually_context":"","composite_shop_price_calc":"","composite_components":[],"composite_scenarios":[],"group_of_quantity":0,"min_quantity":0,"max_quantity":"","exclude_order_quantity_value_rules":"no","exclude_category_quantity_rules":"no","combine_variations":"no","exclude_global_add_ons":[],"addons":[],"_links":{"self":[{"href":"https:\/\/www.huntersfriend.eu\/sv\/wp-json\/wp\/v2\/product\/285541","targetHints":{"allow":["GET"]}}],"collection":[{"href":"https:\/\/www.huntersfriend.eu\/sv\/wp-json\/wp\/v2\/product"}],"about":[{"href":"https:\/\/www.huntersfriend.eu\/sv\/wp-json\/wp\/v2\/types\/product"}],"replies":[{"embeddable":true,"href":"https:\/\/www.huntersfriend.eu\/sv\/wp-json\/wp\/v2\/comments?post=285541"}],"wp:featuredmedia":[{"embeddable":true,"href":"https:\/\/www.huntersfriend.eu\/sv\/wp-json\/wp\/v2\/media\/282726"}],"wp:attachment":[{"href":"https:\/\/www.huntersfriend.eu\/sv\/wp-json\/wp\/v2\/media?parent=285541"}],"wp:term":[{"taxonomy":"product_brand","embeddable":true,"href":"https:\/\/www.huntersfriend.eu\/sv\/wp-json\/wp\/v2\/product_brand?post=285541"},{"taxonomy":"product_cat","embeddable":true,"href":"https:\/\/www.huntersfriend.eu\/sv\/wp-json\/wp\/v2\/product_cat?post=285541"},{"taxonomy":"product_tag","embeddable":true,"href":"https:\/\/www.huntersfriend.eu\/sv\/wp-json\/wp\/v2\/product_tag?post=285541"}],"curies":[{"name":"wp","href":"https:\/\/api.w.org\/{rel}","templated":true}]}}