{"id":285538,"date":"2025-05-28T09:32:57","date_gmt":"2025-05-28T07:32:57","guid":{"rendered":"https:\/\/www.huntersfriend.eu\/product\/hangm-spelrem-for-slutlig-inflygning\/"},"modified":"2025-08-26T10:30:54","modified_gmt":"2025-08-26T08:30:54","slug":"hangm-spelrem-for-slutlig-inflygning","status":"publish","type":"product","link":"https:\/\/www.huntersfriend.eu\/sv\/produkt\/hangm-spelrem-for-slutlig-inflygning\/","title":{"rendered":"Hang`m-spelrem f\u00f6r slutlig inflygning"},"content":{"rendered":"<p data-start=\"39\" data-end=\"70\"><strong data-start=\"39\" data-end=\"70\">Rem f\u00f6r att h\u00e4nga\/b\u00e4ra f\u00e5gel<\/strong><\/p>\n<ul data-start=\"72\" data-end=\"213\" data-is-last-node=\"\" data-is-only-node=\"\">\n<li data-start=\"72\" data-end=\"105\">\n<p data-start=\"74\" data-end=\"105\">Konturformad b\u00e4rrem i skum<\/p>\n<\/li>\n<li data-start=\"106\" data-end=\"123\">\n<p data-start=\"108\" data-end=\"123\">L\u00e4tt att b\u00e4ra<\/p>\n<\/li>\n<li data-start=\"124\" data-end=\"167\">\n<p data-start=\"126\" data-end=\"167\">H\u00e5llbara och anv\u00e4ndarv\u00e4nliga metallh\u00e4ngare<\/p>\n<\/li>\n<li data-start=\"168\" data-end=\"213\" data-is-last-node=\"\">\n<p data-start=\"170\" data-end=\"213\" data-is-last-node=\"\">Metallkl\u00e4mmor h\u00e5ller s\u00e4kert f\u00e5geln p\u00e5 plats<\/p>\n<\/li>\n<\/ul>\n","protected":false},"excerpt":{"rendered":"<p>Rem f\u00f6r att h\u00e4nga\/b\u00e4ra f\u00e5gel Konturformad b\u00e4rrem i skum L\u00e4tt att b\u00e4ra H\u00e5llbara och anv\u00e4ndarv\u00e4nliga metallh\u00e4ngare Metallkl\u00e4mmor h\u00e5ller s\u00e4kert f\u00e5geln p\u00e5 plats<\/p>\n","protected":false},"featured_media":278956,"comment_status":"open","ping_status":"closed","template":"","meta":[],"product_brand":[],"product_cat":[2565,2566],"product_tag":[],"class_list":{"0":"post-285538","1":"product","2":"type-product","3":"status-publish","4":"has-post-thumbnail","6":"product_cat-jaktryggsackar","7":"product_cat-jaktvaskor","9":"first","10":"instock","11":"taxable","12":"shipping-taxable","13":"purchasable","14":"product-type-simple"},"composite_virtual":false,"composite_layout":"","composite_add_to_cart_form_location":"","composite_editable_in_cart":false,"composite_sold_individually_context":"","composite_shop_price_calc":"","composite_components":[],"composite_scenarios":[],"group_of_quantity":0,"min_quantity":0,"max_quantity":"","exclude_order_quantity_value_rules":"no","exclude_category_quantity_rules":"no","combine_variations":"no","exclude_global_add_ons":[],"addons":[],"_links":{"self":[{"href":"https:\/\/www.huntersfriend.eu\/sv\/wp-json\/wp\/v2\/product\/285538","targetHints":{"allow":["GET"]}}],"collection":[{"href":"https:\/\/www.huntersfriend.eu\/sv\/wp-json\/wp\/v2\/product"}],"about":[{"href":"https:\/\/www.huntersfriend.eu\/sv\/wp-json\/wp\/v2\/types\/product"}],"replies":[{"embeddable":true,"href":"https:\/\/www.huntersfriend.eu\/sv\/wp-json\/wp\/v2\/comments?post=285538"}],"wp:featuredmedia":[{"embeddable":true,"href":"https:\/\/www.huntersfriend.eu\/sv\/wp-json\/wp\/v2\/media\/278956"}],"wp:attachment":[{"href":"https:\/\/www.huntersfriend.eu\/sv\/wp-json\/wp\/v2\/media?parent=285538"}],"wp:term":[{"taxonomy":"product_brand","embeddable":true,"href":"https:\/\/www.huntersfriend.eu\/sv\/wp-json\/wp\/v2\/product_brand?post=285538"},{"taxonomy":"product_cat","embeddable":true,"href":"https:\/\/www.huntersfriend.eu\/sv\/wp-json\/wp\/v2\/product_cat?post=285538"},{"taxonomy":"product_tag","embeddable":true,"href":"https:\/\/www.huntersfriend.eu\/sv\/wp-json\/wp\/v2\/product_tag?post=285538"}],"curies":[{"name":"wp","href":"https:\/\/api.w.org\/{rel}","templated":true}]}}