{"id":285537,"date":"2025-05-26T13:51:48","date_gmt":"2025-05-26T11:51:48","guid":{"rendered":"https:\/\/www.huntersfriend.eu\/product\/alps-mountaineering-genesis-sovsack-0-grader\/"},"modified":"2025-08-26T10:30:53","modified_gmt":"2025-08-26T08:30:53","slug":"alps-mountaineering-genesis-sovsack-0-grader","status":"publish","type":"product","link":"https:\/\/www.huntersfriend.eu\/sv\/produkt\/alps-mountaineering-genesis-sovsack-0-grader\/","title":{"rendered":"Alps Mountaineering Genesis sovs\u00e4ck 0 grader"},"content":{"rendered":"<p>Genesis-sovs\u00e4cken \u00e4r ett exempel p\u00e5 ALPS Mountaineerings engagemang f\u00f6r att vara goda f\u00f6rvaltare av jordens resurser genom att f\u00f6lja v\u00e5r R3-princip om Reduce, Reuse, Recycle (minska, \u00e5teranv\u00e4nda, \u00e5tervinna). Det yttre tyget \u00e4r helt tillverkat av \u00e5tervunnet polyester-ripstop-tyg. Det inre tyget \u00e4r ocks\u00e5 \u00e5tervunnet polyestertyg. Den tv\u00e5lagersdesignen \u00e4r separerad med Recycled TechLoft Micro Insulation. Genom att v\u00e4lja Genesis kommer du att h\u00e5lla dig varm och sova gott med vetskapen om att ditt val av sovs\u00e4ck inte bara var perfekt f\u00f6r din komfort utan ocks\u00e5 ett ansvarsfullt val f\u00f6r v\u00e5r milj\u00f6.    <\/p>\n<p>0 grader Fahrenheit \u00e4r ungef\u00e4r -18 grader Celsius<\/p>\n<ul>\n<li>Yttre tyg i polyester-ripstop tillverkat av 100 % \u00e5tervunna material, vilket eliminerar avfall och minskar produktionen av nya material<\/li>\n<li>TechLoft Micro-isolering tillverkad av 100 % \u00e5tervunna plastflaskor<\/li>\n<li>\u00c5tervunnet polyesterfoder<\/li>\n<li>Extra dragkedja f\u00f6r ventilation eller f\u00f6r att sitta upp<\/li>\n<li>Tv\u00e5v\u00e4gsdragkedja i full l\u00e4ngd som forts\u00e4tter \u00f6ver fotboxen, vilket ger ytterligare ventilationsalternativ<\/li>\n<li>Kompressionsp\u00e5se<\/li>\n<\/ul>\n<table>\n<tbody>\n<tr>\n<th colspan=\"2\" scope=\"col\">Regular<\/th>\n<\/tr>\n<tr>\n<th scope=\"row\">M\u00e5tt<\/th>\n<td>80 \u201cL x 32\u201d B<\/td>\n<\/tr>\n<tr>\n<th scope=\"row\">Fyllningsvikt<\/th>\n<td>24 oz.<\/td>\n<\/tr>\n<tr>\n<th scope=\"row\">Vikt<\/th>\n<td>2 lbs. 13 oz. <\/td>\n<\/tr>\n<tr>\n<th scope=\"row\">Packad storlek<\/th>\n<td>15 \u201cL x 8.5\u201d D<\/td>\n<\/tr>\n<tr>\n<th scope=\"row\">Komprimerad storlek<\/th>\n<td>11 \u201cL x 8.5\u201d D<\/td>\n<\/tr>\n<tr>\n<th colspan=\"2\" scope=\"col\">L\u00e5ng<\/th>\n<\/tr>\n<tr>\n<th scope=\"row\">M\u00e5tt<\/th>\n<td>86 \u201cL x 34\u201d B<\/td>\n<\/tr>\n<tr>\n<th scope=\"row\">Fyllningsvikt<\/th>\n<td>26 oz.<\/td>\n<\/tr>\n<tr>\n<th scope=\"row\">Vikt<\/th>\n<td>3 lbs. 1 oz. <\/td>\n<\/tr>\n<tr>\n<th scope=\"row\">Packad storlek<\/th>\n<td>15 \u201cL x 9\u201d D<\/td>\n<\/tr>\n<tr>\n<th scope=\"row\">Komprimerad storlek<\/th>\n<td>11 \u201cL x 9\u201d D<\/td>\n<\/tr>\n<\/tbody>\n<\/table>\n","protected":false},"excerpt":{"rendered":"<p>Genesis-sovs\u00e4cken \u00e4r ett exempel p\u00e5 ALPS Mountaineerings engagemang f\u00f6r att vara goda f\u00f6rvaltare av jordens resurser genom att f\u00f6lja v\u00e5r R3-princip om Reduce, Reuse, Recycle (minska, \u00e5teranv\u00e4nda, \u00e5tervinna). Det yttre tyget \u00e4r helt tillverkat av \u00e5tervunnet polyester-ripstop-tyg. Det inre tyget \u00e4r ocks\u00e5 \u00e5tervunnet polyestertyg. Den tv\u00e5lagersdesignen \u00e4r separerad med Recycled TechLoft Micro Insulation. Genom att [&#8230;]\n","protected":false},"featured_media":279239,"comment_status":"open","ping_status":"closed","template":"","meta":[],"product_brand":[],"product_cat":[2571],"product_tag":[],"class_list":{"0":"post-285537","1":"product","2":"type-product","3":"status-publish","4":"has-post-thumbnail","6":"product_cat-sovsackar","7":"product_shipping_class-medium-sv","9":"first","10":"instock","11":"sale","12":"taxable","13":"shipping-taxable","14":"purchasable","15":"product-type-variable"},"composite_virtual":false,"composite_layout":"","composite_add_to_cart_form_location":"","composite_editable_in_cart":false,"composite_sold_individually_context":"","composite_shop_price_calc":"","composite_components":[],"composite_scenarios":[],"group_of_quantity":0,"min_quantity":0,"max_quantity":"","exclude_order_quantity_value_rules":"no","exclude_category_quantity_rules":"no","combine_variations":"no","exclude_global_add_ons":[],"addons":[],"_links":{"self":[{"href":"https:\/\/www.huntersfriend.eu\/sv\/wp-json\/wp\/v2\/product\/285537","targetHints":{"allow":["GET"]}}],"collection":[{"href":"https:\/\/www.huntersfriend.eu\/sv\/wp-json\/wp\/v2\/product"}],"about":[{"href":"https:\/\/www.huntersfriend.eu\/sv\/wp-json\/wp\/v2\/types\/product"}],"replies":[{"embeddable":true,"href":"https:\/\/www.huntersfriend.eu\/sv\/wp-json\/wp\/v2\/comments?post=285537"}],"wp:featuredmedia":[{"embeddable":true,"href":"https:\/\/www.huntersfriend.eu\/sv\/wp-json\/wp\/v2\/media\/279239"}],"wp:attachment":[{"href":"https:\/\/www.huntersfriend.eu\/sv\/wp-json\/wp\/v2\/media?parent=285537"}],"wp:term":[{"taxonomy":"product_brand","embeddable":true,"href":"https:\/\/www.huntersfriend.eu\/sv\/wp-json\/wp\/v2\/product_brand?post=285537"},{"taxonomy":"product_cat","embeddable":true,"href":"https:\/\/www.huntersfriend.eu\/sv\/wp-json\/wp\/v2\/product_cat?post=285537"},{"taxonomy":"product_tag","embeddable":true,"href":"https:\/\/www.huntersfriend.eu\/sv\/wp-json\/wp\/v2\/product_tag?post=285537"}],"curies":[{"name":"wp","href":"https:\/\/api.w.org\/{rel}","templated":true}]}}