{"id":285528,"date":"2025-05-26T14:13:28","date_gmt":"2025-05-26T12:13:28","guid":{"rendered":"https:\/\/www.huntersfriend.eu\/product\/alps-outdoorz-reservspanne\/"},"modified":"2025-08-26T10:30:52","modified_gmt":"2025-08-26T08:30:52","slug":"alps-outdoorz-reservspanne","status":"publish","type":"product","link":"https:\/\/www.huntersfriend.eu\/sv\/produkt\/alps-outdoorz-reservspanne\/","title":{"rendered":"Alps OutdoorZ reservsp\u00e4nne"},"content":{"rendered":"<p data-start=\"39\" data-end=\"173\"><strong data-start=\"39\" data-end=\"100\">Alps OutdoorZ reservsp\u00e4nne \u2013 f\u00f6r snabba reparationer av utrustning<\/strong><br data-start=\"100\" data-end=\"103\"><strong data-start=\"103\" data-end=\"173\">Slitstarkt sp\u00e4nne f\u00f6r snabba reparationer i f\u00e4lt \u2013 finns i flera storlekar.<\/strong><\/p>\n<p data-start=\"175\" data-end=\"403\"><strong data-start=\"179\" data-end=\"203\">Alps OutdoorZ-sp\u00e4nnet<\/strong> \u00e4r utformat f\u00f6r att snabbt ers\u00e4tta trasiga sp\u00e4nnen. Det passar de flesta ALPS OutdoorZ-ryggs\u00e4ckar, selar och annan utrustning, och fungerar \u00e4ven som en universell reservdel f\u00f6r vandrare, j\u00e4gare och friluftsentusiaster. <\/p>\n<p data-start=\"405\" data-end=\"434\"><strong data-start=\"405\" data-end=\"434\">Tekniska specifikationer:<\/strong><\/p>\n<ul data-start=\"436\" data-end=\"744\">\n<li data-start=\"436\" data-end=\"511\">\n<p data-start=\"438\" data-end=\"511\"><strong data-start=\"438\" data-end=\"447\">Typ:<\/strong> Ers\u00e4ttnings-\/reparationssp\u00e4nne, f\u00e4ltinstallerbart (\u201cf\u00e4ltreparation\u201d)<\/p>\n<\/li>\n<li data-start=\"512\" data-end=\"574\">\n<p data-start=\"514\" data-end=\"574\"><strong data-start=\"514\" data-end=\"528\">Struktur:<\/strong> Tv\u00e5delat, snabbl\u00e5sande sp\u00e4nne med fj\u00e4derl\u00e5s<\/p>\n<\/li>\n<li data-start=\"575\" data-end=\"663\">\n<p data-start=\"577\" data-end=\"663\"><strong data-start=\"577\" data-end=\"594\">Installation:<\/strong> Inga verktyg eller s\u00f6mnad kr\u00e4vs \u2013 sn\u00e4pps fast p\u00e5 remmen fr\u00e5n b\u00e5da sidor<\/p>\n<\/li>\n<li data-start=\"664\" data-end=\"723\">\n<p data-start=\"666\" data-end=\"723\"><strong data-start=\"666\" data-end=\"679\">Material:<\/strong> V\u00e4derbest\u00e4ndig, slagt\u00e5lig nylon<\/p>\n<\/li>\n<li data-start=\"724\" data-end=\"744\">\n<p data-start=\"726\" data-end=\"744\"><strong data-start=\"726\" data-end=\"736\">F\u00e4rg:<\/strong> Oliv<\/p>\n<\/li>\n<\/ul>\n<p data-start=\"746\" data-end=\"899\"><strong data-start=\"746\" data-end=\"764\">Kompatibilitet:<\/strong><br data-start=\"764\" data-end=\"767\">Passar de flesta ALPS OutdoorZ-produkter och annan utrustning i standardstorlek. <em data-start=\"831\" data-end=\"899\">Inte kompatibel med ALPS OutdoorZ Extreme-seriens b\u00e4rsystem.<\/em><\/p>\n<p data-start=\"901\" data-end=\"921\"><strong data-start=\"901\" data-end=\"921\">Tillg\u00e4ngliga storlekar:<\/strong><\/p>\n<ul data-start=\"923\" data-end=\"1181\">\n<li data-start=\"923\" data-end=\"994\">\n<p data-start=\"925\" data-end=\"994\">19 mm (0,75&#8243;) \u2013 F\u00f6r l\u00e4tta axelremmar, fickor och tillbeh\u00f6r<\/p>\n<\/li>\n<li data-start=\"995\" data-end=\"1055\">\n<p data-start=\"997\" data-end=\"1055\">25 mm (1&#8243;) \u2013 Vanligaste storleken f\u00f6r ryggs\u00e4cksremmar<\/p>\n<\/li>\n<li data-start=\"1056\" data-end=\"1112\">\n<p data-start=\"1058\" data-end=\"1112\">38 mm (1,5&#8243;) \u2013 F\u00f6r tyngre axel- och midjeremmar<\/p>\n<\/li>\n<li data-start=\"1113\" data-end=\"1181\">\n<p data-start=\"1115\" data-end=\"1181\">50 mm (2&#8243;) \u2013 F\u00f6r breda redskapsb\u00e4lten och kraftiga b\u00e4rsystem<\/p>\n<\/li>\n<\/ul>\n<p data-start=\"1183\" data-end=\"1221\"><strong data-start=\"1183\" data-end=\"1208\">Vikt (t.ex. 25 mm):<\/strong> ca 15 g <\/p>\n<p data-start=\"1223\" data-end=\"1313\" data-is-last-node=\"\" data-is-only-node=\"\">Denna reservdel \u00e4r l\u00e4tt att b\u00e4ra med sig och erbjuder en snabb l\u00f6sning f\u00f6r skador p\u00e5 utrustningen i f\u00e4lt.<\/p>\n","protected":false},"excerpt":{"rendered":"<p>Alps OutdoorZ reservsp\u00e4nne \u2013 f\u00f6r snabba reparationer av utrustningSlitstarkt sp\u00e4nne f\u00f6r snabba reparationer i f\u00e4lt \u2013 finns i flera storlekar. Alps OutdoorZ-sp\u00e4nnet \u00e4r utformat f\u00f6r att snabbt ers\u00e4tta trasiga sp\u00e4nnen. Det passar de flesta ALPS OutdoorZ-ryggs\u00e4ckar, selar och annan utrustning, och fungerar \u00e4ven som en universell reservdel f\u00f6r vandrare, j\u00e4gare och friluftsentusiaster. Tekniska specifikationer: Typ: [&#8230;]\n","protected":false},"featured_media":278953,"comment_status":"open","ping_status":"closed","template":"","meta":[],"product_brand":[],"product_cat":[2565,2566,2523],"product_tag":[],"class_list":{"0":"post-285528","1":"product","2":"type-product","3":"status-publish","4":"has-post-thumbnail","6":"product_cat-jaktryggsackar","7":"product_cat-jaktvaskor","8":"product_cat-ryggsackar","10":"first","11":"instock","12":"taxable","13":"shipping-taxable","14":"purchasable","15":"product-type-variable"},"composite_virtual":false,"composite_layout":"","composite_add_to_cart_form_location":"","composite_editable_in_cart":false,"composite_sold_individually_context":"","composite_shop_price_calc":"","composite_components":[],"composite_scenarios":[],"group_of_quantity":0,"min_quantity":0,"max_quantity":"","exclude_order_quantity_value_rules":"no","exclude_category_quantity_rules":"no","combine_variations":"no","exclude_global_add_ons":[],"addons":[],"_links":{"self":[{"href":"https:\/\/www.huntersfriend.eu\/sv\/wp-json\/wp\/v2\/product\/285528","targetHints":{"allow":["GET"]}}],"collection":[{"href":"https:\/\/www.huntersfriend.eu\/sv\/wp-json\/wp\/v2\/product"}],"about":[{"href":"https:\/\/www.huntersfriend.eu\/sv\/wp-json\/wp\/v2\/types\/product"}],"replies":[{"embeddable":true,"href":"https:\/\/www.huntersfriend.eu\/sv\/wp-json\/wp\/v2\/comments?post=285528"}],"wp:featuredmedia":[{"embeddable":true,"href":"https:\/\/www.huntersfriend.eu\/sv\/wp-json\/wp\/v2\/media\/278953"}],"wp:attachment":[{"href":"https:\/\/www.huntersfriend.eu\/sv\/wp-json\/wp\/v2\/media?parent=285528"}],"wp:term":[{"taxonomy":"product_brand","embeddable":true,"href":"https:\/\/www.huntersfriend.eu\/sv\/wp-json\/wp\/v2\/product_brand?post=285528"},{"taxonomy":"product_cat","embeddable":true,"href":"https:\/\/www.huntersfriend.eu\/sv\/wp-json\/wp\/v2\/product_cat?post=285528"},{"taxonomy":"product_tag","embeddable":true,"href":"https:\/\/www.huntersfriend.eu\/sv\/wp-json\/wp\/v2\/product_tag?post=285528"}],"curies":[{"name":"wp","href":"https:\/\/api.w.org\/{rel}","templated":true}]}}