{"id":285527,"date":"2025-05-26T13:48:16","date_gmt":"2025-05-26T11:48:16","guid":{"rendered":"https:\/\/www.huntersfriend.eu\/product\/alps-mountaineering-vibe-sovsack-20-och-0-grader\/"},"modified":"2025-08-26T10:30:52","modified_gmt":"2025-08-26T08:30:52","slug":"alps-mountaineering-vibe-sovsack-20-och-0-grader","status":"publish","type":"product","link":"https:\/\/www.huntersfriend.eu\/sv\/produkt\/alps-mountaineering-vibe-sovsack-20-och-0-grader\/","title":{"rendered":"Alps mountaineering vibe sovs\u00e4ck 20 och 0 grader"},"content":{"rendered":"<p>Vibe-sovs\u00e4cken erbjuder l\u00e4tt och kompakt s\u00f6mn med f\u00f6rstklassig termisk effektivitet. Den har syntetisk TechLoft Micro-isolering som best\u00e5r av flera denier h\u00e4ftl\u00e4ngdsfibrer som har en silikoniserad finish f\u00f6r maximal isolering, loft och kompakthet. Tv\u00e5lagerskonstruktion och den konturerade huva-mummyformen hj\u00e4lper till att maximera v\u00e4rmen under kyliga n\u00e4tter. Vibe har ocks\u00e5 en isolerad br\u00f6st- och dragkedjeklaff f\u00f6r att bek\u00e4mpa v\u00e4rmef\u00f6rlust. Komfort och h\u00e5llbarhet tillhandah\u00e5lls med ett h\u00f6gkvalitativt polyester ripstop-skal och mjukt polyesterfoder. Den #8 separerande dragkedjan ger h\u00e5llbarhet och smidig anv\u00e4ndning. Vibe \u00e4r l\u00e4tt och kompakt och erbjuder dig h\u00f6gkvalitativ design och konstruktion till ett oemotst\u00e5ndligt \u00f6verkomligt pris och kommer inte att g\u00f6ra dig besviken p\u00e5 ditt n\u00e4sta backpacking-\u00e4ventyr!      <\/p>\n<ul>\n<li>TechLoft Micro-isolering<\/li>\n<li>Tv\u00e5lagers f\u00f6rskjuten konstruktion<\/li>\n<li>#8 separerande dragkedjor<\/li>\n<li>Isolerad br\u00f6st- och dragkedjeklaff<\/li>\n<li>Yttertyg av polyester ripstop<\/li>\n<li>Polyesterfoder<\/li>\n<li>Kompressionsp\u00e5se<\/li>\n<\/ul>\n<table>\n<tbody>\n<tr>\n<th colspan=\"2\" scope=\"col\">Regelbunden<\/th>\n<\/tr>\n<tr>\n<th scope=\"row\">M\u00e5tt<\/th>\n<td>80 \u201cL x 32\u201d B<\/td>\n<\/tr>\n<tr>\n<th scope=\"row\">Fyllningsvikt<\/th>\n<td>31 oz.<\/td>\n<\/tr>\n<tr>\n<th scope=\"row\">Vikt<\/th>\n<td>3 lbs. 2 oz. <\/td>\n<\/tr>\n<tr>\n<th scope=\"row\">Packad storlek<\/th>\n<td>17.5 \u201cL x 8\u201d D<\/td>\n<\/tr>\n<tr>\n<th scope=\"row\">Komprimerad storlek<\/th>\n<td>12.5 \u201cL x 8\u201d D<\/td>\n<\/tr>\n<tr>\n<th colspan=\"2\" scope=\"col\">L\u00e5ng<\/th>\n<\/tr>\n<tr>\n<th scope=\"row\">M\u00e5tt<\/th>\n<td>86 \u201cL x 34\u201d B<\/td>\n<\/tr>\n<tr>\n<th scope=\"row\">Fyllningsvikt<\/th>\n<td>35 oz.<\/td>\n<\/tr>\n<tr>\n<th scope=\"row\">Vikt<\/th>\n<td>3 lbs. 6 oz. <\/td>\n<\/tr>\n<tr>\n<th scope=\"row\">Packad storlek<\/th>\n<td>18 \u201cL x 8.5\u201d D<\/td>\n<\/tr>\n<tr>\n<th scope=\"row\">Komprimerad storlek<\/th>\n<td>13 \u201cL x 8.5\u201d D<\/td>\n<\/tr>\n<\/tbody>\n<\/table>\n","protected":false},"excerpt":{"rendered":"<p>Vibe-sovs\u00e4cken erbjuder l\u00e4tt och kompakt s\u00f6mn med f\u00f6rstklassig termisk effektivitet. Den har syntetisk TechLoft Micro-isolering som best\u00e5r av flera denier h\u00e4ftl\u00e4ngdsfibrer som har en silikoniserad finish f\u00f6r maximal isolering, loft och kompakthet. Tv\u00e5lagerskonstruktion och den konturerade huva-mummyformen hj\u00e4lper till att maximera v\u00e4rmen under kyliga n\u00e4tter. Vibe har ocks\u00e5 en isolerad br\u00f6st- och dragkedjeklaff f\u00f6r att [&#8230;]\n","protected":false},"featured_media":279307,"comment_status":"open","ping_status":"closed","template":"","meta":[],"product_brand":[],"product_cat":[2571],"product_tag":[],"class_list":{"0":"post-285527","1":"product","2":"type-product","3":"status-publish","4":"has-post-thumbnail","6":"product_cat-sovsackar","7":"product_shipping_class-medium-sv","9":"first","10":"instock","11":"sale","12":"taxable","13":"shipping-taxable","14":"purchasable","15":"product-type-variable"},"composite_virtual":false,"composite_layout":"","composite_add_to_cart_form_location":"","composite_editable_in_cart":false,"composite_sold_individually_context":"","composite_shop_price_calc":"","composite_components":[],"composite_scenarios":[],"group_of_quantity":0,"min_quantity":0,"max_quantity":"","exclude_order_quantity_value_rules":"no","exclude_category_quantity_rules":"no","combine_variations":"no","exclude_global_add_ons":[],"addons":[],"_links":{"self":[{"href":"https:\/\/www.huntersfriend.eu\/sv\/wp-json\/wp\/v2\/product\/285527","targetHints":{"allow":["GET"]}}],"collection":[{"href":"https:\/\/www.huntersfriend.eu\/sv\/wp-json\/wp\/v2\/product"}],"about":[{"href":"https:\/\/www.huntersfriend.eu\/sv\/wp-json\/wp\/v2\/types\/product"}],"replies":[{"embeddable":true,"href":"https:\/\/www.huntersfriend.eu\/sv\/wp-json\/wp\/v2\/comments?post=285527"}],"wp:featuredmedia":[{"embeddable":true,"href":"https:\/\/www.huntersfriend.eu\/sv\/wp-json\/wp\/v2\/media\/279307"}],"wp:attachment":[{"href":"https:\/\/www.huntersfriend.eu\/sv\/wp-json\/wp\/v2\/media?parent=285527"}],"wp:term":[{"taxonomy":"product_brand","embeddable":true,"href":"https:\/\/www.huntersfriend.eu\/sv\/wp-json\/wp\/v2\/product_brand?post=285527"},{"taxonomy":"product_cat","embeddable":true,"href":"https:\/\/www.huntersfriend.eu\/sv\/wp-json\/wp\/v2\/product_cat?post=285527"},{"taxonomy":"product_tag","embeddable":true,"href":"https:\/\/www.huntersfriend.eu\/sv\/wp-json\/wp\/v2\/product_tag?post=285527"}],"curies":[{"name":"wp","href":"https:\/\/api.w.org\/{rel}","templated":true}]}}