{"id":285512,"date":"2025-05-26T13:35:12","date_gmt":"2025-05-26T11:35:12","guid":{"rendered":"https:\/\/www.huntersfriend.eu\/product\/alpinism-rodsvansryggsack\/"},"modified":"2025-08-26T10:30:48","modified_gmt":"2025-08-26T08:30:48","slug":"alpinism-rodsvansryggsack","status":"publish","type":"product","link":"https:\/\/www.huntersfriend.eu\/sv\/produkt\/alpinism-rodsvansryggsack\/","title":{"rendered":"Alpinism R\u00f6dsvansryggs\u00e4ck"},"content":{"rendered":"<p>R\u00f6dsvansryggs\u00e4cken finns i tv\u00e5 storlekar, vilket g\u00f6r den till ett utm\u00e4rkt alternativ f\u00f6r alla backpackers, oavsett om du precis har b\u00f6rjat eller ska ut p\u00e5 l\u00e5ngvandringar. De fullt justerbara upph\u00e4ngningskomponenterna justeras snabbt och enkelt och ger den perfekta passformen f\u00f6r alla backpackers och de som fortfarande v\u00e4xer. K\u00e4ngurufickan ger extra f\u00f6rvaringsutrymme och en extra plats f\u00f6r att s\u00e4kra utrustning mellan fickan och huvudfacket. Hydreringsfickan och porten g\u00f6r att du kan b\u00e4ra och anv\u00e4nda en vattenbeh\u00e5llare som h\u00e5ller dig hydrerad. R\u00f6dsvansryggs\u00e4cken \u00e4r ett utm\u00e4rkt val f\u00f6r alla backpackers.    <\/p>\n<div class=\"list-heading\">Funktioner f\u00f6r R\u00f6dsvans 80<\/div>\n<ul>\n<li>L\u00e4ttviktigt 200D nylon dubbel ripstop-tyg<\/li>\n<li>Avtagbar br\u00f6strem<\/li>\n<li>Fram\u00e5tdragande \u00e5tdragningsbart midjeb\u00e4lte<\/li>\n<li>Dubbla ramstag i aluminium<\/li>\n<li>\u201cWebbing ladder\u201d justerbar sele<\/li>\n<li>Intern horisontell avdelare<\/li>\n<li>Nedre fack med full \u00e5tkomst \u2013 #10 dragkedja<\/li>\n<li>Toppmatning \u2013 expanderbart topplock<\/li>\n<li>Spindrift-krage med dragsko<\/li>\n<li>K\u00e4nguruficka fram<\/li>\n<li>F\u00e4stpunkter fram<\/li>\n<li>Traditionella vandringsstav\u00f6glor<\/li>\n<li>\u201cOver the top\u201d kompressionsrem<\/li>\n<li>Flera kompressionsremmar p\u00e5 sidan<\/li>\n<li>Sidofickor i stretch f\u00f6r vattenflaska<\/li>\n<li>R\u00e4ddningsvisselsp\u00e4nne p\u00e5 br\u00f6stremmen<\/li>\n<li>Avtagbar toppficka<\/li>\n<li>Hydreringskompatibel med portar p\u00e5 b\u00e5da sidor och trepunktsbeh\u00e5llarf\u00e4ste<\/li>\n<li>Avtagbart vadderat midjeb\u00e4lte med fickor<\/li>\n<li><a href=\"https:\/\/alpsmountaineering.com\/red-tail-80-harness.html\">Alternativ f\u00f6r liten sele tillg\u00e4ngligt<\/a><\/li>\n<li><a href=\"https:\/\/alpsmountaineering.com\/red-tail-80-waist-belt.html\">Alternativ f\u00f6r litet och XL midjeb\u00e4lte tillg\u00e4ngliga<\/a><\/li>\n<li>Regnskyddet f\u00f6rvaras snyggt i en ficka med dragkedja p\u00e5 ryggs\u00e4ckens botten tills det beh\u00f6vs<\/li>\n<\/ul>\n<table>\n<tbody>\n<tr>\n<th colspan=\"2\" scope=\"col\">R\u00f6dsvans 80<\/th>\n<\/tr>\n<tr>\n<th scope=\"row\">Kapacitet<\/th>\n<td>80L \/ 4880 in\u00b3<\/td>\n<\/tr>\n<tr>\n<th scope=\"row\">Torsoomr\u00e5de<\/th>\n<td>14 &#8211; 20.5&#8243;<\/td>\n<\/tr>\n<tr>\n<th scope=\"row\">Midjeb\u00e4ltesomr\u00e5de<\/th>\n<td>32 &#8211; 51&#8243;<\/td>\n<\/tr>\n<tr>\n<th scope=\"row\">Vikt<\/th>\n<td>5 lbs. 7 oz. <\/td>\n<\/tr>\n<\/tbody>\n<\/table>\n<div class=\"list-heading\">\nFunktioner f\u00f6r R\u00f6dsvans 65<\/div>\n<ul>\n<li>L\u00e4ttviktigt 200D nylon dubbel ripstop-tyg<\/li>\n<li>Avtagbar br\u00f6strem<\/li>\n<li>Fram\u00e5tdragande \u00e5tdragningsbart midjeb\u00e4lte<\/li>\n<li>Dubbla ramstag i aluminium<\/li>\n<li>\u201cWebbing ladder\u201d justerbar sele<\/li>\n<li>Intern horisontell avdelare<\/li>\n<li>Nedre fack med full \u00e5tkomst \u2013 #10 dragkedja<\/li>\n<li>Toppmatning \u2013 expanderbart topplock<\/li>\n<li>Spindrift-krage med dragsko<\/li>\n<li>K\u00e4nguruficka fram<\/li>\n<li>F\u00e4stpunkter fram<\/li>\n<li>Traditionella vandringsstav\u00f6glor<\/li>\n<li>\u201cOver the top\u201d kompressionsrem<\/li>\n<li>Flera kompressionsremmar p\u00e5 sidan<\/li>\n<li>Sidofickor i stretch f\u00f6r vattenflaska<\/li>\n<li>R\u00e4ddningsvisselsp\u00e4nne p\u00e5 br\u00f6stremmen<\/li>\n<li>Avtagbar toppficka<\/li>\n<li>Hydreringskompatibel med portar p\u00e5 b\u00e5da sidor och trepunktsbeh\u00e5llarf\u00e4ste<\/li>\n<li>Luftn\u00e4tst\u00e4ckt upph\u00e4ngning ger maximalt luftfl\u00f6de<\/li>\n<li>Avtagbart vadderat midjeb\u00e4lte med fickor<\/li>\n<li><a href=\"https:\/\/alpsmountaineering.com\/red-tail-65-harness.html\">Alternativ f\u00f6r liten sele tillg\u00e4ngligt<\/a><\/li>\n<li><a href=\"https:\/\/alpsmountaineering.com\/red-tail-65-waist-belt.html\">Alternativ f\u00f6r litet och XL midjeb\u00e4lte tillg\u00e4ngliga<\/a><\/li>\n<li>Regnskyddet f\u00f6rvaras snyggt i en ficka med dragkedja p\u00e5 ryggs\u00e4ckens botten tills det beh\u00f6vs<\/li>\n<\/ul>\n<table>\n<tbody>\n<tr>\n<th colspan=\"2\" scope=\"col\">R\u00f6dsvans 65<\/th>\n<\/tr>\n<tr>\n<th scope=\"row\">Kapacitet<\/th>\n<td>65L \/ 3965 in\u00b3<\/td>\n<\/tr>\n<tr>\n<th scope=\"row\">Torsoomr\u00e5de<\/th>\n<td>13.5 &#8211; 19&#8243;<\/td>\n<\/tr>\n<tr>\n<th scope=\"row\">Midjeb\u00e4ltesomr\u00e5de<\/th>\n<td>32 &#8211; 51&#8243;<\/td>\n<\/tr>\n<tr>\n<th scope=\"row\">Vikt<\/th>\n<td>4 lbs. 14 oz. <\/td>\n<\/tr>\n<\/tbody>\n<\/table>\n","protected":false},"excerpt":{"rendered":"<p>R\u00f6dsvansryggs\u00e4cken finns i tv\u00e5 storlekar, vilket g\u00f6r den till ett utm\u00e4rkt alternativ f\u00f6r alla backpackers, oavsett om du precis har b\u00f6rjat eller ska ut p\u00e5 l\u00e5ngvandringar. De fullt justerbara upph\u00e4ngningskomponenterna justeras snabbt och enkelt och ger den perfekta passformen f\u00f6r alla backpackers och de som fortfarande v\u00e4xer. K\u00e4ngurufickan ger extra f\u00f6rvaringsutrymme och en extra plats [&#8230;]\n","protected":false},"featured_media":278932,"comment_status":"open","ping_status":"closed","template":"","meta":[],"product_brand":[],"product_cat":[2523],"product_tag":[],"class_list":{"0":"post-285512","1":"product","2":"type-product","3":"status-publish","4":"has-post-thumbnail","6":"product_cat-ryggsackar","7":"product_shipping_class-medium-sv","9":"first","10":"instock","11":"sale","12":"taxable","13":"shipping-taxable","14":"purchasable","15":"product-type-variable"},"composite_virtual":false,"composite_layout":"","composite_add_to_cart_form_location":"","composite_editable_in_cart":false,"composite_sold_individually_context":"","composite_shop_price_calc":"","composite_components":[],"composite_scenarios":[],"group_of_quantity":0,"min_quantity":0,"max_quantity":"","exclude_order_quantity_value_rules":"no","exclude_category_quantity_rules":"no","combine_variations":"no","exclude_global_add_ons":[],"addons":[],"_links":{"self":[{"href":"https:\/\/www.huntersfriend.eu\/sv\/wp-json\/wp\/v2\/product\/285512","targetHints":{"allow":["GET"]}}],"collection":[{"href":"https:\/\/www.huntersfriend.eu\/sv\/wp-json\/wp\/v2\/product"}],"about":[{"href":"https:\/\/www.huntersfriend.eu\/sv\/wp-json\/wp\/v2\/types\/product"}],"replies":[{"embeddable":true,"href":"https:\/\/www.huntersfriend.eu\/sv\/wp-json\/wp\/v2\/comments?post=285512"}],"wp:featuredmedia":[{"embeddable":true,"href":"https:\/\/www.huntersfriend.eu\/sv\/wp-json\/wp\/v2\/media\/278932"}],"wp:attachment":[{"href":"https:\/\/www.huntersfriend.eu\/sv\/wp-json\/wp\/v2\/media?parent=285512"}],"wp:term":[{"taxonomy":"product_brand","embeddable":true,"href":"https:\/\/www.huntersfriend.eu\/sv\/wp-json\/wp\/v2\/product_brand?post=285512"},{"taxonomy":"product_cat","embeddable":true,"href":"https:\/\/www.huntersfriend.eu\/sv\/wp-json\/wp\/v2\/product_cat?post=285512"},{"taxonomy":"product_tag","embeddable":true,"href":"https:\/\/www.huntersfriend.eu\/sv\/wp-json\/wp\/v2\/product_tag?post=285512"}],"curies":[{"name":"wp","href":"https:\/\/api.w.org\/{rel}","templated":true}]}}