{"id":285511,"date":"2025-05-26T14:04:32","date_gmt":"2025-05-26T12:04:32","guid":{"rendered":"https:\/\/www.huntersfriend.eu\/product\/alps-mountaineering-nomad-rt-ryggsack\/"},"modified":"2026-03-18T22:00:57","modified_gmt":"2026-03-18T20:00:57","slug":"alps-mountaineering-nomad-rt-ryggsack","status":"publish","type":"product","link":"https:\/\/www.huntersfriend.eu\/sv\/produkt\/alps-mountaineering-nomad-rt-ryggsack\/","title":{"rendered":"Alps mountaineering nomad RT-ryggs\u00e4ck"},"content":{"rendered":"<p>ALPS Mountaineering Nomad RT 38 \u00e4r designad f\u00f6r att m\u00f6ta en vandrares f\u00f6r\u00e4nderliga behov. Rolltoppsryggs\u00e4cken ger m\u00f6jlighet att komprimera ner ryggs\u00e4cken till 34 liter eller expandera till en 42 liters ryggs\u00e4ck. Huvudfacket \u00e4r l\u00e4ttillg\u00e4ngligt tack vare en stor \u00f6ppning med dragkedja. Dess justerbara upph\u00e4ngningssystem har tv\u00e5 platta aluminiumstag och justeras f\u00f6r att passa b\u00e5ll\u00e4ngder fr\u00e5n 15-17,5 tum. Midjeb\u00e4ltet, med sina avtagbara fickor, justeras f\u00f6r att passa midjestorlekar fr\u00e5n 25-40 tum. Nomads stretch-sidofickor, sidokompressionsremmar, omfattande daisy chains och vandringsstavslingor ger ytterligare f\u00f6rvaring av utrustning och f\u00e4stpunkter. En inv\u00e4ndig v\u00e4tskeficka med tv\u00e5 sidoutlopp f\u00f6r v\u00e4tska och ett inbyggt regnskydd ing\u00e5r b\u00e5da. Nomad \u00e4r genomt\u00e4nkt designad f\u00f6r att vara din perfekta backpacking-kompanjon.       <\/p>\n<div class=\"list-heading\">Nomad RT 38 funktioner<\/div>\n<ul>\n<li>L\u00e4ttviktigt 200D nylon dubbel ripstop-tyg<\/li>\n<li>Roll-top g\u00f6r att ryggs\u00e4ckens volym kan expandera fr\u00e5n 34L till 42L<\/li>\n<li>Gener\u00f6s dragkedje\u00f6ppning till huvudfacket<\/li>\n<li>Tv\u00e5 stretch-flaskfickor<\/li>\n<li>Omfattande f\u00e4stpunkter f\u00f6r daisy chain<\/li>\n<li>Dubbla aluminiumramstag<\/li>\n<li>Sidokompressionsremmar<\/li>\n<li>Lastremmar<\/li>\n<li>Avtagbara br\u00f6stremmar<\/li>\n<li>V\u00e4tskekompatibel med portar p\u00e5 b\u00e5da sidor och trepunktsf\u00e4ste f\u00f6r v\u00e4tskebl\u00e5sa<\/li>\n<li>Luftn\u00e4tst\u00e4ckt upph\u00e4ngning ger maximalt luftfl\u00f6de<\/li>\n<li>Fram\u00e5tdragande \u00e5tdragningsbart midjeb\u00e4lte<\/li>\n<li>Avtagbart vadderat midjeb\u00e4lte med avtagbara fickor<\/li>\n<li>Regnskyddet f\u00f6rvaras snyggt i en ficka med dragkedja p\u00e5 ryggs\u00e4ckens botten tills det beh\u00f6vs<\/li>\n<\/ul>\n<table>\n<tbody>\n<tr>\n<th colspan=\"2\" scope=\"col\">Nomad RT 38<\/th>\n<\/tr>\n<tr>\n<th scope=\"row\">Kapacitet<\/th>\n<td>34 &#8211; 42L \/ 2 075 &#8211; 2 563 in\u00b3<\/td>\n<\/tr>\n<tr>\n<th scope=\"row\">B\u00e5lstorlek<\/th>\n<td>14.5 &#8211; 17.5&#8243;<\/td>\n<\/tr>\n<tr>\n<th scope=\"row\">Midjeb\u00e4ltesstorlek<\/th>\n<td>25 &#8211; 44&#8243;<\/td>\n<\/tr>\n<tr>\n<th scope=\"row\">Vikt<\/th>\n<td>1,98 kg <\/td>\n<\/tr>\n<\/tbody>\n<\/table>\n<div class=\"list-heading\">\nNomad RT 50 funktioner<\/div>\n<ul>\n<li>L\u00e4ttviktigt 200D nylon dubbel ripstop-tyg<\/li>\n<li>Gener\u00f6s dragkedje\u00f6ppning till huvudfacket<\/li>\n<li>Tv\u00e5 stretch-flaskfickor<\/li>\n<li>Omfattande f\u00e4stpunkter f\u00f6r daisy chain<\/li>\n<li>Sidokompressionsremmar<\/li>\n<li>Lastremmar<\/li>\n<li>Avtagbara br\u00f6stremmar<\/li>\n<li>V\u00e4tskekompatibel med portar p\u00e5 b\u00e5da sidor och trepunktsf\u00e4ste f\u00f6r v\u00e4tskebl\u00e5sa<\/li>\n<li>Luftn\u00e4tst\u00e4ckt upph\u00e4ngning ger maximalt luftfl\u00f6de<\/li>\n<li>Fram\u00e5tdragande \u00e5tdragningsbart midjeb\u00e4lte<\/li>\n<li>Avtagbart vadderat midjeb\u00e4lte med avtagbara fickor<\/li>\n<li><a href=\"https:\/\/alpsmountaineering.com\/nomad-waist-belt.html\">Alternativ f\u00f6r litet och XL midjeb\u00e4lte finns tillg\u00e4ngliga<\/a><\/li>\n<li>Roll top g\u00f6r att ryggs\u00e4ckens volym kan expandera fr\u00e5n 40L till 60L<\/li>\n<li>Dubbla aluminiumramstag<\/li>\n<li>Regnskyddet f\u00f6rvaras snyggt i en ficka med dragkedja p\u00e5 ryggs\u00e4ckens botten tills det beh\u00f6vs<\/li>\n<\/ul>\n<table>\n<tbody>\n<tr>\n<th colspan=\"2\" scope=\"col\">Nomad RT 50<\/th>\n<\/tr>\n<tr>\n<th scope=\"row\">Kapacitet<\/th>\n<td>40 &#8211; 60L \/ 2441 &#8211; 3661 in\u00b3<\/td>\n<\/tr>\n<tr>\n<th scope=\"row\">B\u00e5lstorlek<\/th>\n<td>15.5 &#8211; 20.5&#8243;<\/td>\n<\/tr>\n<tr>\n<th scope=\"row\">Midjeb\u00e4ltesstorlek<\/th>\n<td>32 &#8211; 51&#8243;<\/td>\n<\/tr>\n<tr>\n<th scope=\"row\">Vikt<\/th>\n<td>4 lbs. 13 oz. <\/td>\n<\/tr>\n<\/tbody>\n<\/table>\n<div class=\"list-heading\">\nNomad RT 75 funktioner<\/div>\n<ul>\n<li>L\u00e4ttviktigt 200D nylon dubbel ripstop-tyg<\/li>\n<li>Roll-top g\u00f6r att ryggs\u00e4ckens volym kan expandera fr\u00e5n 65L till 85L<\/li>\n<li>Gener\u00f6s dragkedje\u00f6ppning till huvudfacket<\/li>\n<li>Tv\u00e5 stretch-flaskfickor<\/li>\n<li>Omfattande f\u00e4stpunkter f\u00f6r daisy chain<\/li>\n<li>Dubbla aluminiumramstag<\/li>\n<li>Sidokompressionsremmar<\/li>\n<li>Lastremmar<\/li>\n<li>Avtagbara br\u00f6stremmar<\/li>\n<li>V\u00e4tskekompatibel med portar p\u00e5 b\u00e5da sidor och trepunktsf\u00e4ste f\u00f6r v\u00e4tskebl\u00e5sa<\/li>\n<li>Luftn\u00e4tst\u00e4ckt upph\u00e4ngning ger maximalt luftfl\u00f6de<\/li>\n<li>Fram\u00e5tdragande \u00e5tdragningsbart midjeb\u00e4lte<\/li>\n<li>Avtagbart vadderat midjeb\u00e4lte med avtagbara fickor<\/li>\n<li><a href=\"https:\/\/alpsmountaineering.com\/nomad-waist-belt.html\">Alternativ f\u00f6r litet och XL midjeb\u00e4lte finns tillg\u00e4ngliga<\/a><\/li>\n<li>Regnskyddet f\u00f6rvaras snyggt i en ficka med dragkedja p\u00e5 ryggs\u00e4ckens botten tills det beh\u00f6vs<\/li>\n<\/ul>\n<table>\n<tbody>\n<tr>\n<th colspan=\"2\" scope=\"col\">Nomad RT 75<\/th>\n<\/tr>\n<tr>\n<th scope=\"row\">Kapacitet<\/th>\n<td>65 &#8211; 85L \/ 3965 in\u00b3 &#8211; 5187 in\u00b3<\/td>\n<\/tr>\n<tr>\n<th scope=\"row\">B\u00e5lstorlek<\/th>\n<td>16 &#8211; 22&#8243;<\/td>\n<\/tr>\n<tr>\n<th scope=\"row\">Midjeb\u00e4ltesstorlek<\/th>\n<td>32 &#8211; 51&#8243;<\/td>\n<\/tr>\n<tr>\n<th scope=\"row\">Vikt<\/th>\n<td>5 lbs. 6 oz. <\/td>\n<\/tr>\n<\/tbody>\n<\/table>\n","protected":false},"excerpt":{"rendered":"<p>ALPS Mountaineering Nomad RT 38 \u00e4r designad f\u00f6r att m\u00f6ta en vandrares f\u00f6r\u00e4nderliga behov. Rolltoppsryggs\u00e4cken ger m\u00f6jlighet att komprimera ner ryggs\u00e4cken till 34 liter eller expandera till en 42 liters ryggs\u00e4ck. Huvudfacket \u00e4r l\u00e4ttillg\u00e4ngligt tack vare en stor \u00f6ppning med dragkedja. Dess justerbara upph\u00e4ngningssystem har tv\u00e5 platta aluminiumstag och justeras f\u00f6r att passa b\u00e5ll\u00e4ngder fr\u00e5n [&#8230;]\n","protected":false},"featured_media":278960,"comment_status":"open","ping_status":"closed","template":"","meta":[],"product_brand":[],"product_cat":[2523],"product_tag":[],"class_list":{"0":"post-285511","1":"product","2":"type-product","3":"status-publish","4":"has-post-thumbnail","6":"product_cat-ryggsackar","7":"product_shipping_class-medium-sv","9":"first","10":"instock","11":"sale","12":"taxable","13":"shipping-taxable","14":"purchasable","15":"product-type-variable"},"composite_virtual":false,"composite_layout":"","composite_add_to_cart_form_location":"","composite_editable_in_cart":false,"composite_sold_individually_context":"","composite_shop_price_calc":"","composite_components":[],"composite_scenarios":[],"group_of_quantity":0,"min_quantity":0,"max_quantity":"","exclude_order_quantity_value_rules":"no","exclude_category_quantity_rules":"no","combine_variations":"no","exclude_global_add_ons":[],"addons":[],"_links":{"self":[{"href":"https:\/\/www.huntersfriend.eu\/sv\/wp-json\/wp\/v2\/product\/285511","targetHints":{"allow":["GET"]}}],"collection":[{"href":"https:\/\/www.huntersfriend.eu\/sv\/wp-json\/wp\/v2\/product"}],"about":[{"href":"https:\/\/www.huntersfriend.eu\/sv\/wp-json\/wp\/v2\/types\/product"}],"replies":[{"embeddable":true,"href":"https:\/\/www.huntersfriend.eu\/sv\/wp-json\/wp\/v2\/comments?post=285511"}],"wp:featuredmedia":[{"embeddable":true,"href":"https:\/\/www.huntersfriend.eu\/sv\/wp-json\/wp\/v2\/media\/278960"}],"wp:attachment":[{"href":"https:\/\/www.huntersfriend.eu\/sv\/wp-json\/wp\/v2\/media?parent=285511"}],"wp:term":[{"taxonomy":"product_brand","embeddable":true,"href":"https:\/\/www.huntersfriend.eu\/sv\/wp-json\/wp\/v2\/product_brand?post=285511"},{"taxonomy":"product_cat","embeddable":true,"href":"https:\/\/www.huntersfriend.eu\/sv\/wp-json\/wp\/v2\/product_cat?post=285511"},{"taxonomy":"product_tag","embeddable":true,"href":"https:\/\/www.huntersfriend.eu\/sv\/wp-json\/wp\/v2\/product_tag?post=285511"}],"curies":[{"name":"wp","href":"https:\/\/api.w.org\/{rel}","templated":true}]}}