{"id":285504,"date":"2025-05-26T13:10:14","date_gmt":"2025-05-26T11:10:14","guid":{"rendered":"https:\/\/www.huntersfriend.eu\/product\/alps-outdoorz-baja-20l-ryggsack\/"},"modified":"2026-03-26T13:45:27","modified_gmt":"2026-03-26T11:45:27","slug":"alps-outdoorz-baja-20l-ryggsack","status":"publish","type":"product","link":"https:\/\/www.huntersfriend.eu\/sv\/produkt\/alps-outdoorz-baja-20l-ryggsack\/","title":{"rendered":"Alps outdoorz Baja 20L Ryggs\u00e4ck"},"content":{"rendered":"<p>Letar du efter en ryggs\u00e4ck som enkelt kan b\u00e4ras l\u00e4ngs leden eller p\u00e5 en vandring \u00f6ver campus? Kanske beh\u00f6ver du b\u00e5da! ALPS Mountaineerings m\u00e5ngsidiga serie av ryggs\u00e4ckar har s\u00e4kert en ryggs\u00e4ck som passar dina specifika behov. Baja 20 har en elegant, kompakt design som enkelt f\u00f6rvandlas fr\u00e5n en skol- eller arbetsv\u00e4ska till en vandringsryggs\u00e4ck. En upph\u00e4ngd mesh-ryggpanel kombinerad med 3D-mesh skapar ett bekv\u00e4mt och ventilerande upph\u00e4ngningssystem. Huvudf\u00f6rvaringsfacket \u00e4r tillg\u00e4ngligt via en unik dragkedja med full \u00e5tkomst. Det stora huvudfacket och blixtl\u00e5sf\u00f6rsedda lockfickan ger Baja 20 totalt 1 220 kubiktum f\u00f6rvaring. Sidostretchfickor, vandringsstavslingor och en distinkt fr\u00e4mre kompressionspanel\/ficka ger \u00e4nnu mer plats f\u00f6r utrustning. En v\u00e4tskeport med ficka och inbyggt regnskydd ing\u00e5r b\u00e5da, vilket g\u00f6r Baja 20 till en verkligt m\u00e5ngsidig ryggs\u00e4ck som kan anv\u00e4ndas i en m\u00e4ngd olika f\u00f6rh\u00e5llanden och situationer.        <\/p>\n<div class=\"list-heading\">Baja 20 funktioner<\/div>\n<ul>\n<li>L\u00e4ttviktigt 200D nylon dubbel ripstop-tyg<\/li>\n<li>Upph\u00e4ngd mesh-ryggpanel kombinerad med 3D-mesh<\/li>\n<li>Unik dragkedja med full \u00e5tkomst<\/li>\n<li>Distinkt fr\u00e4mre kompressionspanel med kedja<\/li>\n<li>Avtagbar br\u00f6strem<\/li>\n<li>Stretch-sidofickor<\/li>\n<li>Lockficka med dragkedja<\/li>\n<li>Integrerade vandringsstavslingor<\/li>\n<li>Kompatibel med v\u00e4tskesystem<\/li>\n<li>Regnskyddet f\u00f6rvaras snyggt i en ficka med dragkedja p\u00e5 ryggs\u00e4ckens botten tills det beh\u00f6vs<\/li>\n<\/ul>\n<div class=\"list-heading\">Reservoir 3.0 funktioner<\/div>\n<ul>\n<li>3,0 liters reservoar<\/li>\n<li>Anti-mikrobiell IonPure-behandling hj\u00e4lper till att f\u00f6rhindra tillv\u00e4xt av bakterier och m\u00f6gel<\/li>\n<li>Dubbla lock \u2013 stor \u00f6ppning f\u00f6r reng\u00f6ring och mindre \u00f6ppning f\u00f6r p\u00e5fyllning<\/li>\n<li>Snabbkopplingsanordning g\u00f6r att drickslangen kan kopplas bort fr\u00e5n reservoaren utan l\u00e4ckage f\u00f6r enkel p\u00e5fyllning\/reng\u00f6ring<\/li>\n<li>Isolerad drickslang m\u00f6jligg\u00f6r anv\u00e4ndning i extremt kallt v\u00e4der<\/li>\n<li>Drickslangkl\u00e4mman roterar 360\u00b0<\/li>\n<li>BPA- och PVC-fri<\/li>\n<li>Ultravalve\n<ul>\n<li>Inbyggd backventil eliminerar \u00e5terfl\u00f6de och f\u00f6rhindrar att luft kommer in i slangen<\/li>\n<li>Vrid \u00f6ppningen f\u00f6r inget bett \/ fullt fl\u00f6de<\/li>\n<\/ul>\n<\/li>\n<li>Passar bra med <a href=\"https:\/\/alpsmountaineering.com\/alps-cleaning-kit.html\">Reservoir Cleaning Kit<\/a>, <a href=\"https:\/\/alpsmountaineering.com\/magnetic-bite-valve.html\">Magnetic Bite Valve<\/a> och <a href=\"https:\/\/alpsmountaineering.com\/alps-reservoir-bite-valve-sheaths.html\">Bite Valve Sheath<\/a><\/li>\n<\/ul>\n<table>\n<tbody>\n<tr>\n<th colspan=\"2\" scope=\"col\">Baja 20<\/th>\n<\/tr>\n<tr>\n<th scope=\"row\">Kapacitet<\/th>\n<td>20L \/ 1220 in\u00b3<\/td>\n<\/tr>\n<tr>\n<th scope=\"row\">Midjeb\u00e4ltets r\u00e4ckvidd<\/th>\n<td>23 &#8211; 58&#8243;<\/td>\n<\/tr>\n<tr>\n<th scope=\"row\">Vikt<\/th>\n<td>1 lb. 12 oz. <\/td>\n<\/tr>\n<\/tbody>\n<\/table>\n<table>\n<tbody>\n<tr>\n<th colspan=\"2\" scope=\"col\">Reservoir 3.0<\/th>\n<\/tr>\n<tr>\n<th scope=\"row\">Kapacitet<\/th>\n<td>3L \/ 183 in<sup>3<\/sup><\/td>\n<\/tr>\n<tr>\n<th scope=\"row\">M\u00e5tt<\/th>\n<td>16 \u201cH x 8\u201d W<\/td>\n<\/tr>\n<tr>\n<th scope=\"row\">Vikt<\/th>\n<td>5 oz.<\/td>\n<\/tr>\n<\/tbody>\n<\/table>\n","protected":false},"excerpt":{"rendered":"<p>Letar du efter en ryggs\u00e4ck som enkelt kan b\u00e4ras l\u00e4ngs leden eller p\u00e5 en vandring \u00f6ver campus? Kanske beh\u00f6ver du b\u00e5da! ALPS Mountaineerings m\u00e5ngsidiga serie av ryggs\u00e4ckar har s\u00e4kert en ryggs\u00e4ck som passar dina specifika behov. Baja 20 har en elegant, kompakt design som enkelt f\u00f6rvandlas fr\u00e5n en skol- eller arbetsv\u00e4ska till en vandringsryggs\u00e4ck. En [&#8230;]\n","protected":false},"featured_media":278818,"comment_status":"open","ping_status":"closed","template":"","meta":[],"product_brand":[],"product_cat":[2523],"product_tag":[],"class_list":{"0":"post-285504","1":"product","2":"type-product","3":"status-publish","4":"has-post-thumbnail","6":"product_cat-ryggsackar","7":"product_shipping_class-medium-sv","9":"first","10":"instock","11":"sale","12":"taxable","13":"shipping-taxable","14":"purchasable","15":"product-type-variable"},"composite_virtual":false,"composite_layout":"","composite_add_to_cart_form_location":"","composite_editable_in_cart":false,"composite_sold_individually_context":"","composite_shop_price_calc":"","composite_components":[],"composite_scenarios":[],"group_of_quantity":0,"min_quantity":0,"max_quantity":"","exclude_order_quantity_value_rules":"no","exclude_category_quantity_rules":"no","combine_variations":"no","exclude_global_add_ons":[],"addons":[],"_links":{"self":[{"href":"https:\/\/www.huntersfriend.eu\/sv\/wp-json\/wp\/v2\/product\/285504","targetHints":{"allow":["GET"]}}],"collection":[{"href":"https:\/\/www.huntersfriend.eu\/sv\/wp-json\/wp\/v2\/product"}],"about":[{"href":"https:\/\/www.huntersfriend.eu\/sv\/wp-json\/wp\/v2\/types\/product"}],"replies":[{"embeddable":true,"href":"https:\/\/www.huntersfriend.eu\/sv\/wp-json\/wp\/v2\/comments?post=285504"}],"wp:featuredmedia":[{"embeddable":true,"href":"https:\/\/www.huntersfriend.eu\/sv\/wp-json\/wp\/v2\/media\/278818"}],"wp:attachment":[{"href":"https:\/\/www.huntersfriend.eu\/sv\/wp-json\/wp\/v2\/media?parent=285504"}],"wp:term":[{"taxonomy":"product_brand","embeddable":true,"href":"https:\/\/www.huntersfriend.eu\/sv\/wp-json\/wp\/v2\/product_brand?post=285504"},{"taxonomy":"product_cat","embeddable":true,"href":"https:\/\/www.huntersfriend.eu\/sv\/wp-json\/wp\/v2\/product_cat?post=285504"},{"taxonomy":"product_tag","embeddable":true,"href":"https:\/\/www.huntersfriend.eu\/sv\/wp-json\/wp\/v2\/product_tag?post=285504"}],"curies":[{"name":"wp","href":"https:\/\/api.w.org\/{rel}","templated":true}]}}