{"id":285503,"date":"2025-05-26T13:56:59","date_gmt":"2025-05-26T11:56:59","guid":{"rendered":"https:\/\/www.huntersfriend.eu\/product\/alps-mountaineering-hydro-trail-ryggsack-15-eller-17\/"},"modified":"2025-08-26T10:30:47","modified_gmt":"2025-08-26T08:30:47","slug":"alps-mountaineering-hydro-trail-ryggsack-15-eller-17","status":"publish","type":"product","link":"https:\/\/www.huntersfriend.eu\/sv\/produkt\/alps-mountaineering-hydro-trail-ryggsack-15-eller-17\/","title":{"rendered":"Alps Mountaineering Hydro Trail-ryggs\u00e4ck (15 eller 17)"},"content":{"rendered":"<p>Cykling, l\u00f6pning, vandring och kl\u00e4ttring \u00e4r alla sporter som kr\u00e4ver olika typer av tr\u00e4ning, discipliner och utrustning, men oavsett din passion finns det en sak som varje idrottare m\u00e5ste ha \u2013 snabb och enkel tillg\u00e5ng till tillr\u00e4ckliga m\u00e4ngder vatten. Att vara utan vatten kan snabbt bli farligt, och en v\u00e4l utformad v\u00e4tskeryggs\u00e4ck \u00e4r den perfekta l\u00f6sningen. ALPS Mountaineerings utbud av v\u00e4tskeryggs\u00e4ckar g\u00f6r det enkelt och bekv\u00e4mt att b\u00e4ra vatten!  <\/p>\n<p>Hydro Trail 15 \u00e4r utrustad med en 3L ALPS-v\u00e4tskebeh\u00e5llare, men den \u00e4r s\u00e5 mycket mer \u00e4n bara en v\u00e4tskeryggs\u00e4ck. Ryggs\u00e4cken har ett stort huvudfack, en organiseringsficka fram, en fleecefodrad solglas\u00f6gonficka och en expanderbar stretchficka fram f\u00f6r att f\u00f6rvara en hj\u00e4lm. Ett 3D-mesh-upph\u00e4ngningssystem, axelremmar i mesh och ett avtagbart midjeb\u00e4lte ger Hydro Trail 15 en n\u00e4ra och bekv\u00e4m passform mot kroppen. Komplett med reflexdetaljer, sidokompression och inbyggt regnskydd \u00e4r Hydro Trail 15 den ultimata ryggs\u00e4cken f\u00f6r att transportera din viktigaste utrustning.   <\/p>\n<p>F\u00e4rger \u2013 Gr\u00e5\/aprikos och Gr\u00e5\/Chili<\/p>\n<ul>\n<li>3L ALPS-v\u00e4tskebeh\u00e5llare ing\u00e5r<\/li>\n<li>L\u00e4ttviktigt 200D nylon dubbel ripstop-tyg<\/li>\n<li>3D-mesh-upph\u00e4ngning<\/li>\n<li>Fleecefodrad solglas\u00f6gonficka<\/li>\n<li>Organiseringsficka fram<\/li>\n<li>Fr\u00e4mre stretchficka expanderar f\u00f6r hj\u00e4lm<\/li>\n<li>Sidokompression och stretch-sidfickor<\/li>\n<li>Avtagbart midjeb\u00e4lte och br\u00f6strem<\/li>\n<li>Reflexdetaljer<\/li>\n<li>Regnskyddet f\u00f6rvaras snyggt i en ficka med dragkedja p\u00e5 ryggs\u00e4ckens botten tills det beh\u00f6vs<\/li>\n<\/ul>\n<table>\n<tbody>\n<tr>\n<th scope=\"row\">Kapacitet<\/th>\n<td>15L \/ 953 in<sup>3<\/sup><\/td>\n<\/tr>\n<tr>\n<th scope=\"row\">Midjeb\u00e4ltets r\u00e4ckvidd<\/th>\n<td>passar upp till 59&#8243;<\/td>\n<\/tr>\n<tr>\n<th scope=\"row\">Vikt<\/th>\n<td>2 lbs. 4 oz. <\/td>\n<\/tr>\n<\/tbody>\n<\/table>\n<p>Hydro Trail 17 \u00e4r utrustad med en 3L ALPS-v\u00e4tskebeh\u00e5llare, men \u00e4r s\u00e5 mycket mer \u00e4n bara en v\u00e4tskeryggs\u00e4ck. Ryggs\u00e4cken har ett stort huvudfack, en organiseringsficka fram, stretch-sidfickor, f\u00e4sten f\u00f6r vandringsstavar och sidokompression. En upph\u00e4ngd mesh-ryggpanel m\u00f6jligg\u00f6r f\u00f6rb\u00e4ttrad andningsf\u00f6rm\u00e5ga och luftfl\u00f6de utan att kompromissa med passformen. Komplett med reflexdetaljer och inbyggt regnskydd \u00e4r Hydro Trail 17 en allt-i-ett-ryggs\u00e4ck perfekt f\u00f6r att transportera din viktigaste utrustning.   <\/p>\n<p>F\u00e4rger \u2013 Gr\u00e5\/Marinbl\u00e5 och Chili\/Gr\u00e5<\/p>\n<ul>\n<li>3L ALPS-v\u00e4tskebeh\u00e5llare ing\u00e5r<\/li>\n<li>L\u00e4ttviktigt 200D nylon dubbel ripstop-tyg<\/li>\n<li>Upph\u00e4ngd ryggpanel i mesh<\/li>\n<li>Avtagbar br\u00f6strem<\/li>\n<li>Organiseringsficka fram<\/li>\n<li>F\u00e4sten f\u00f6r vandringsstavar<\/li>\n<li>Sidokompression<\/li>\n<li>Stretch-sidofickor<\/li>\n<li>Reflexdetaljer<\/li>\n<li>Regnskyddet f\u00f6rvaras snyggt i en ficka med dragkedja p\u00e5 ryggs\u00e4ckens botten tills det beh\u00f6vs<\/li>\n<\/ul>\n<table>\n<tbody>\n<tr>\n<th scope=\"row\">Kapacitet<\/th>\n<td>17 L \/ 1038 in<sup>3<\/sup><\/td>\n<\/tr>\n<tr>\n<th scope=\"row\">Midjeb\u00e4ltets r\u00e4ckvidd<\/th>\n<td>passar upp till 54&#8243;<\/td>\n<\/tr>\n<tr>\n<th scope=\"row\">Vikt<\/th>\n<td>2 lbs. 2 oz. <\/td>\n<\/tr>\n<\/tbody>\n<\/table>\n","protected":false},"excerpt":{"rendered":"<p>Cykling, l\u00f6pning, vandring och kl\u00e4ttring \u00e4r alla sporter som kr\u00e4ver olika typer av tr\u00e4ning, discipliner och utrustning, men oavsett din passion finns det en sak som varje idrottare m\u00e5ste ha \u2013 snabb och enkel tillg\u00e5ng till tillr\u00e4ckliga m\u00e4ngder vatten. Att vara utan vatten kan snabbt bli farligt, och en v\u00e4l utformad v\u00e4tskeryggs\u00e4ck \u00e4r den perfekta [&#8230;]\n","protected":false},"featured_media":279217,"comment_status":"open","ping_status":"closed","template":"","meta":[],"product_brand":[],"product_cat":[2523],"product_tag":[],"class_list":{"0":"post-285503","1":"product","2":"type-product","3":"status-publish","4":"has-post-thumbnail","6":"product_cat-ryggsackar","7":"product_shipping_class-medium-sv","9":"first","10":"instock","11":"sale","12":"taxable","13":"shipping-taxable","14":"purchasable","15":"product-type-variable"},"composite_virtual":false,"composite_layout":"","composite_add_to_cart_form_location":"","composite_editable_in_cart":false,"composite_sold_individually_context":"","composite_shop_price_calc":"","composite_components":[],"composite_scenarios":[],"group_of_quantity":0,"min_quantity":0,"max_quantity":"","exclude_order_quantity_value_rules":"no","exclude_category_quantity_rules":"no","combine_variations":"no","exclude_global_add_ons":[],"addons":[],"_links":{"self":[{"href":"https:\/\/www.huntersfriend.eu\/sv\/wp-json\/wp\/v2\/product\/285503","targetHints":{"allow":["GET"]}}],"collection":[{"href":"https:\/\/www.huntersfriend.eu\/sv\/wp-json\/wp\/v2\/product"}],"about":[{"href":"https:\/\/www.huntersfriend.eu\/sv\/wp-json\/wp\/v2\/types\/product"}],"replies":[{"embeddable":true,"href":"https:\/\/www.huntersfriend.eu\/sv\/wp-json\/wp\/v2\/comments?post=285503"}],"wp:featuredmedia":[{"embeddable":true,"href":"https:\/\/www.huntersfriend.eu\/sv\/wp-json\/wp\/v2\/media\/279217"}],"wp:attachment":[{"href":"https:\/\/www.huntersfriend.eu\/sv\/wp-json\/wp\/v2\/media?parent=285503"}],"wp:term":[{"taxonomy":"product_brand","embeddable":true,"href":"https:\/\/www.huntersfriend.eu\/sv\/wp-json\/wp\/v2\/product_brand?post=285503"},{"taxonomy":"product_cat","embeddable":true,"href":"https:\/\/www.huntersfriend.eu\/sv\/wp-json\/wp\/v2\/product_cat?post=285503"},{"taxonomy":"product_tag","embeddable":true,"href":"https:\/\/www.huntersfriend.eu\/sv\/wp-json\/wp\/v2\/product_tag?post=285503"}],"curies":[{"name":"wp","href":"https:\/\/api.w.org\/{rel}","templated":true}]}}