{"id":285497,"date":"2025-05-26T07:22:17","date_gmt":"2025-05-26T05:22:17","guid":{"rendered":"https:\/\/www.huntersfriend.eu\/product\/svala-airbase-raglan-understall\/"},"modified":"2026-03-05T12:41:30","modified_gmt":"2026-03-05T10:41:30","slug":"svala-airbase-raglan-understall","status":"publish","type":"product","link":"https:\/\/www.huntersfriend.eu\/sv\/produkt\/svala-airbase-raglan-understall\/","title":{"rendered":"Svala Airbase raglan underst\u00e4ll"},"content":{"rendered":"<p data-start=\"51\" data-end=\"419\"><strong data-start=\"51\" data-end=\"81\">Svala Airbase Raglan Shirt<\/strong> \u00e4r designad f\u00f6r att t\u00e5la h\u00e5rt slitage och alla typer av f\u00f6rh\u00e5llanden. De maskstickade \u00f6glorna f\u00e5ngar luft effektivt och andas, vilket g\u00f6r den l\u00e4mplig f\u00f6r b\u00e5de kallt och varmt v\u00e4der. Tr\u00f6jan \u00e4r otroligt bekv\u00e4m och varm mot huden, vilket g\u00f6r att du kan njuta av h\u00f6gintensiva aktiviteter, pauser och v\u00e4xlande temperaturer utan att oroa dig.  <\/p>\n<p data-start=\"421\" data-end=\"903\">Denna mesh-tr\u00f6ja \u00e4r en p\u00e5litlig f\u00f6ljeslagare f\u00f6r utomhusarbete och hobbyer. Den kan till exempel anv\u00e4ndas vid kajakpaddling p\u00e5 sommaren eller under vandrings-\/jaktutrustning i f\u00f6rh\u00e5llanden som str\u00e4cker sig fr\u00e5n sommarv\u00e4rme till l\u00e4tt frost. Vid intensiv fysisk aktivitet presterar den bra \u00e4ven i temperaturer s\u00e5 l\u00e5ga som -15 \u00b0C. I kallare v\u00e4der kan mesh-tr\u00f6jan b\u00e4ras under termiska lager, d\u00e4r den \u00f6verf\u00f6r fukt till det yttre lagret, ger ventilation och bildar ett v\u00e4rmande luftlager p\u00e5 hudens yta.   <\/p>\n<p data-start=\"905\" data-end=\"1490\">Tr\u00f6jan \u00e4r formsydd och flexibel, med en O-ringning och raglan\u00e4rmar. S\u00f6mmarna vid axlarna \u00e4r utformade f\u00f6r att undvika tryckpunkter n\u00e4r du b\u00e4r utrustning \u2013 det finns ingen s\u00f6m direkt ovanp\u00e5 axeln. Ist\u00e4llet \u00e4r s\u00f6mmarna placerade p\u00e5 b\u00e5da sidor om axellinjen, vilket m\u00f6jligg\u00f6r en b\u00e4ttre passform \u00f6ver olika axelbredder. Den bakre f\u00e5llen \u00e4r l\u00e4ngre. Tillverkad av 100 % polypropylengarn som har behandlats med antibakteriella egenskaper f\u00f6re spinning, vilket g\u00f6r att tr\u00f6jan h\u00e5ller sig fr\u00e4sch l\u00e4ngre. Svala Airbase Raglan Shirt kr\u00e4ver inte frekvent tv\u00e4tt \u2013 lufta den bara efter anv\u00e4ndning.     <\/p>\n<p data-start=\"1492\" data-end=\"1776\"><strong data-start=\"1492\" data-end=\"1505\">Material:<\/strong> 100 % polypropylen, silverjoniserad och antibakteriell<br data-start=\"1558\" data-end=\"1561\"><strong data-start=\"1561\" data-end=\"1571\">F\u00e4rg:<\/strong> svart<br data-start=\"1577\" data-end=\"1580\"><strong data-start=\"1580\" data-end=\"1589\">Tv\u00e4tt:<\/strong> 60 \u00b0C. Helst i en tv\u00e4ttp\u00e5se f\u00f6r att f\u00f6rhindra att mesh-stickningen fastnar i till exempel dragkedjor p\u00e5 andra plagg. Tv\u00e4tt kan g\u00f6ras mer s\u00e4llan genom att lufta tr\u00f6jan mellan anv\u00e4ndningarna.  <\/p>\n","protected":false},"excerpt":{"rendered":"<p>Svala Airbase Raglan Shirt \u00e4r designad f\u00f6r att t\u00e5la h\u00e5rt slitage och alla typer av f\u00f6rh\u00e5llanden. De maskstickade \u00f6glorna f\u00e5ngar luft effektivt och andas, vilket g\u00f6r den l\u00e4mplig f\u00f6r b\u00e5de kallt och varmt v\u00e4der. Tr\u00f6jan \u00e4r otroligt bekv\u00e4m och varm mot huden, vilket g\u00f6r att du kan njuta av h\u00f6gintensiva aktiviteter, pauser och v\u00e4xlande temperaturer [&#8230;]\n","protected":false},"featured_media":278703,"comment_status":"open","ping_status":"closed","template":"","meta":[],"product_brand":[],"product_cat":[2580],"product_tag":[],"class_list":{"0":"post-285497","1":"product","2":"type-product","3":"status-publish","4":"has-post-thumbnail","6":"product_cat-lager-pa-lager","8":"first","9":"instock","10":"taxable","11":"shipping-taxable","12":"purchasable","13":"product-type-variable"},"composite_virtual":false,"composite_layout":"","composite_add_to_cart_form_location":"","composite_editable_in_cart":false,"composite_sold_individually_context":"","composite_shop_price_calc":"","composite_components":[],"composite_scenarios":[],"group_of_quantity":0,"min_quantity":0,"max_quantity":"","exclude_order_quantity_value_rules":"no","exclude_category_quantity_rules":"no","combine_variations":"no","exclude_global_add_ons":[],"addons":[],"_links":{"self":[{"href":"https:\/\/www.huntersfriend.eu\/sv\/wp-json\/wp\/v2\/product\/285497","targetHints":{"allow":["GET"]}}],"collection":[{"href":"https:\/\/www.huntersfriend.eu\/sv\/wp-json\/wp\/v2\/product"}],"about":[{"href":"https:\/\/www.huntersfriend.eu\/sv\/wp-json\/wp\/v2\/types\/product"}],"replies":[{"embeddable":true,"href":"https:\/\/www.huntersfriend.eu\/sv\/wp-json\/wp\/v2\/comments?post=285497"}],"wp:featuredmedia":[{"embeddable":true,"href":"https:\/\/www.huntersfriend.eu\/sv\/wp-json\/wp\/v2\/media\/278703"}],"wp:attachment":[{"href":"https:\/\/www.huntersfriend.eu\/sv\/wp-json\/wp\/v2\/media?parent=285497"}],"wp:term":[{"taxonomy":"product_brand","embeddable":true,"href":"https:\/\/www.huntersfriend.eu\/sv\/wp-json\/wp\/v2\/product_brand?post=285497"},{"taxonomy":"product_cat","embeddable":true,"href":"https:\/\/www.huntersfriend.eu\/sv\/wp-json\/wp\/v2\/product_cat?post=285497"},{"taxonomy":"product_tag","embeddable":true,"href":"https:\/\/www.huntersfriend.eu\/sv\/wp-json\/wp\/v2\/product_tag?post=285497"}],"curies":[{"name":"wp","href":"https:\/\/api.w.org\/{rel}","templated":true}]}}