{"id":285496,"date":"2025-05-20T14:42:15","date_gmt":"2025-05-20T12:42:15","guid":{"rendered":"https:\/\/www.huntersfriend.eu\/product\/alps-mountaineering-tri-leg-xt\/"},"modified":"2025-08-26T10:30:41","modified_gmt":"2025-08-26T08:30:41","slug":"alps-mountaineering-tri-leg-xt","status":"publish","type":"product","link":"https:\/\/www.huntersfriend.eu\/sv\/produkt\/alps-mountaineering-tri-leg-xt\/","title":{"rendered":"Alps mountaineering Tri-leg XT"},"content":{"rendered":"<p>Tri-Leg XT \u00e4r perfekt att ta med n\u00e4r utrymmet \u00e4r begr\u00e4nsat och vikten spelar roll. Den extra h\u00f6ga sitth\u00f6jden g\u00f6r att du kan sitta bekv\u00e4mare under l\u00e4ngre perioder. Tri-Leg XT f\u00e4lls ihop och f\u00e5r plats i en b\u00e4rv\u00e4ska. Pallen p\u00e5 1,1 kg \u00e4r tillverkad av en pulverlackerad st\u00e5lram och har ett f\u00f6rst\u00e4rkande extra mittst\u00f6dssystem f\u00f6r att h\u00e5lla upp till 113 kg. Sitsen i nylonmesh ger komfort och andningsf\u00f6rm\u00e5ga. Det finns ocks\u00e5 en b\u00e4rrem f\u00e4st p\u00e5 Tri-Leg XT om du inte vill ta med b\u00e4rv\u00e4skan.     <\/p>\n<ul>\n<li>Sits i nylonmesh<\/li>\n<li>Pulverlackerad st\u00e5lram<\/li>\n<li>Extra mittst\u00f6d och v\u00e4v<\/li>\n<li>B\u00e4rv\u00e4ska med dragsko<\/li>\n<\/ul>\n<table>\n<tbody>\n<tr>\n<th scope=\"row\">Sitsbredd<\/th>\n<td>16&#8243;<\/td>\n<\/tr>\n<tr>\n<th scope=\"row\">Sittdjup<\/th>\n<td>15&#8243;<\/td>\n<\/tr>\n<tr>\n<th scope=\"row\">Sitth\u00f6jd<\/th>\n<td>22&#8243;<\/td>\n<\/tr>\n<tr>\n<th scope=\"row\">Packad storlek<br \/>\nM\u00e5tt<\/th>\n<td>28&#8243; L x 3&#8243; W x 3&#8243; H<\/td>\n<\/tr>\n<tr>\n<th scope=\"row\">Vikt<\/th>\n<td>1,1 kg <\/td>\n<\/tr>\n<tr>\n<th scope=\"row\">Viktkapacitet<\/th>\n<td>250 lbs.<\/td>\n<\/tr>\n<\/tbody>\n<\/table>\n","protected":false},"excerpt":{"rendered":"<p>Tri-Leg XT \u00e4r perfekt att ta med n\u00e4r utrymmet \u00e4r begr\u00e4nsat och vikten spelar roll. Den extra h\u00f6ga sitth\u00f6jden g\u00f6r att du kan sitta bekv\u00e4mare under l\u00e4ngre perioder. Tri-Leg XT f\u00e4lls ihop och f\u00e5r plats i en b\u00e4rv\u00e4ska. Pallen p\u00e5 1,1 kg \u00e4r tillverkad av en pulverlackerad st\u00e5lram och har ett f\u00f6rst\u00e4rkande extra mittst\u00f6dssystem f\u00f6r [&#8230;]\n","protected":false},"featured_media":278710,"comment_status":"open","ping_status":"closed","template":"","meta":[],"product_brand":[],"product_cat":[2567,2574,2563],"product_tag":[],"class_list":{"0":"post-285496","1":"product","2":"type-product","3":"status-publish","4":"has-post-thumbnail","6":"product_cat-campingtillbehor","7":"product_cat-stolar-och-pallar-for-gomslen","8":"product_cat-tillbehor-for-jakt-torn-och-gomslen","10":"first","11":"instock","12":"taxable","13":"shipping-taxable","14":"purchasable","15":"product-type-simple"},"composite_virtual":false,"composite_layout":"","composite_add_to_cart_form_location":"","composite_editable_in_cart":false,"composite_sold_individually_context":"","composite_shop_price_calc":"","composite_components":[],"composite_scenarios":[],"group_of_quantity":0,"min_quantity":0,"max_quantity":"","exclude_order_quantity_value_rules":"no","exclude_category_quantity_rules":"no","combine_variations":"no","exclude_global_add_ons":[],"addons":[],"_links":{"self":[{"href":"https:\/\/www.huntersfriend.eu\/sv\/wp-json\/wp\/v2\/product\/285496","targetHints":{"allow":["GET"]}}],"collection":[{"href":"https:\/\/www.huntersfriend.eu\/sv\/wp-json\/wp\/v2\/product"}],"about":[{"href":"https:\/\/www.huntersfriend.eu\/sv\/wp-json\/wp\/v2\/types\/product"}],"replies":[{"embeddable":true,"href":"https:\/\/www.huntersfriend.eu\/sv\/wp-json\/wp\/v2\/comments?post=285496"}],"wp:featuredmedia":[{"embeddable":true,"href":"https:\/\/www.huntersfriend.eu\/sv\/wp-json\/wp\/v2\/media\/278710"}],"wp:attachment":[{"href":"https:\/\/www.huntersfriend.eu\/sv\/wp-json\/wp\/v2\/media?parent=285496"}],"wp:term":[{"taxonomy":"product_brand","embeddable":true,"href":"https:\/\/www.huntersfriend.eu\/sv\/wp-json\/wp\/v2\/product_brand?post=285496"},{"taxonomy":"product_cat","embeddable":true,"href":"https:\/\/www.huntersfriend.eu\/sv\/wp-json\/wp\/v2\/product_cat?post=285496"},{"taxonomy":"product_tag","embeddable":true,"href":"https:\/\/www.huntersfriend.eu\/sv\/wp-json\/wp\/v2\/product_tag?post=285496"}],"curies":[{"name":"wp","href":"https:\/\/api.w.org\/{rel}","templated":true}]}}