{"id":285495,"date":"2025-05-22T12:50:13","date_gmt":"2025-05-22T10:50:13","guid":{"rendered":"https:\/\/www.huntersfriend.eu\/product\/zeiss-solpanel-mini\/"},"modified":"2025-08-26T10:30:41","modified_gmt":"2025-08-26T08:30:41","slug":"zeiss-solpanel-mini","status":"publish","type":"product","link":"https:\/\/www.huntersfriend.eu\/sv\/produkt\/zeiss-solpanel-mini\/","title":{"rendered":"ZEISS solpanel mini"},"content":{"rendered":"<p data-start=\"68\" data-end=\"148\"><strong data-start=\"68\" data-end=\"148\">ZEISS solpanel mini \u2013 kontinuerlig str\u00f6m fr\u00e5n solen till din \u00e5telkamera<\/strong><\/p>\n<p data-start=\"150\" data-end=\"484\">ZEISS Solar-Panel Mini \u00e4r en l\u00e4tt och effektiv solpanel som f\u00f6rser ZEISS Secacam-\u00e5telkameror med en milj\u00f6v\u00e4nlig och praktiskt taget underh\u00e5llsfri str\u00f6mf\u00f6rs\u00f6rjning. Det \u00e4r en idealisk l\u00f6sning f\u00f6r l\u00e5ngvarig kamera\u00f6vervakning i omr\u00e5den utan tillg\u00e5ng till eln\u00e4t, d\u00e4r det \u00e4r opraktiskt att byta batterier. <\/p>\n<p data-start=\"486\" data-end=\"906\">Solar-Panel Mini \u00e4r speciellt utformad f\u00f6r utomhusbruk: den \u00e4r v\u00e4derbest\u00e4ndig (IP66), utrustad med h\u00f6gkvalitativa solceller och har ett integrerat 2 600 mAh litiumjonbatteri som effektivt lagrar energi som samlas in under dagen. N\u00e4r den anv\u00e4nds med ZEISS Secacam 3 Power Pack m\u00f6jligg\u00f6r den extremt l\u00e5ngvarig, n\u00e4stan oavbruten kameradrift \u2013 s\u00e4rskilt under sommaren och i soliga f\u00f6rh\u00e5llanden. <\/p>\n<p data-start=\"908\" data-end=\"1087\">Den \u00e4r enkel att installera med hj\u00e4lp av de medf\u00f6ljande f\u00e4stena eller remmarna f\u00f6r montering p\u00e5 ett tr\u00e4d eller en stolpe. Panelen har en USB-C-utg\u00e5ng, vilket s\u00e4kerst\u00e4ller kompatibilitet med ZEISS-str\u00f6mtillbeh\u00f6r. <\/p>\n<p data-start=\"1089\" data-end=\"1118\"><strong data-start=\"1089\" data-end=\"1118\">Tekniska specifikationer:<\/strong><\/p>\n<ul data-start=\"1120\" data-end=\"1708\">\n<li data-start=\"1120\" data-end=\"1207\">\n<p data-start=\"1122\" data-end=\"1207\"><strong data-start=\"1122\" data-end=\"1140\">Kompatibilitet:<\/strong> ZEISS Secacam-seriens \u00e5telkameror och Power Pack-str\u00f6mf\u00f6rs\u00f6rjning<\/p>\n<\/li>\n<li data-start=\"1208\" data-end=\"1234\">\n<p data-start=\"1210\" data-end=\"1234\"><strong data-start=\"1210\" data-end=\"1226\">Paneleffekt:<\/strong> 3,5 W<\/p>\n<\/li>\n<li data-start=\"1235\" data-end=\"1290\">\n<p data-start=\"1237\" data-end=\"1290\"><strong data-start=\"1237\" data-end=\"1258\">Internt batteri:<\/strong> 5 000 mAh litiumjonbatteri<\/p>\n<\/li>\n<li data-start=\"1291\" data-end=\"1329\">\n<p data-start=\"1293\" data-end=\"1329\"><strong data-start=\"1293\" data-end=\"1311\">Laddningsport:<\/strong> USB-C, 5 m kabel<\/p>\n<\/li>\n<li data-start=\"1330\" data-end=\"1429\">\n<p data-start=\"1332\" data-end=\"1429\"><strong data-start=\"1332\" data-end=\"1362\">Laddningstid i solljus:<\/strong> ca 6\u201310 timmar till full laddning (beroende p\u00e5 ljus och vinkel) <\/p>\n<\/li>\n<li data-start=\"1430\" data-end=\"1484\">\n<p data-start=\"1432\" data-end=\"1484\"><strong data-start=\"1432\" data-end=\"1454\">Skyddsklassning:<\/strong> IP66 \u2013 damm- och vattent\u00e4t<\/p>\n<\/li>\n<li data-start=\"1485\" data-end=\"1530\">\n<p data-start=\"1487\" data-end=\"1530\"><strong data-start=\"1487\" data-end=\"1502\">M\u00e5tt:<\/strong> ca 160 x 110 x 20 mm <\/p>\n<\/li>\n<li data-start=\"1531\" data-end=\"1560\">\n<p data-start=\"1533\" data-end=\"1560\"><strong data-start=\"1533\" data-end=\"1544\">Vikt:<\/strong> ca 380 g <\/p>\n<\/li>\n<li data-start=\"1561\" data-end=\"1662\">\n<p data-start=\"1563\" data-end=\"1662\"><strong data-start=\"1563\" data-end=\"1580\">Installation:<\/strong> Monteringsrem, vinkeljusterbart vinkelf\u00e4ste, kablar (ing\u00e5r i paketet)<\/p>\n<\/li>\n<li data-start=\"1663\" data-end=\"1708\">\n<p data-start=\"1665\" data-end=\"1708\"><strong data-start=\"1665\" data-end=\"1691\">Drifttemperatur:<\/strong> -20 \u00b0C till +55 \u00b0C<\/p>\n<\/li>\n<\/ul>\n","protected":false},"excerpt":{"rendered":"<p>ZEISS solpanel mini \u2013 kontinuerlig str\u00f6m fr\u00e5n solen till din \u00e5telkamera ZEISS Solar-Panel Mini \u00e4r en l\u00e4tt och effektiv solpanel som f\u00f6rser ZEISS Secacam-\u00e5telkameror med en milj\u00f6v\u00e4nlig och praktiskt taget underh\u00e5llsfri str\u00f6mf\u00f6rs\u00f6rjning. Det \u00e4r en idealisk l\u00f6sning f\u00f6r l\u00e5ngvarig kamera\u00f6vervakning i omr\u00e5den utan tillg\u00e5ng till eln\u00e4t, d\u00e4r det \u00e4r opraktiskt att byta batterier. Solar-Panel Mini [&#8230;]\n","protected":false},"featured_media":279271,"comment_status":"open","ping_status":"closed","template":"","meta":[],"product_brand":[],"product_cat":[2573],"product_tag":[],"class_list":{"0":"post-285495","1":"product","2":"type-product","3":"status-publish","4":"has-post-thumbnail","6":"product_cat-tillbehor-for-atelkameror","8":"first","9":"instock","10":"taxable","11":"shipping-taxable","12":"purchasable","13":"product-type-simple"},"composite_virtual":false,"composite_layout":"","composite_add_to_cart_form_location":"","composite_editable_in_cart":false,"composite_sold_individually_context":"","composite_shop_price_calc":"","composite_components":[],"composite_scenarios":[],"group_of_quantity":0,"min_quantity":0,"max_quantity":"","exclude_order_quantity_value_rules":"no","exclude_category_quantity_rules":"no","combine_variations":"no","exclude_global_add_ons":[],"addons":[],"_links":{"self":[{"href":"https:\/\/www.huntersfriend.eu\/sv\/wp-json\/wp\/v2\/product\/285495","targetHints":{"allow":["GET"]}}],"collection":[{"href":"https:\/\/www.huntersfriend.eu\/sv\/wp-json\/wp\/v2\/product"}],"about":[{"href":"https:\/\/www.huntersfriend.eu\/sv\/wp-json\/wp\/v2\/types\/product"}],"replies":[{"embeddable":true,"href":"https:\/\/www.huntersfriend.eu\/sv\/wp-json\/wp\/v2\/comments?post=285495"}],"wp:featuredmedia":[{"embeddable":true,"href":"https:\/\/www.huntersfriend.eu\/sv\/wp-json\/wp\/v2\/media\/279271"}],"wp:attachment":[{"href":"https:\/\/www.huntersfriend.eu\/sv\/wp-json\/wp\/v2\/media?parent=285495"}],"wp:term":[{"taxonomy":"product_brand","embeddable":true,"href":"https:\/\/www.huntersfriend.eu\/sv\/wp-json\/wp\/v2\/product_brand?post=285495"},{"taxonomy":"product_cat","embeddable":true,"href":"https:\/\/www.huntersfriend.eu\/sv\/wp-json\/wp\/v2\/product_cat?post=285495"},{"taxonomy":"product_tag","embeddable":true,"href":"https:\/\/www.huntersfriend.eu\/sv\/wp-json\/wp\/v2\/product_tag?post=285495"}],"curies":[{"name":"wp","href":"https:\/\/api.w.org\/{rel}","templated":true}]}}