{"id":285494,"date":"2025-05-20T14:42:14","date_gmt":"2025-05-20T12:42:14","guid":{"rendered":"https:\/\/www.huntersfriend.eu\/product\/alperna-bergsklattring-grafit-20-torr-forvaring\/"},"modified":"2025-08-26T10:30:40","modified_gmt":"2025-08-26T08:30:40","slug":"alperna-bergsklattring-grafit-20-torr-forvaring","status":"publish","type":"product","link":"https:\/\/www.huntersfriend.eu\/sv\/produkt\/alperna-bergsklattring-grafit-20-torr-forvaring\/","title":{"rendered":"Alperna bergskl\u00e4ttring grafit 20 torr f\u00f6rvaring"},"content":{"rendered":"<p>V\u00e5r nya vattent\u00e4ta rulltoppspack \u00e4r din n\u00e4sta m\u00e5ste-ha \u00e4ventyrsutrustning. Graphite 20 erbjuder torr v\u00e4ska-funktionalitet i en l\u00e4ttburen ryggs\u00e4ckskonfiguration. Tillverkad av slitstark och vattent\u00e4t 300D polyester ripstop, har packen en rulltoppst\u00e4ngning och kompressionsremmar f\u00f6r att s\u00e4kra inneh\u00e5llet och f\u00f6rhindra vattenintr\u00e5ng. En vadderad ryggpanel och justerbara axelremmar tar hand om komfortfaktorn, medan en daisy chain i full l\u00e4ngd ger yttre f\u00e4stpunkter. Ge dig ut p\u00e5 leden eller sl\u00e4ng in den i kajaken och var s\u00e4ker p\u00e5 att din utrustning kommer att vara torr.    <\/p>\n<ul>\n<li>Slitstark vattent\u00e4t 300D polyester ripstop<\/li>\n<li>S\u00e4ker rulltoppst\u00e4ngning med kompressionsrem upptill<\/li>\n<li>Vadderad ryggpanel och axelremmar<\/li>\n<li>Justerbar br\u00f6strem<\/li>\n<li>Sidokompression och bottenkompressionsremmar<\/li>\n<li>Daisy chain i full l\u00e4ngd ger flera f\u00e4stpunkter<\/li>\n<li>Reparationssats ing\u00e5r<\/li>\n<\/ul>\n<table>\n<tbody>\n<tr>\n<th scope=\"row\">Kapacitet<\/th>\n<td>20L \/ 1220 in\u00b3<\/td>\n<\/tr>\n<tr>\n<th scope=\"row\">M\u00e5tt (efter 3 rullningar)<\/th>\n<td>18&#8243; H x 11&#8243; W x 5&#8243; D<\/td>\n<\/tr>\n<tr>\n<th scope=\"row\">Vikt<\/th>\n<td>1 lb. 10 oz. <\/td>\n<\/tr>\n<\/tbody>\n<\/table>\n","protected":false},"excerpt":{"rendered":"<p>V\u00e5r nya vattent\u00e4ta rulltoppspack \u00e4r din n\u00e4sta m\u00e5ste-ha \u00e4ventyrsutrustning. Graphite 20 erbjuder torr v\u00e4ska-funktionalitet i en l\u00e4ttburen ryggs\u00e4ckskonfiguration. Tillverkad av slitstark och vattent\u00e4t 300D polyester ripstop, har packen en rulltoppst\u00e4ngning och kompressionsremmar f\u00f6r att s\u00e4kra inneh\u00e5llet och f\u00f6rhindra vattenintr\u00e5ng. En vadderad ryggpanel och justerbara axelremmar tar hand om komfortfaktorn, medan en daisy chain i full [&#8230;]\n","protected":false},"featured_media":278794,"comment_status":"open","ping_status":"closed","template":"","meta":[],"product_brand":[],"product_cat":[2567,2523],"product_tag":[],"class_list":{"0":"post-285494","1":"product","2":"type-product","3":"status-publish","4":"has-post-thumbnail","6":"product_cat-campingtillbehor","7":"product_cat-ryggsackar","9":"first","10":"instock","11":"sale","12":"taxable","13":"shipping-taxable","14":"purchasable","15":"product-type-simple"},"composite_virtual":false,"composite_layout":"","composite_add_to_cart_form_location":"","composite_editable_in_cart":false,"composite_sold_individually_context":"","composite_shop_price_calc":"","composite_components":[],"composite_scenarios":[],"group_of_quantity":0,"min_quantity":0,"max_quantity":"","exclude_order_quantity_value_rules":"no","exclude_category_quantity_rules":"no","combine_variations":"no","exclude_global_add_ons":[],"addons":[],"_links":{"self":[{"href":"https:\/\/www.huntersfriend.eu\/sv\/wp-json\/wp\/v2\/product\/285494","targetHints":{"allow":["GET"]}}],"collection":[{"href":"https:\/\/www.huntersfriend.eu\/sv\/wp-json\/wp\/v2\/product"}],"about":[{"href":"https:\/\/www.huntersfriend.eu\/sv\/wp-json\/wp\/v2\/types\/product"}],"replies":[{"embeddable":true,"href":"https:\/\/www.huntersfriend.eu\/sv\/wp-json\/wp\/v2\/comments?post=285494"}],"wp:featuredmedia":[{"embeddable":true,"href":"https:\/\/www.huntersfriend.eu\/sv\/wp-json\/wp\/v2\/media\/278794"}],"wp:attachment":[{"href":"https:\/\/www.huntersfriend.eu\/sv\/wp-json\/wp\/v2\/media?parent=285494"}],"wp:term":[{"taxonomy":"product_brand","embeddable":true,"href":"https:\/\/www.huntersfriend.eu\/sv\/wp-json\/wp\/v2\/product_brand?post=285494"},{"taxonomy":"product_cat","embeddable":true,"href":"https:\/\/www.huntersfriend.eu\/sv\/wp-json\/wp\/v2\/product_cat?post=285494"},{"taxonomy":"product_tag","embeddable":true,"href":"https:\/\/www.huntersfriend.eu\/sv\/wp-json\/wp\/v2\/product_tag?post=285494"}],"curies":[{"name":"wp","href":"https:\/\/api.w.org\/{rel}","templated":true}]}}