{"id":285492,"date":"2025-05-20T12:30:08","date_gmt":"2025-05-20T10:30:08","guid":{"rendered":"https:\/\/www.huntersfriend.eu\/product\/alperna-bergsklattring-vattenreservoar-rengoringskit\/"},"modified":"2025-08-26T10:30:39","modified_gmt":"2025-08-26T08:30:39","slug":"alperna-bergsklattring-vattenreservoar-rengoringskit","status":"publish","type":"product","link":"https:\/\/www.huntersfriend.eu\/sv\/produkt\/alperna-bergsklattring-vattenreservoar-rengoringskit\/","title":{"rendered":"Alperna bergskl\u00e4ttring vattenreservoar reng\u00f6ringskit"},"content":{"rendered":"<p>Att anv\u00e4nda ett reng\u00f6ringskit f\u00f6r att reng\u00f6ra din reservoar s\u00e4kerst\u00e4ller att den f\u00f6rblir fr\u00e4sch, hygienisk och redo f\u00f6r varje \u00e4ventyr. Regelbunden reng\u00f6ring hj\u00e4lper till att f\u00f6rhindra ansamling av m\u00f6gel, bakterier och rester, vilket kan p\u00e5verka b\u00e5de smaken och s\u00e4kerheten p\u00e5 ditt vatten. Med specialiserade borstar och torkverktyg g\u00f6r ett reng\u00f6ringskit det enkelt att n\u00e5 varje h\u00f6rn av din reservoar, vilket f\u00f6rl\u00e4nger dess livsl\u00e4ngd och h\u00e5ller ditt v\u00e4tskesystem i toppskick.  <\/p>\n<ul>\n<li>Inkluderar 3 flexibla borstar och 1 reservoarh\u00e4ngare<\/li>\n<li>Borstar i olika storlekar f\u00f6r reng\u00f6ring av drickslangar och sv\u00e5r\u00e5tkomliga h\u00f6rn av reservoarer<\/li>\n<li>L\u00e4tt att f\u00f6rvara i b\u00e4rv\u00e4ska<\/li>\n<li>Kompatibel med de flesta reservoarm\u00e4rken<\/li>\n<li>Passar bra med <a href=\"https:\/\/alpsmountaineering.com\/reservoir-3-0-grouped-page.html\">Reservoir 3.0<\/a>, <a href=\"https:\/\/alpsmountaineering.com\/magnetic-bite-valve.html\">Magnetic Bite Valve<\/a> och <a href=\"https:\/\/alpsmountaineering.com\/alps-reservoir-bite-valve-sheaths.html\">Bite Valve Sheath<\/a><\/li>\n<\/ul>\n<table>\n<tbody>\n<tr>\n<th scope=\"row\">Vikt<\/th>\n<td>4 oz.<\/td>\n<\/tr>\n<\/tbody>\n<\/table>\n","protected":false},"excerpt":{"rendered":"<p>Att anv\u00e4nda ett reng\u00f6ringskit f\u00f6r att reng\u00f6ra din reservoar s\u00e4kerst\u00e4ller att den f\u00f6rblir fr\u00e4sch, hygienisk och redo f\u00f6r varje \u00e4ventyr. Regelbunden reng\u00f6ring hj\u00e4lper till att f\u00f6rhindra ansamling av m\u00f6gel, bakterier och rester, vilket kan p\u00e5verka b\u00e5de smaken och s\u00e4kerheten p\u00e5 ditt vatten. Med specialiserade borstar och torkverktyg g\u00f6r ett reng\u00f6ringskit det enkelt att n\u00e5 varje [&#8230;]\n","protected":false},"featured_media":278768,"comment_status":"open","ping_status":"closed","template":"","meta":[],"product_brand":[],"product_cat":[2567],"product_tag":[],"class_list":{"0":"post-285492","1":"product","2":"type-product","3":"status-publish","4":"has-post-thumbnail","6":"product_cat-campingtillbehor","8":"first","9":"instock","10":"sale","11":"taxable","12":"shipping-taxable","13":"purchasable","14":"product-type-simple"},"composite_virtual":false,"composite_layout":"","composite_add_to_cart_form_location":"","composite_editable_in_cart":false,"composite_sold_individually_context":"","composite_shop_price_calc":"","composite_components":[],"composite_scenarios":[],"group_of_quantity":0,"min_quantity":0,"max_quantity":"","exclude_order_quantity_value_rules":"no","exclude_category_quantity_rules":"no","combine_variations":"no","exclude_global_add_ons":[],"addons":[],"_links":{"self":[{"href":"https:\/\/www.huntersfriend.eu\/sv\/wp-json\/wp\/v2\/product\/285492","targetHints":{"allow":["GET"]}}],"collection":[{"href":"https:\/\/www.huntersfriend.eu\/sv\/wp-json\/wp\/v2\/product"}],"about":[{"href":"https:\/\/www.huntersfriend.eu\/sv\/wp-json\/wp\/v2\/types\/product"}],"replies":[{"embeddable":true,"href":"https:\/\/www.huntersfriend.eu\/sv\/wp-json\/wp\/v2\/comments?post=285492"}],"wp:featuredmedia":[{"embeddable":true,"href":"https:\/\/www.huntersfriend.eu\/sv\/wp-json\/wp\/v2\/media\/278768"}],"wp:attachment":[{"href":"https:\/\/www.huntersfriend.eu\/sv\/wp-json\/wp\/v2\/media?parent=285492"}],"wp:term":[{"taxonomy":"product_brand","embeddable":true,"href":"https:\/\/www.huntersfriend.eu\/sv\/wp-json\/wp\/v2\/product_brand?post=285492"},{"taxonomy":"product_cat","embeddable":true,"href":"https:\/\/www.huntersfriend.eu\/sv\/wp-json\/wp\/v2\/product_cat?post=285492"},{"taxonomy":"product_tag","embeddable":true,"href":"https:\/\/www.huntersfriend.eu\/sv\/wp-json\/wp\/v2\/product_tag?post=285492"}],"curies":[{"name":"wp","href":"https:\/\/api.w.org\/{rel}","templated":true}]}}