{"id":285491,"date":"2025-05-20T14:42:16","date_gmt":"2025-05-20T12:42:16","guid":{"rendered":"https:\/\/www.huntersfriend.eu\/product\/alperna-bergsklattring-cirrus-hangmatta\/"},"modified":"2026-03-18T22:00:27","modified_gmt":"2026-03-18T20:00:27","slug":"alperna-bergsklattring-cirrus-hangmatta","status":"publish","type":"product","link":"https:\/\/www.huntersfriend.eu\/sv\/produkt\/alperna-bergsklattring-cirrus-hangmatta\/","title":{"rendered":"Alperna bergskl\u00e4ttring cirrus h\u00e4ngmatta"},"content":{"rendered":"<p>Cirrus-h\u00e4ngmattan \u00e4r ett alternativ till traditionell t\u00e4ltcamping. N\u00e4r den anv\u00e4nds i kombination med ALPS <a href=\"https:\/\/alpsmountaineering.com\/ultra-light-tarp.html\">Ultra-Light Tarp Shelter<\/a> eller ALPS <a href=\"https:\/\/alpsmountaineering.com\/utility-tarp-shelter.html\">Utility Tarp<\/a>, ger Cirrus skydd mot v\u00e4der och vind samtidigt som den erbjuder komforten av att sv\u00e4va i luften som ett moln. Eftersom den \u00e4r tillverkad av \u00e5tervunnet material \u00e4r den bra f\u00f6r dig och milj\u00f6n. Att vara upph\u00e4ngd ovanf\u00f6r marken eliminerar behovet av att b\u00e4ra en s\u00e4ng eller tjockt liggunderlag p\u00e5 ditt \u00e4ventyr. Cirrus \u00e4r ett perfekt val f\u00f6r vandrare eller campare som vill undvika att b\u00e4ra on\u00f6dig vikt. Om du inte campar eller vandrar, anv\u00e4nd Cirrus i din tr\u00e4dg\u00e5rd. Luta dig tillbaka, koppla av och gunga i brisen, du f\u00f6rtj\u00e4nar det.      <\/p>\n<ul>\n<li>210T \u00e5tervunnen nylon<\/li>\n<li>Klassad f\u00f6r att h\u00e5lla upp till 600 lbs.<\/li>\n<li>Par med 5\/16&#8243; karbinhakar<\/li>\n<li>Par 9 \u201cx 1,5\u201d polyesterh\u00e4ngremmar med 12 \u00f6glor vardera f\u00f6r h\u00e4ngningsalternativ<\/li>\n<li>Sidoficka rymmer sm\u00e5 f\u00f6rem\u00e5l under anv\u00e4ndning och f\u00f6rvarar h\u00e4ngmattan kompakt under resor<\/li>\n<li>Passar bra ihop med <a href=\"https:\/\/alpsmountaineering.com\/cinch-20.html\">Cinch +20\u00b0, <\/a><a href=\"https:\/\/alpsmountaineering.com\/cinch-40.html\">Cinch +40\u00b0,<\/a> och <a href=\"https:\/\/alpsmountaineering.com\/ultra-light-tarp.html\">Ultra-Light Tarp<\/a><\/li>\n<\/ul>\n<table>\n<tbody>\n<tr>\n<th scope=\"row\">M\u00e5tt<\/th>\n<td>9&#8217;10 \u201cL x 6&#8217;6\u201d B<\/td>\n<\/tr>\n<tr>\n<th scope=\"row\">Packad storlek<\/th>\n<td>9&#8243; L x 7&#8243; B x 3&#8243; H<\/td>\n<\/tr>\n<tr>\n<th scope=\"row\">Vikt<\/th>\n<td>2 lbs.<\/td>\n<\/tr>\n<tr>\n<th scope=\"row\">Viktkapacitet<\/th>\n<td>600 lbs.<\/td>\n<\/tr>\n<\/tbody>\n<\/table>\n","protected":false},"excerpt":{"rendered":"<p>Cirrus-h\u00e4ngmattan \u00e4r ett alternativ till traditionell t\u00e4ltcamping. N\u00e4r den anv\u00e4nds i kombination med ALPS Ultra-Light Tarp Shelter eller ALPS Utility Tarp, ger Cirrus skydd mot v\u00e4der och vind samtidigt som den erbjuder komforten av att sv\u00e4va i luften som ett moln. Eftersom den \u00e4r tillverkad av \u00e5tervunnet material \u00e4r den bra f\u00f6r dig och milj\u00f6n. [&#8230;]\n","protected":false},"featured_media":278730,"comment_status":"open","ping_status":"closed","template":"","meta":[],"product_brand":[],"product_cat":[2567,2572],"product_tag":[],"class_list":{"0":"post-285491","1":"product","2":"type-product","3":"status-publish","4":"has-post-thumbnail","6":"product_cat-campingtillbehor","7":"product_cat-faltsangar-och-liggunderlag","9":"first","10":"instock","11":"sale","12":"taxable","13":"shipping-taxable","14":"purchasable","15":"product-type-simple"},"composite_virtual":false,"composite_layout":"","composite_add_to_cart_form_location":"","composite_editable_in_cart":false,"composite_sold_individually_context":"","composite_shop_price_calc":"","composite_components":[],"composite_scenarios":[],"group_of_quantity":0,"min_quantity":0,"max_quantity":"","exclude_order_quantity_value_rules":"no","exclude_category_quantity_rules":"no","combine_variations":"no","exclude_global_add_ons":[],"addons":[],"_links":{"self":[{"href":"https:\/\/www.huntersfriend.eu\/sv\/wp-json\/wp\/v2\/product\/285491","targetHints":{"allow":["GET"]}}],"collection":[{"href":"https:\/\/www.huntersfriend.eu\/sv\/wp-json\/wp\/v2\/product"}],"about":[{"href":"https:\/\/www.huntersfriend.eu\/sv\/wp-json\/wp\/v2\/types\/product"}],"replies":[{"embeddable":true,"href":"https:\/\/www.huntersfriend.eu\/sv\/wp-json\/wp\/v2\/comments?post=285491"}],"wp:featuredmedia":[{"embeddable":true,"href":"https:\/\/www.huntersfriend.eu\/sv\/wp-json\/wp\/v2\/media\/278730"}],"wp:attachment":[{"href":"https:\/\/www.huntersfriend.eu\/sv\/wp-json\/wp\/v2\/media?parent=285491"}],"wp:term":[{"taxonomy":"product_brand","embeddable":true,"href":"https:\/\/www.huntersfriend.eu\/sv\/wp-json\/wp\/v2\/product_brand?post=285491"},{"taxonomy":"product_cat","embeddable":true,"href":"https:\/\/www.huntersfriend.eu\/sv\/wp-json\/wp\/v2\/product_cat?post=285491"},{"taxonomy":"product_tag","embeddable":true,"href":"https:\/\/www.huntersfriend.eu\/sv\/wp-json\/wp\/v2\/product_tag?post=285491"}],"curies":[{"name":"wp","href":"https:\/\/api.w.org\/{rel}","templated":true}]}}