{"id":285490,"date":"2025-05-20T12:24:22","date_gmt":"2025-05-20T10:24:22","guid":{"rendered":"https:\/\/www.huntersfriend.eu\/product\/magnetisk-bitventil-for-alpin-bergsklattring\/"},"modified":"2025-08-26T10:30:38","modified_gmt":"2025-08-26T08:30:38","slug":"magnetisk-bitventil-for-alpin-bergsklattring","status":"publish","type":"product","link":"https:\/\/www.huntersfriend.eu\/sv\/produkt\/magnetisk-bitventil-for-alpin-bergsklattring\/","title":{"rendered":"Magnetisk bitventil f\u00f6r alpin bergskl\u00e4ttring"},"content":{"rendered":"<p>Den nya magnetiska utbytesbitventilen \u00e4r speciellt utformad f\u00f6r att fungera med ALPS Reservoir 3.0 och \u00e4r den perfekta ers\u00e4ttningen f\u00f6r reservoarens standardbitventil. Den enkla bitventilen med avst\u00e4ngning via tryckknapp g\u00f6r det enkelt att f\u00e5 vatten n\u00e4r du beh\u00f6ver det och stoppar vattenfl\u00f6det n\u00e4r du inte beh\u00f6ver det. Inget mer tr\u00f6ttsamt fastkl\u00e4mmande och lossande, utbytesbitventilen har ett magnetiskt kopplingssystem f\u00f6r att h\u00e5lla din slang s\u00e4kert p\u00e5 plats.  <\/p>\n<ul>\n<li>Inbyggd backventil eliminerar \u00e5terfl\u00f6de och f\u00f6rhindrar att luft kommer in i slangen<\/li>\n<li>Bekv\u00e4m enhandsvridning f\u00f6r \u00f6ppning utan bitande, h\u00f6gt fl\u00f6de<\/li>\n<li>Magneten h\u00e5ller drickslangen p\u00e5 plats tills den beh\u00f6vs<\/li>\n<li>Magnetbasen passar 1 \u201celler 3\/4\u201d breda ryggs\u00e4cksremmar<\/li>\n<li>Passar 1\/4&#8243; ID drickslang<\/li>\n<li>Passar bra med <a href=\"https:\/\/alpsmountaineering.com\/reservoir-3-0-grouped-page.html\">Reservoir 3.0<\/a>, <a href=\"https:\/\/alpsmountaineering.com\/alps-cleaning-kit.html\">Reservoir Cleaning Kit<\/a> och <a href=\"https:\/\/alpsmountaineering.com\/alps-reservoir-bite-valve-sheaths.html\">Bite Valve Sheath<\/a><\/li>\n<\/ul>\n<table>\n<tbody>\n<tr>\n<th scope=\"row\">Passar<\/th>\n<td>1\/4&#8243; ID drickslangar f\u00f6r reservoarer<\/td>\n<\/tr>\n<tr>\n<th scope=\"row\">Vikt<\/th>\n<td>0,8 oz.<\/td>\n<\/tr>\n<\/tbody>\n<\/table>\n","protected":false},"excerpt":{"rendered":"<p>Den nya magnetiska utbytesbitventilen \u00e4r speciellt utformad f\u00f6r att fungera med ALPS Reservoir 3.0 och \u00e4r den perfekta ers\u00e4ttningen f\u00f6r reservoarens standardbitventil. Den enkla bitventilen med avst\u00e4ngning via tryckknapp g\u00f6r det enkelt att f\u00e5 vatten n\u00e4r du beh\u00f6ver det och stoppar vattenfl\u00f6det n\u00e4r du inte beh\u00f6ver det. Inget mer tr\u00f6ttsamt fastkl\u00e4mmande och lossande, utbytesbitventilen har [&#8230;]\n","protected":false},"featured_media":278775,"comment_status":"open","ping_status":"closed","template":"","meta":[],"product_brand":[],"product_cat":[2567,2565,2566],"product_tag":[],"class_list":{"0":"post-285490","1":"product","2":"type-product","3":"status-publish","4":"has-post-thumbnail","6":"product_cat-campingtillbehor","7":"product_cat-jaktryggsackar","8":"product_cat-jaktvaskor","10":"first","11":"instock","12":"sale","13":"taxable","14":"shipping-taxable","15":"purchasable","16":"product-type-simple"},"composite_virtual":false,"composite_layout":"","composite_add_to_cart_form_location":"","composite_editable_in_cart":false,"composite_sold_individually_context":"","composite_shop_price_calc":"","composite_components":[],"composite_scenarios":[],"group_of_quantity":0,"min_quantity":0,"max_quantity":"","exclude_order_quantity_value_rules":"no","exclude_category_quantity_rules":"no","combine_variations":"no","exclude_global_add_ons":[],"addons":[],"_links":{"self":[{"href":"https:\/\/www.huntersfriend.eu\/sv\/wp-json\/wp\/v2\/product\/285490","targetHints":{"allow":["GET"]}}],"collection":[{"href":"https:\/\/www.huntersfriend.eu\/sv\/wp-json\/wp\/v2\/product"}],"about":[{"href":"https:\/\/www.huntersfriend.eu\/sv\/wp-json\/wp\/v2\/types\/product"}],"replies":[{"embeddable":true,"href":"https:\/\/www.huntersfriend.eu\/sv\/wp-json\/wp\/v2\/comments?post=285490"}],"wp:featuredmedia":[{"embeddable":true,"href":"https:\/\/www.huntersfriend.eu\/sv\/wp-json\/wp\/v2\/media\/278775"}],"wp:attachment":[{"href":"https:\/\/www.huntersfriend.eu\/sv\/wp-json\/wp\/v2\/media?parent=285490"}],"wp:term":[{"taxonomy":"product_brand","embeddable":true,"href":"https:\/\/www.huntersfriend.eu\/sv\/wp-json\/wp\/v2\/product_brand?post=285490"},{"taxonomy":"product_cat","embeddable":true,"href":"https:\/\/www.huntersfriend.eu\/sv\/wp-json\/wp\/v2\/product_cat?post=285490"},{"taxonomy":"product_tag","embeddable":true,"href":"https:\/\/www.huntersfriend.eu\/sv\/wp-json\/wp\/v2\/product_tag?post=285490"}],"curies":[{"name":"wp","href":"https:\/\/api.w.org\/{rel}","templated":true}]}}