{"id":285489,"date":"2025-05-20T12:24:22","date_gmt":"2025-05-20T10:24:22","guid":{"rendered":"https:\/\/www.huntersfriend.eu\/product\/alps-bettventilholje-for-bergsklattring\/"},"modified":"2025-08-26T10:30:37","modified_gmt":"2025-08-26T08:30:37","slug":"alps-bettventilholje-for-bergsklattring","status":"publish","type":"product","link":"https:\/\/www.huntersfriend.eu\/sv\/produkt\/alps-bettventilholje-for-bergsklattring\/","title":{"rendered":"Alps bettventilh\u00f6lje f\u00f6r bergskl\u00e4ttring"},"content":{"rendered":"<p>Har du en v\u00e4lanv\u00e4nd ALPS-beh\u00e5llare d\u00e4r bettventilen \u00e4r sliten eller skadad? Dessa bettventilh\u00f6ljen \u00e4r kompatibla med standardbettventilen Reservoir 3.0 och Magnetic Bite Valve. <\/p>\n<ul>\n<li>Ers\u00e4ttningsbettventilh\u00f6ljen f\u00f6r ALPS Reservoir 3.0 bettventiler<\/li>\n<li>Passar bra ihop med <a href=\"https:\/\/alpsmountaineering.com\/alps-cleaning-kit.html\">Reservoir Cleaning Kit<\/a>, <a href=\"https:\/\/alpsmountaineering.com\/magnetic-bite-valve.html\">Magnetic Bite Valve<\/a> och <a href=\"https:\/\/alpsmountaineering.com\/alps-reservoir-3.html\">Reservoir 3.0<\/a><\/li>\n<\/ul>\n<table>\n<tbody>\n<tr>\n<th scope=\"row\">Antal i f\u00f6rpackningen<\/th>\n<td>inneh\u00e5ller 3<\/td>\n<\/tr>\n<tr>\n<th scope=\"row\">Vikt<\/th>\n<td>22,7 g\/f\u00f6rpackning <\/td>\n<\/tr>\n<\/tbody>\n<\/table>\n","protected":false},"excerpt":{"rendered":"<p>Har du en v\u00e4lanv\u00e4nd ALPS-beh\u00e5llare d\u00e4r bettventilen \u00e4r sliten eller skadad? Dessa bettventilh\u00f6ljen \u00e4r kompatibla med standardbettventilen Reservoir 3.0 och Magnetic Bite Valve. Ers\u00e4ttningsbettventilh\u00f6ljen f\u00f6r ALPS Reservoir 3.0 bettventiler Passar bra ihop med Reservoir Cleaning Kit, Magnetic Bite Valve och Reservoir 3.0 Antal i f\u00f6rpackningen inneh\u00e5ller 3 Vikt 22,7 g\/f\u00f6rpackning<\/p>\n","protected":false},"featured_media":278790,"comment_status":"open","ping_status":"closed","template":"","meta":[],"product_brand":[],"product_cat":[2567],"product_tag":[],"class_list":{"0":"post-285489","1":"product","2":"type-product","3":"status-publish","4":"has-post-thumbnail","6":"product_cat-campingtillbehor","8":"first","9":"instock","10":"sale","11":"taxable","12":"shipping-taxable","13":"purchasable","14":"product-type-simple"},"composite_virtual":false,"composite_layout":"","composite_add_to_cart_form_location":"","composite_editable_in_cart":false,"composite_sold_individually_context":"","composite_shop_price_calc":"","composite_components":[],"composite_scenarios":[],"group_of_quantity":0,"min_quantity":0,"max_quantity":"","exclude_order_quantity_value_rules":"no","exclude_category_quantity_rules":"no","combine_variations":"no","exclude_global_add_ons":[],"addons":[],"_links":{"self":[{"href":"https:\/\/www.huntersfriend.eu\/sv\/wp-json\/wp\/v2\/product\/285489","targetHints":{"allow":["GET"]}}],"collection":[{"href":"https:\/\/www.huntersfriend.eu\/sv\/wp-json\/wp\/v2\/product"}],"about":[{"href":"https:\/\/www.huntersfriend.eu\/sv\/wp-json\/wp\/v2\/types\/product"}],"replies":[{"embeddable":true,"href":"https:\/\/www.huntersfriend.eu\/sv\/wp-json\/wp\/v2\/comments?post=285489"}],"wp:featuredmedia":[{"embeddable":true,"href":"https:\/\/www.huntersfriend.eu\/sv\/wp-json\/wp\/v2\/media\/278790"}],"wp:attachment":[{"href":"https:\/\/www.huntersfriend.eu\/sv\/wp-json\/wp\/v2\/media?parent=285489"}],"wp:term":[{"taxonomy":"product_brand","embeddable":true,"href":"https:\/\/www.huntersfriend.eu\/sv\/wp-json\/wp\/v2\/product_brand?post=285489"},{"taxonomy":"product_cat","embeddable":true,"href":"https:\/\/www.huntersfriend.eu\/sv\/wp-json\/wp\/v2\/product_cat?post=285489"},{"taxonomy":"product_tag","embeddable":true,"href":"https:\/\/www.huntersfriend.eu\/sv\/wp-json\/wp\/v2\/product_tag?post=285489"}],"curies":[{"name":"wp","href":"https:\/\/api.w.org\/{rel}","templated":true}]}}