{"id":285488,"date":"2025-05-20T14:42:15","date_gmt":"2025-05-20T12:42:15","guid":{"rendered":"https:\/\/www.huntersfriend.eu\/product\/alps-mountaineering-blaze-0-sovsack-standardstorlek\/"},"modified":"2025-08-26T10:30:37","modified_gmt":"2025-08-26T08:30:37","slug":"alps-mountaineering-blaze-0-sovsack-standardstorlek","status":"publish","type":"product","link":"https:\/\/www.huntersfriend.eu\/sv\/produkt\/alps-mountaineering-blaze-0-sovsack-standardstorlek\/","title":{"rendered":"Alps mountaineering Blaze 0 sovs\u00e4ck, standardstorlek"},"content":{"rendered":"<p>Sovs\u00e4ckarna i Blaze-serien \u00e4r tillverkade med ett slitstarkt ripstop-skal i polyester med ett mjukt polyesterfoder och \u00e4r fyllda med syntetisk TechLoft Silver-isolering. TechLoft Silver-isolering best\u00e5r av flera denier-stapelfibrer som har en silikoniserad finish f\u00f6r maximal isolering, loft och kompakthet. Blaze anv\u00e4nder tv\u00e5lagers f\u00f6rskjuten konstruktion med en konturformad huva och mumieform, vilket hj\u00e4lper till att st\u00e4nga in v\u00e4rmen. F\u00f6r extra v\u00e4rmebeh\u00e5llning har Blaze en isolerad br\u00f6st- och dragkedjeklaff som h\u00e5ller v\u00e4rmen inne och den kalla nattluften ute. Blaze erbjuds i flera storlekar och temperaturer f\u00f6r att passa de flesta. Blaze \u00e4r en fantastisk sovs\u00e4ck att l\u00e4gga till din campingutrustning.     <\/p>\n<p>0 grader Fahrenheit \u00e4r ungef\u00e4r -18 Celsius<\/p>\n<ul>\n<li>TechLoft Silver-isolering<\/li>\n<li>Tv\u00e5lagers f\u00f6rskjuten konstruktion<\/li>\n<li>#8 separerande dragkedjor<\/li>\n<li>Isolerad br\u00f6st- och dragkedjeklaff<\/li>\n<li>Yttertyg av polyester ripstop<\/li>\n<li>Polyesterfoder<\/li>\n<li>Standard packp\u00e5se<\/li>\n<\/ul>\n<table>\n<tbody>\n<tr>\n<th colspan=\"2\" scope=\"col\">Regelbunden<\/th>\n<\/tr>\n<tr>\n<th scope=\"row\">M\u00e5tt<\/th>\n<td>80 \u201cL x 32\u201d B<\/td>\n<\/tr>\n<tr>\n<th scope=\"row\">Fyllnadsvikt<\/th>\n<td>60 oz.<\/td>\n<\/tr>\n<tr>\n<th scope=\"row\">Vikt<\/th>\n<td>5 lbs. 5 oz. <\/td>\n<\/tr>\n<tr>\n<th scope=\"row\">Packad storlek<\/th>\n<td>18,5 \u201cL x 12,5\u201d D<\/td>\n<\/tr>\n<\/tbody>\n<\/table>\n","protected":false},"excerpt":{"rendered":"<p>Sovs\u00e4ckarna i Blaze-serien \u00e4r tillverkade med ett slitstarkt ripstop-skal i polyester med ett mjukt polyesterfoder och \u00e4r fyllda med syntetisk TechLoft Silver-isolering. TechLoft Silver-isolering best\u00e5r av flera denier-stapelfibrer som har en silikoniserad finish f\u00f6r maximal isolering, loft och kompakthet. Blaze anv\u00e4nder tv\u00e5lagers f\u00f6rskjuten konstruktion med en konturformad huva och mumieform, vilket hj\u00e4lper till att st\u00e4nga [&#8230;]\n","protected":false},"featured_media":279253,"comment_status":"open","ping_status":"closed","template":"","meta":[],"product_brand":[],"product_cat":[2571],"product_tag":[],"class_list":{"0":"post-285488","1":"product","2":"type-product","3":"status-publish","4":"has-post-thumbnail","6":"product_cat-sovsackar","7":"product_shipping_class-medium-sv","9":"first","10":"instock","11":"sale","12":"taxable","13":"shipping-taxable","14":"purchasable","15":"product-type-simple"},"composite_virtual":false,"composite_layout":"","composite_add_to_cart_form_location":"","composite_editable_in_cart":false,"composite_sold_individually_context":"","composite_shop_price_calc":"","composite_components":[],"composite_scenarios":[],"group_of_quantity":0,"min_quantity":0,"max_quantity":"","exclude_order_quantity_value_rules":"no","exclude_category_quantity_rules":"no","combine_variations":"no","exclude_global_add_ons":[],"addons":[],"_links":{"self":[{"href":"https:\/\/www.huntersfriend.eu\/sv\/wp-json\/wp\/v2\/product\/285488","targetHints":{"allow":["GET"]}}],"collection":[{"href":"https:\/\/www.huntersfriend.eu\/sv\/wp-json\/wp\/v2\/product"}],"about":[{"href":"https:\/\/www.huntersfriend.eu\/sv\/wp-json\/wp\/v2\/types\/product"}],"replies":[{"embeddable":true,"href":"https:\/\/www.huntersfriend.eu\/sv\/wp-json\/wp\/v2\/comments?post=285488"}],"wp:featuredmedia":[{"embeddable":true,"href":"https:\/\/www.huntersfriend.eu\/sv\/wp-json\/wp\/v2\/media\/279253"}],"wp:attachment":[{"href":"https:\/\/www.huntersfriend.eu\/sv\/wp-json\/wp\/v2\/media?parent=285488"}],"wp:term":[{"taxonomy":"product_brand","embeddable":true,"href":"https:\/\/www.huntersfriend.eu\/sv\/wp-json\/wp\/v2\/product_brand?post=285488"},{"taxonomy":"product_cat","embeddable":true,"href":"https:\/\/www.huntersfriend.eu\/sv\/wp-json\/wp\/v2\/product_cat?post=285488"},{"taxonomy":"product_tag","embeddable":true,"href":"https:\/\/www.huntersfriend.eu\/sv\/wp-json\/wp\/v2\/product_tag?post=285488"}],"curies":[{"name":"wp","href":"https:\/\/api.w.org\/{rel}","templated":true}]}}