{"id":285487,"date":"2025-05-20T12:24:21","date_gmt":"2025-05-20T10:24:21","guid":{"rendered":"https:\/\/www.huntersfriend.eu\/product\/alps-mountaineering-cascade-90-ryggsack\/"},"modified":"2025-08-26T10:30:34","modified_gmt":"2025-08-26T08:30:34","slug":"alps-mountaineering-cascade-90-ryggsack","status":"publish","type":"product","link":"https:\/\/www.huntersfriend.eu\/sv\/produkt\/alps-mountaineering-cascade-90-ryggsack\/","title":{"rendered":"Alps mountaineering Cascade 90-ryggs\u00e4ck"},"content":{"rendered":"<p>Cascade-ryggs\u00e4cken \u00e4r designad f\u00f6r den seri\u00f6sa backpackern. Den r\u00f6rformiga l\u00e4ttviktsramen ers\u00e4tter traditionella aluminiumstag och g\u00f6r att ryggs\u00e4cken sitter n\u00e4rmare kroppen f\u00f6r b\u00e4ttre viktpositionering. Det f\u00f6rl\u00e4ngningsbara topplocket, den fullst\u00e4ndiga \u00e5tkomsten till det nedre facket och den stora dragkedjan framtill ger bekv\u00e4m \u00e5tkomst och organisering av din utrustning. Den avtagbara toppfickan fungerar \u00e4ven som en midjev\u00e4ska, vilket ger ett l\u00e4ttviktsalternativ f\u00f6r att b\u00e4ra din viktigaste utrustning n\u00e4r du utforskar. Den l\u00e4tta designen, den stora lagringskapaciteten och alla extrafunktioner i Cascade 90 \u00e4r allt du beh\u00f6ver f\u00f6r ditt n\u00e4sta l\u00e4ngdskid\u00e5knings\u00e4ventyr.    <\/p>\n<ul>\n<li>2678817 Clay<\/li>\n<li>7739911 v\u00e4tskebeh\u00e5llare 3.0<\/li>\n<\/ul>\n<ul>\n<li>L\u00e4ttviktigt 200D nylon dubbel ripstop-tyg<\/li>\n<li>Avtagbar br\u00f6strem<\/li>\n<li>Fram\u00e5tdragande \u00e5tdragningsbart midjeb\u00e4lte<\/li>\n<li>R\u00f6rformig l\u00e4ttviktsram<\/li>\n<li>Intern horisontell avdelare<\/li>\n<li>Gener\u00f6s \u00e5tkomst framifr\u00e5n till huvudfacket<\/li>\n<li>Full \u00e5tkomst till det nedre facket &#8211; #10 dragkedja<\/li>\n<li>Toppfickan kan omvandlas till en midjev\u00e4ska<\/li>\n<li>Topplastning &#8211; expanderbart topplock<\/li>\n<li>Spindrift-krage med dragsko<\/li>\n<li>Stor framficka<\/li>\n<li>Nedre sidofickor f\u00f6r flaskor<\/li>\n<li>F\u00e4stpunkter p\u00e5 framsidan av ryggs\u00e4cken<\/li>\n<li>Traditionella vandringsstavslingor<\/li>\n<li>Sidokompressionssystem<\/li>\n<li>Sidofickor i stretch f\u00f6r vattenflaska<\/li>\n<li>R\u00e4ddningsvissla p\u00e5 br\u00f6stremmen<\/li>\n<li>Kompatibel med v\u00e4tskesystem med portar p\u00e5 b\u00e5da sidor och trepunktsf\u00e4ste f\u00f6r v\u00e4tskebeh\u00e5llare<\/li>\n<li>Luftn\u00e4tst\u00e4ckt upph\u00e4ngning ger maximalt luftfl\u00f6de<\/li>\n<li>Avtagbart vadderat midjeb\u00e4lte med fickor<\/li>\n<li><a href=\"https:\/\/alpsmountaineering.com\/cascade-90-harness.html\">Litet selalternativ tillg\u00e4ngligt<\/a><\/li>\n<li><a href=\"https:\/\/alpsmountaineering.com\/cascade-90.html\">Sm\u00e5 och XL midjeb\u00e4ltesalternativ tillg\u00e4ngliga<\/a><\/li>\n<li>Regnskyddet f\u00f6rvaras snyggt i en ficka med dragkedja p\u00e5 ryggs\u00e4ckens botten tills det beh\u00f6vs<\/li>\n<\/ul>\n<table>\n<tbody>\n<tr>\n<th colspan=\"2\" scope=\"col\">Cascade 90<\/th>\n<\/tr>\n<tr>\n<th scope=\"row\">Kapacitet<\/th>\n<td>90L \/ 5500 in\u00b3<\/td>\n<\/tr>\n<tr>\n<th scope=\"row\">Torsoomr\u00e5de<\/th>\n<td>18 &#8211; 22&#8243;<\/td>\n<\/tr>\n<tr>\n<th scope=\"row\">Midjeb\u00e4ltesomf\u00e5ng<\/th>\n<td>32 &#8211; 51&#8243;<\/td>\n<\/tr>\n<tr>\n<th scope=\"row\">Vikt<\/th>\n<td>5 lbs. 7 oz. <\/td>\n<\/tr>\n<\/tbody>\n<\/table>\n<table>\n<tbody>\n<tr>\n<th colspan=\"2\" scope=\"col\">V\u00e4tskebeh\u00e5llare 3.0<\/th>\n<\/tr>\n<tr>\n<th scope=\"row\">Kapacitet<\/th>\n<td>3L \/ 183 in<sup>3<\/sup><\/td>\n<\/tr>\n<tr>\n<th scope=\"row\">M\u00e5tt<\/th>\n<td>16 \u201cH x 8\u201d W<\/td>\n<\/tr>\n<tr>\n<th scope=\"row\">Vikt<\/th>\n<td>5 oz.<\/td>\n<\/tr>\n<\/tbody>\n<\/table>\n","protected":false},"excerpt":{"rendered":"<p>Cascade-ryggs\u00e4cken \u00e4r designad f\u00f6r den seri\u00f6sa backpackern. Den r\u00f6rformiga l\u00e4ttviktsramen ers\u00e4tter traditionella aluminiumstag och g\u00f6r att ryggs\u00e4cken sitter n\u00e4rmare kroppen f\u00f6r b\u00e4ttre viktpositionering. Det f\u00f6rl\u00e4ngningsbara topplocket, den fullst\u00e4ndiga \u00e5tkomsten till det nedre facket och den stora dragkedjan framtill ger bekv\u00e4m \u00e5tkomst och organisering av din utrustning. Den avtagbara toppfickan fungerar \u00e4ven som en midjev\u00e4ska, vilket [&#8230;]\n","protected":false},"featured_media":278879,"comment_status":"open","ping_status":"closed","template":"","meta":[],"product_brand":[],"product_cat":[2523],"product_tag":[],"class_list":{"0":"post-285487","1":"product","2":"type-product","3":"status-publish","4":"has-post-thumbnail","6":"product_cat-ryggsackar","7":"product_shipping_class-medium-sv","9":"first","10":"instock","11":"sale","12":"taxable","13":"shipping-taxable","14":"purchasable","15":"product-type-simple"},"composite_virtual":false,"composite_layout":"","composite_add_to_cart_form_location":"","composite_editable_in_cart":false,"composite_sold_individually_context":"","composite_shop_price_calc":"","composite_components":[],"composite_scenarios":[],"group_of_quantity":0,"min_quantity":0,"max_quantity":"","exclude_order_quantity_value_rules":"no","exclude_category_quantity_rules":"no","combine_variations":"no","exclude_global_add_ons":[],"addons":[],"_links":{"self":[{"href":"https:\/\/www.huntersfriend.eu\/sv\/wp-json\/wp\/v2\/product\/285487","targetHints":{"allow":["GET"]}}],"collection":[{"href":"https:\/\/www.huntersfriend.eu\/sv\/wp-json\/wp\/v2\/product"}],"about":[{"href":"https:\/\/www.huntersfriend.eu\/sv\/wp-json\/wp\/v2\/types\/product"}],"replies":[{"embeddable":true,"href":"https:\/\/www.huntersfriend.eu\/sv\/wp-json\/wp\/v2\/comments?post=285487"}],"wp:featuredmedia":[{"embeddable":true,"href":"https:\/\/www.huntersfriend.eu\/sv\/wp-json\/wp\/v2\/media\/278879"}],"wp:attachment":[{"href":"https:\/\/www.huntersfriend.eu\/sv\/wp-json\/wp\/v2\/media?parent=285487"}],"wp:term":[{"taxonomy":"product_brand","embeddable":true,"href":"https:\/\/www.huntersfriend.eu\/sv\/wp-json\/wp\/v2\/product_brand?post=285487"},{"taxonomy":"product_cat","embeddable":true,"href":"https:\/\/www.huntersfriend.eu\/sv\/wp-json\/wp\/v2\/product_cat?post=285487"},{"taxonomy":"product_tag","embeddable":true,"href":"https:\/\/www.huntersfriend.eu\/sv\/wp-json\/wp\/v2\/product_tag?post=285487"}],"curies":[{"name":"wp","href":"https:\/\/api.w.org\/{rel}","templated":true}]}}