{"id":285485,"date":"2025-05-20T10:18:11","date_gmt":"2025-05-20T08:18:11","guid":{"rendered":"https:\/\/www.huntersfriend.eu\/product\/alpin-klattring-element-40\/"},"modified":"2025-08-26T10:30:33","modified_gmt":"2025-08-26T08:30:33","slug":"alpin-klattring-element-40","status":"publish","type":"product","link":"https:\/\/www.huntersfriend.eu\/sv\/produkt\/alpin-klattring-element-40\/","title":{"rendered":"Alpin kl\u00e4ttring element 40"},"content":{"rendered":"<p>Den h\u00e4r ryggs\u00e4cken \u00e4r tillverkad av l\u00e4tt men slitstark 200D nylon double ripstop-v\u00e4v och kombineras med en upph\u00e4ngd ryggpanel i mesh f\u00f6r komfort hela dagen. Vi har inkluderat ett innovativt magnetiskt\/mekaniskt sp\u00e4nne med ett fram\u00e5tdragande midjeb\u00e4lte som du kommer att uppskatta. Den rullbara \u00f6verdelen ger enkel \u00e5tkomst till stora f\u00f6rem\u00e5l eller snabb packning, medan den nedre dragkedje\u00f6ppningen g\u00f6r att du kan komma \u00e5t det du beh\u00f6ver l\u00e4ngst ner. Skum med mesh-upph\u00e4ngning h\u00e5ller dig sval hela dagen, medan de stora stretch-sidfickorna ger snabb och enkel \u00e5tkomst till Nalgene-flaskor eller vad du \u00e4n kan stoppa i dem. Liksom alla v\u00e5ra 30L-ryggs\u00e4ckar och upp\u00e5t \u00e4r den h\u00e4r ryggs\u00e4cken kompatibel med v\u00e4tskesystem och inkluderar ett regnskydd i den praktiska f\u00f6rvaringsfickan.    <\/p>\n<ul>\n<li>L\u00e4tt och slitstark 200D nylon double ripstop-v\u00e4v<\/li>\n<li>Innovativt magnetiskt\/mekaniskt sp\u00e4nne med fram\u00e5tdragande midjeb\u00e4lte<\/li>\n<li>Upph\u00e4ngd ryggpanel i mesh<\/li>\n<li>Rullbar \u00f6verdel med dragkedja nedtill<\/li>\n<li>Skum med mesh-upph\u00e4ngning h\u00e5ller dig sval hela dagen<\/li>\n<li>Fickor p\u00e5 h\u00f6ftb\u00e4ltet och stora stretch-sidfickor<\/li>\n<li>V\u00e4tskekompaktibel insida med slangport<\/li>\n<li>Regnskydd ing\u00e5r i praktisk f\u00f6rvaringsficka<\/li>\n<\/ul>\n<table>\n<tbody>\n<tr>\n<th colspan=\"2\" scope=\"col\">Element 40<\/th>\n<\/tr>\n<tr>\n<th scope=\"row\">Kapacitet<\/th>\n<td>40L \/ 2440 in<sup>3<\/sup><\/td>\n<\/tr>\n<tr>\n<th scope=\"row\">Midjeb\u00e4ltets omf\u00e5ng<\/th>\n<td>34 \u201c- 50\u201d<\/td>\n<\/tr>\n<tr>\n<th scope=\"row\">Vikt<\/th>\n<td>2 lbs. 14 oz. <\/td>\n<\/tr>\n<\/tbody>\n<\/table>\n","protected":false},"excerpt":{"rendered":"<p>Den h\u00e4r ryggs\u00e4cken \u00e4r tillverkad av l\u00e4tt men slitstark 200D nylon double ripstop-v\u00e4v och kombineras med en upph\u00e4ngd ryggpanel i mesh f\u00f6r komfort hela dagen. Vi har inkluderat ett innovativt magnetiskt\/mekaniskt sp\u00e4nne med ett fram\u00e5tdragande midjeb\u00e4lte som du kommer att uppskatta. Den rullbara \u00f6verdelen ger enkel \u00e5tkomst till stora f\u00f6rem\u00e5l eller snabb packning, medan den [&#8230;]\n","protected":false},"featured_media":279035,"comment_status":"open","ping_status":"closed","template":"","meta":[],"product_brand":[],"product_cat":[2523],"product_tag":[],"class_list":{"0":"post-285485","1":"product","2":"type-product","3":"status-publish","4":"has-post-thumbnail","6":"product_cat-ryggsackar","7":"product_shipping_class-medium-sv","9":"first","10":"instock","11":"sale","12":"taxable","13":"shipping-taxable","14":"purchasable","15":"product-type-simple"},"composite_virtual":false,"composite_layout":"","composite_add_to_cart_form_location":"","composite_editable_in_cart":false,"composite_sold_individually_context":"","composite_shop_price_calc":"","composite_components":[],"composite_scenarios":[],"group_of_quantity":0,"min_quantity":0,"max_quantity":"","exclude_order_quantity_value_rules":"no","exclude_category_quantity_rules":"no","combine_variations":"no","exclude_global_add_ons":[],"addons":[],"_links":{"self":[{"href":"https:\/\/www.huntersfriend.eu\/sv\/wp-json\/wp\/v2\/product\/285485","targetHints":{"allow":["GET"]}}],"collection":[{"href":"https:\/\/www.huntersfriend.eu\/sv\/wp-json\/wp\/v2\/product"}],"about":[{"href":"https:\/\/www.huntersfriend.eu\/sv\/wp-json\/wp\/v2\/types\/product"}],"replies":[{"embeddable":true,"href":"https:\/\/www.huntersfriend.eu\/sv\/wp-json\/wp\/v2\/comments?post=285485"}],"wp:featuredmedia":[{"embeddable":true,"href":"https:\/\/www.huntersfriend.eu\/sv\/wp-json\/wp\/v2\/media\/279035"}],"wp:attachment":[{"href":"https:\/\/www.huntersfriend.eu\/sv\/wp-json\/wp\/v2\/media?parent=285485"}],"wp:term":[{"taxonomy":"product_brand","embeddable":true,"href":"https:\/\/www.huntersfriend.eu\/sv\/wp-json\/wp\/v2\/product_brand?post=285485"},{"taxonomy":"product_cat","embeddable":true,"href":"https:\/\/www.huntersfriend.eu\/sv\/wp-json\/wp\/v2\/product_cat?post=285485"},{"taxonomy":"product_tag","embeddable":true,"href":"https:\/\/www.huntersfriend.eu\/sv\/wp-json\/wp\/v2\/product_tag?post=285485"}],"curies":[{"name":"wp","href":"https:\/\/api.w.org\/{rel}","templated":true}]}}