{"id":285483,"date":"2025-05-20T10:18:10","date_gmt":"2025-05-20T08:18:10","guid":{"rendered":"https:\/\/www.huntersfriend.eu\/product\/alps-outdoorz-vattentatt-gevarsfodral\/"},"modified":"2025-08-26T10:30:32","modified_gmt":"2025-08-26T08:30:32","slug":"alps-outdoorz-vattentatt-gevarsfodral","status":"publish","type":"product","link":"https:\/\/www.huntersfriend.eu\/sv\/produkt\/alps-outdoorz-vattentatt-gevarsfodral\/","title":{"rendered":"Alps outdoorz vattent\u00e4tt gev\u00e4rsfodral"},"content":{"rendered":"<p data-start=\"51\" data-end=\"146\"><strong data-start=\"51\" data-end=\"146\">ALPS OutdoorZ vattent\u00e4tt gev\u00e4rsfodral \u2013 tillf\u00f6rlitligt skydd f\u00f6r ditt vapen i alla f\u00f6rh\u00e5llanden<\/strong><\/p>\n<p data-start=\"148\" data-end=\"442\"><strong data-start=\"152\" data-end=\"191\">ALPS OutdoorZ vattent\u00e4ta gev\u00e4rsfodral<\/strong> \u00e4r utformat f\u00f6r att ge optimalt skydd f\u00f6r ditt gev\u00e4r, \u00e4ven i de mest kr\u00e4vande milj\u00f6erna. Dess t\u00e5liga konstruktion och vattent\u00e4ta egenskaper g\u00f6r det till ett utm\u00e4rkt val f\u00f6r j\u00e4gare och friluftsentusiaster som beh\u00f6ver ett tillf\u00f6rlitligt vapenskydd. <\/p>\n<p data-start=\"444\" data-end=\"473\"><strong data-start=\"444\" data-end=\"473\">Tekniska specifikationer:<\/strong><\/p>\n<ul data-start=\"475\" data-end=\"1032\">\n<li data-start=\"475\" data-end=\"545\">\n<p data-start=\"477\" data-end=\"545\"><strong data-start=\"477\" data-end=\"490\">Material:<\/strong> 500D svetsad PVC, motst\u00e5ndskraftig mot punkteringar och n\u00f6tning<\/p>\n<\/li>\n<li data-start=\"546\" data-end=\"618\">\n<p data-start=\"548\" data-end=\"618\"><strong data-start=\"548\" data-end=\"566\">Vattent\u00e4thet:<\/strong> Rullf\u00f6rslutningssystem s\u00e4kerst\u00e4ller en vattent\u00e4t f\u00f6rsegling<\/p>\n<\/li>\n<li data-start=\"619\" data-end=\"705\">\n<p data-start=\"621\" data-end=\"705\"><strong data-start=\"621\" data-end=\"638\">Innerfoder:<\/strong> H\u00f6gdensitets sluten cellskum f\u00f6r skydd mot st\u00f6tar och flytkraft<\/p>\n<\/li>\n<li data-start=\"706\" data-end=\"802\">\n<p data-start=\"708\" data-end=\"802\"><strong data-start=\"708\" data-end=\"723\">M\u00e5tt:<\/strong> 57 \u201c(145 cm) l\u00e4ngd x 11\u201d (28 cm) bredd; rullad l\u00e4ngd: 49 \u201c\u201353\u201d (124\u2013135 cm)<\/p>\n<\/li>\n<li data-start=\"803\" data-end=\"839\">\n<p data-start=\"805\" data-end=\"839\"><strong data-start=\"805\" data-end=\"816\">Vikt:<\/strong> 2 lbs 9 oz (1,17 kg)<\/p>\n<\/li>\n<li data-start=\"840\" data-end=\"992\">\n<p data-start=\"842\" data-end=\"992\"><strong data-start=\"842\" data-end=\"860\">Kompatibilitet:<\/strong> Passar gev\u00e4r upp till 53 \u201c(135 cm) l\u00e5nga och 10,5\u201d (27 cm) h\u00f6ga (fr\u00e5n toppen av kikarsiktet till gev\u00e4rets l\u00e4gsta punkt)<\/p>\n<\/li>\n<li data-start=\"993\" data-end=\"1032\">\n<p data-start=\"995\" data-end=\"1032\"><strong data-start=\"995\" data-end=\"1005\">F\u00e4rg:<\/strong> Finns i olivgr\u00f6nt<\/p>\n<\/li>\n<\/ul>\n<p data-start=\"1034\" data-end=\"1047\"><strong data-start=\"1034\" data-end=\"1047\">Funktioner:<\/strong><\/p>\n<ul data-start=\"1049\" data-end=\"1561\">\n<li data-start=\"1049\" data-end=\"1166\">\n<p data-start=\"1051\" data-end=\"1166\"><strong data-start=\"1051\" data-end=\"1079\">Vattent\u00e4t konstruktion:<\/strong> 500D svetsad PVC och rullf\u00f6rslutning h\u00e5ller ditt vapen torrt i alla v\u00e4derf\u00f6rh\u00e5llanden<\/p>\n<\/li>\n<li data-start=\"1167\" data-end=\"1272\">\n<p data-start=\"1169\" data-end=\"1272\"><strong data-start=\"1169\" data-end=\"1190\">St\u00f6tskydd:<\/strong> H\u00f6gdensitets sluten cellskum skyddar gev\u00e4ret fr\u00e5n st\u00f6tar och ger flytkraft<\/p>\n<\/li>\n<li data-start=\"1273\" data-end=\"1386\">\n<p data-start=\"1275\" data-end=\"1386\"><strong data-start=\"1275\" data-end=\"1303\">M\u00e5ngsidiga b\u00e4ralternativ:<\/strong> Integrerat b\u00e4rhandtag och justerbar, vadderad axelrem f\u00f6r enkel transport<\/p>\n<\/li>\n<li data-start=\"1387\" data-end=\"1495\">\n<p data-start=\"1389\" data-end=\"1495\"><strong data-start=\"1389\" data-end=\"1414\">Tillbeh\u00f6rsf\u00e4ste:<\/strong> Tre externa kompressionsremmar m\u00f6jligg\u00f6r fasts\u00e4ttning av utrustning som stativ<\/p>\n<\/li>\n<li data-start=\"1496\" data-end=\"1561\">\n<p data-start=\"1498\" data-end=\"1561\"><strong data-start=\"1498\" data-end=\"1514\">Enkel torkning:<\/strong> D-ring f\u00f6r att h\u00e4nga upp fodralet f\u00f6r att torka efter anv\u00e4ndning<\/p>\n<\/li>\n<\/ul>\n<p data-start=\"1563\" data-end=\"1871\"><strong data-start=\"1567\" data-end=\"1606\">ALPS OutdoorZ vattent\u00e4ta gev\u00e4rsfodral<\/strong> kombinerar h\u00e5llbarhet, vattent\u00e4thet och funktionalitet f\u00f6r att ge utm\u00e4rkt skydd f\u00f6r ditt vapen under resor och jakter. Designad med anv\u00e4ndarnas behov och tuffa f\u00f6rh\u00e5llanden i \u00e5tanke, s\u00e4kerst\u00e4ller det att ditt gev\u00e4r f\u00f6rblir s\u00e4kert och torrt oavsett vart dina \u00e4ventyr tar dig. <\/p>\n","protected":false},"excerpt":{"rendered":"<p>ALPS OutdoorZ vattent\u00e4tt gev\u00e4rsfodral \u2013 tillf\u00f6rlitligt skydd f\u00f6r ditt vapen i alla f\u00f6rh\u00e5llanden ALPS OutdoorZ vattent\u00e4ta gev\u00e4rsfodral \u00e4r utformat f\u00f6r att ge optimalt skydd f\u00f6r ditt gev\u00e4r, \u00e4ven i de mest kr\u00e4vande milj\u00f6erna. Dess t\u00e5liga konstruktion och vattent\u00e4ta egenskaper g\u00f6r det till ett utm\u00e4rkt val f\u00f6r j\u00e4gare och friluftsentusiaster som beh\u00f6ver ett tillf\u00f6rlitligt vapenskydd. Tekniska [&#8230;]\n","protected":false},"featured_media":278851,"comment_status":"open","ping_status":"closed","template":"","meta":[],"product_brand":[],"product_cat":[2568,2566,2569],"product_tag":[],"class_list":{"0":"post-285483","1":"product","2":"type-product","3":"status-publish","4":"has-post-thumbnail","6":"product_cat-jakt-tillbehor","7":"product_cat-jaktvaskor","8":"product_cat-mjuka-fodral","9":"product_shipping_class-medium-sv","11":"first","12":"outofstock","13":"taxable","14":"shipping-taxable","15":"purchasable","16":"product-type-simple"},"composite_virtual":false,"composite_layout":"","composite_add_to_cart_form_location":"","composite_editable_in_cart":false,"composite_sold_individually_context":"","composite_shop_price_calc":"","composite_components":[],"composite_scenarios":[],"group_of_quantity":0,"min_quantity":0,"max_quantity":"","exclude_order_quantity_value_rules":"no","exclude_category_quantity_rules":"no","combine_variations":"no","exclude_global_add_ons":[],"addons":[],"_links":{"self":[{"href":"https:\/\/www.huntersfriend.eu\/sv\/wp-json\/wp\/v2\/product\/285483","targetHints":{"allow":["GET"]}}],"collection":[{"href":"https:\/\/www.huntersfriend.eu\/sv\/wp-json\/wp\/v2\/product"}],"about":[{"href":"https:\/\/www.huntersfriend.eu\/sv\/wp-json\/wp\/v2\/types\/product"}],"replies":[{"embeddable":true,"href":"https:\/\/www.huntersfriend.eu\/sv\/wp-json\/wp\/v2\/comments?post=285483"}],"wp:featuredmedia":[{"embeddable":true,"href":"https:\/\/www.huntersfriend.eu\/sv\/wp-json\/wp\/v2\/media\/278851"}],"wp:attachment":[{"href":"https:\/\/www.huntersfriend.eu\/sv\/wp-json\/wp\/v2\/media?parent=285483"}],"wp:term":[{"taxonomy":"product_brand","embeddable":true,"href":"https:\/\/www.huntersfriend.eu\/sv\/wp-json\/wp\/v2\/product_brand?post=285483"},{"taxonomy":"product_cat","embeddable":true,"href":"https:\/\/www.huntersfriend.eu\/sv\/wp-json\/wp\/v2\/product_cat?post=285483"},{"taxonomy":"product_tag","embeddable":true,"href":"https:\/\/www.huntersfriend.eu\/sv\/wp-json\/wp\/v2\/product_tag?post=285483"}],"curies":[{"name":"wp","href":"https:\/\/api.w.org\/{rel}","templated":true}]}}