{"id":285482,"date":"2025-05-20T10:18:09","date_gmt":"2025-05-20T08:18:09","guid":{"rendered":"https:\/\/www.huntersfriend.eu\/product\/alps-outdoorz-willow-creek\/"},"modified":"2025-08-26T10:30:32","modified_gmt":"2025-08-26T08:30:32","slug":"alps-outdoorz-willow-creek","status":"publish","type":"product","link":"https:\/\/www.huntersfriend.eu\/sv\/produkt\/alps-outdoorz-willow-creek\/","title":{"rendered":"Alps outdoorz Willow creek"},"content":{"rendered":"<p>Willow Creek \u00e4r den ultimata v\u00e4tskeryggs\u00e4cken. Den levereras med en 3-litersbeh\u00e5llare som inkluderar en isolerad slang f\u00f6r att h\u00e5lla dig hydrerad hela dagen. Det finns en huvudficka och tv\u00e5 framfickor som ger dig 1075 kubiktum utrymme f\u00f6r att frakta med dig all din viktiga utrustning. N\u00e5got som ocks\u00e5 \u00e4r bra med Willow Creek \u00e4r k\u00e4ngurufickan p\u00e5 framsidan som g\u00f6r att du kan stoppa jackor eller extra utrustning i den f\u00f6r att enkelt komma \u00e5t den (och ta med dig \u00e4nnu mer utrustning som inte alltid f\u00e5r plats inuti ryggs\u00e4cken). Sidokompressionsremmarna p\u00e5 k\u00e4ngurufickan g\u00f6r att du kan dra \u00e5t fickan h\u00e5rdare eller lossa fickan beroende p\u00e5 storleken p\u00e5 den extra utrustning du fraktar. Du kan ocks\u00e5 f\u00e4sta mer utrustning p\u00e5 de fr\u00e4mre f\u00e4stpunkterna. De vadderade axelremmarna s\u00e4kerst\u00e4ller att ryggs\u00e4cken b\u00e4r hela resan bekv\u00e4mt.      <\/p>\n<p>\u2022 Tre liters v\u00e4tskebeh\u00e5llare med isolerad slang ing\u00e5r<\/p>\n<p>\u2022 Huvudficka och tv\u00e5 framfickor<\/p>\n<p>\u2022 K\u00e4nguruficka med sidokompressionsremmar<\/p>\n<p>\u2022 Vadderade axelremmar med br\u00f6stbensrem<\/p>\n<p>\u2022 Tv\u00e5 fr\u00e4mre f\u00e4stpunkter<\/p>\n<p>\u2022 En nyckelkl\u00e4mma<\/p>\n<table border=\"3\">\n<tbody>\n<tr align=\"CENTER\">\n<td><b>Kapacitet<\/b><\/td>\n<td>17L \/ 1075 in\u00b3<\/td>\n<\/tr>\n<tr align=\"CENTER\">\n<td><b>M\u00e5tt<\/b><\/td>\n<td>18.5&#8243; H x 8.5&#8243; W x 4.5&#8243; D<\/td>\n<\/tr>\n<tr align=\"CENTER\">\n<td><b>Huvudfack, m\u00e5tt<\/b><\/td>\n<td>16&#8243; H x 8.5&#8243; W x 2.75&#8243; D<\/td>\n<\/tr>\n<tr align=\"CENTER\">\n<td><b>Framficka, m\u00e5tt<\/b><\/td>\n<td>12.5&#8243; H x 6.5&#8243; W x 2.25&#8243; D<\/td>\n<\/tr>\n<tr align=\"CENTER\">\n<td><b>Midjeb\u00e4ltesomf\u00e5ng<\/b><\/td>\n<td>23.5 &#8211; 56&#8243;<\/td>\n<\/tr>\n<tr align=\"CENTER\">\n<td><b>Vikt<\/b><\/td>\n<td>1 lb. 14 oz. <\/td>\n<\/tr>\n<\/tbody>\n<\/table>\n<p>&nbsp;<\/p>\n","protected":false},"excerpt":{"rendered":"<p>Willow Creek \u00e4r den ultimata v\u00e4tskeryggs\u00e4cken. Den levereras med en 3-litersbeh\u00e5llare som inkluderar en isolerad slang f\u00f6r att h\u00e5lla dig hydrerad hela dagen. Det finns en huvudficka och tv\u00e5 framfickor som ger dig 1075 kubiktum utrymme f\u00f6r att frakta med dig all din viktiga utrustning. N\u00e5got som ocks\u00e5 \u00e4r bra med Willow Creek \u00e4r k\u00e4ngurufickan [&#8230;]\n","protected":false},"featured_media":279079,"comment_status":"open","ping_status":"closed","template":"","meta":[],"product_brand":[],"product_cat":[2565,2523],"product_tag":[],"class_list":{"0":"post-285482","1":"product","2":"type-product","3":"status-publish","4":"has-post-thumbnail","6":"product_cat-jaktryggsackar","7":"product_cat-ryggsackar","8":"product_shipping_class-medium-sv","10":"first","11":"instock","12":"taxable","13":"shipping-taxable","14":"purchasable","15":"product-type-simple"},"composite_virtual":false,"composite_layout":"","composite_add_to_cart_form_location":"","composite_editable_in_cart":false,"composite_sold_individually_context":"","composite_shop_price_calc":"","composite_components":[],"composite_scenarios":[],"group_of_quantity":0,"min_quantity":0,"max_quantity":"","exclude_order_quantity_value_rules":"no","exclude_category_quantity_rules":"no","combine_variations":"no","exclude_global_add_ons":[],"addons":[],"_links":{"self":[{"href":"https:\/\/www.huntersfriend.eu\/sv\/wp-json\/wp\/v2\/product\/285482","targetHints":{"allow":["GET"]}}],"collection":[{"href":"https:\/\/www.huntersfriend.eu\/sv\/wp-json\/wp\/v2\/product"}],"about":[{"href":"https:\/\/www.huntersfriend.eu\/sv\/wp-json\/wp\/v2\/types\/product"}],"replies":[{"embeddable":true,"href":"https:\/\/www.huntersfriend.eu\/sv\/wp-json\/wp\/v2\/comments?post=285482"}],"wp:featuredmedia":[{"embeddable":true,"href":"https:\/\/www.huntersfriend.eu\/sv\/wp-json\/wp\/v2\/media\/279079"}],"wp:attachment":[{"href":"https:\/\/www.huntersfriend.eu\/sv\/wp-json\/wp\/v2\/media?parent=285482"}],"wp:term":[{"taxonomy":"product_brand","embeddable":true,"href":"https:\/\/www.huntersfriend.eu\/sv\/wp-json\/wp\/v2\/product_brand?post=285482"},{"taxonomy":"product_cat","embeddable":true,"href":"https:\/\/www.huntersfriend.eu\/sv\/wp-json\/wp\/v2\/product_cat?post=285482"},{"taxonomy":"product_tag","embeddable":true,"href":"https:\/\/www.huntersfriend.eu\/sv\/wp-json\/wp\/v2\/product_tag?post=285482"}],"curies":[{"name":"wp","href":"https:\/\/api.w.org\/{rel}","templated":true}]}}