{"id":285481,"date":"2025-05-20T10:18:07","date_gmt":"2025-05-20T08:18:07","guid":{"rendered":"https:\/\/www.huntersfriend.eu\/product\/alps-outdoorz-thermacell-ficka\/"},"modified":"2025-08-26T10:30:30","modified_gmt":"2025-08-26T08:30:30","slug":"alps-outdoorz-thermacell-ficka","status":"publish","type":"product","link":"https:\/\/www.huntersfriend.eu\/sv\/produkt\/alps-outdoorz-thermacell-ficka\/","title":{"rendered":"Alps outdoorz thermacell-ficka"},"content":{"rendered":"<p data-start=\"51\" data-end=\"197\"><strong data-start=\"51\" data-end=\"86\">Alps OutdoorZ ThermaCell-ficka<\/strong><br data-start=\"86\" data-end=\"89\">En kompakt och slitstark tillbeh\u00f6rsficka f\u00f6r din ThermaCell myggavvisare \u2013 enkel att f\u00e4sta p\u00e5 din utrustning.<\/p>\n<p data-start=\"199\" data-end=\"479\"><strong data-start=\"203\" data-end=\"248\">Alps OutdoorZ ThermaCell-tillbeh\u00f6rsficka<\/strong> \u00e4r designad f\u00f6r j\u00e4gare och friluftsentusiaster som vill ha snabb tillg\u00e5ng till sin myggavvisare. Fickan f\u00e4sts enkelt p\u00e5 MOLLE\/PALS-system och ger en s\u00e4ker, skyddad plats f\u00f6r din ThermaCell, \u00e4ven under aktiv anv\u00e4ndning. <\/p>\n<p data-start=\"481\" data-end=\"504\"><strong data-start=\"481\" data-end=\"504\">Tekniska funktioner:<\/strong><\/p>\n<p data-start=\"506\" data-end=\"558\"><strong data-start=\"506\" data-end=\"524\">Kompatibilitet:<\/strong><br data-start=\"524\" data-end=\"527\">L\u00e4mplig f\u00f6r ThermaCell-modeller:<\/p>\n<ul data-start=\"560\" data-end=\"704\">\n<li data-start=\"560\" data-end=\"569\">\n<p data-start=\"562\" data-end=\"569\">MR300<\/p>\n<\/li>\n<li data-start=\"570\" data-end=\"579\">\n<p data-start=\"572\" data-end=\"579\">MR450<\/p>\n<\/li>\n<li data-start=\"580\" data-end=\"589\">\n<p data-start=\"582\" data-end=\"589\">MR150<\/p>\n<\/li>\n<li data-start=\"590\" data-end=\"630\">\n<p data-start=\"592\" data-end=\"630\">Patio Shield (endast kompakta versioner)<\/p>\n<\/li>\n<li data-start=\"631\" data-end=\"667\">\n<p data-start=\"633\" data-end=\"667\">Armored Series (kompakt version)<\/p>\n<\/li>\n<li data-start=\"668\" data-end=\"704\">\n<p data-start=\"670\" data-end=\"704\">Passar \u00e4ven de flesta vanliga \u00e4ldre modeller<\/p>\n<\/li>\n<\/ul>\n<p data-start=\"706\" data-end=\"810\"><strong data-start=\"706\" data-end=\"721\">F\u00e4ste:<\/strong><br data-start=\"721\" data-end=\"724\">MOLLE\/PALS-f\u00e4stsystem m\u00f6jligg\u00f6r montering p\u00e5 ryggs\u00e4ckar, v\u00e4star eller b\u00e4ltessystem.<\/p>\n<p data-start=\"812\" data-end=\"871\"><strong data-start=\"812\" data-end=\"825\">Material:<\/strong><br data-start=\"825\" data-end=\"828\">Slitstark och vattenavvisande 500D polyester.<\/p>\n<p data-start=\"873\" data-end=\"919\"><strong data-start=\"873\" data-end=\"888\">M\u00e5tt:<\/strong><br data-start=\"888\" data-end=\"891\">Ungef\u00e4r 17 x 7 x 4 cm.<\/p>\n<p data-start=\"921\" data-end=\"982\"><strong data-start=\"921\" data-end=\"932\">Vikt:<\/strong><br data-start=\"932\" data-end=\"935\">Cirka 100 gram \u2013 l\u00e4tt och diskret.<\/p>\n<p data-start=\"984\" data-end=\"1103\"><strong data-start=\"984\" data-end=\"1000\">Anv\u00e4ndarv\u00e4nlighet:<\/strong><br data-start=\"1000\" data-end=\"1003\">Velcro-flik f\u00f6r snabb \u00e5tkomst och en inv\u00e4ndig n\u00e4tficka f\u00f6r f\u00f6rvaring av refill-mattor eller br\u00e4nslepatroner.<\/p>\n<p data-start=\"1105\" data-end=\"1130\"><strong data-start=\"1105\" data-end=\"1115\">F\u00e4rg:<\/strong> Greenleaf camo<\/p>\n<p data-start=\"1132\" data-end=\"1225\"><strong data-start=\"1132\" data-end=\"1141\">Obs:<\/strong><br data-start=\"1141\" data-end=\"1144\">Inte kompatibel med st\u00f6rre bordsmodeller eller elektriska ThermaCell-enheter i E-serien.<\/p>\n","protected":false},"excerpt":{"rendered":"<p>Alps OutdoorZ ThermaCell-fickaEn kompakt och slitstark tillbeh\u00f6rsficka f\u00f6r din ThermaCell myggavvisare \u2013 enkel att f\u00e4sta p\u00e5 din utrustning. Alps OutdoorZ ThermaCell-tillbeh\u00f6rsficka \u00e4r designad f\u00f6r j\u00e4gare och friluftsentusiaster som vill ha snabb tillg\u00e5ng till sin myggavvisare. Fickan f\u00e4sts enkelt p\u00e5 MOLLE\/PALS-system och ger en s\u00e4ker, skyddad plats f\u00f6r din ThermaCell, \u00e4ven under aktiv anv\u00e4ndning. Tekniska funktioner: [&#8230;]\n","protected":false},"featured_media":278848,"comment_status":"open","ping_status":"closed","template":"","meta":[],"product_brand":[],"product_cat":[2567,2565,2563],"product_tag":[],"class_list":{"0":"post-285481","1":"product","2":"type-product","3":"status-publish","4":"has-post-thumbnail","6":"product_cat-campingtillbehor","7":"product_cat-jaktryggsackar","8":"product_cat-tillbehor-for-jakt-torn-och-gomslen","10":"first","11":"outofstock","12":"taxable","13":"shipping-taxable","14":"purchasable","15":"product-type-simple"},"composite_virtual":false,"composite_layout":"","composite_add_to_cart_form_location":"","composite_editable_in_cart":false,"composite_sold_individually_context":"","composite_shop_price_calc":"","composite_components":[],"composite_scenarios":[],"group_of_quantity":0,"min_quantity":0,"max_quantity":"","exclude_order_quantity_value_rules":"no","exclude_category_quantity_rules":"no","combine_variations":"no","exclude_global_add_ons":[],"addons":[],"_links":{"self":[{"href":"https:\/\/www.huntersfriend.eu\/sv\/wp-json\/wp\/v2\/product\/285481","targetHints":{"allow":["GET"]}}],"collection":[{"href":"https:\/\/www.huntersfriend.eu\/sv\/wp-json\/wp\/v2\/product"}],"about":[{"href":"https:\/\/www.huntersfriend.eu\/sv\/wp-json\/wp\/v2\/types\/product"}],"replies":[{"embeddable":true,"href":"https:\/\/www.huntersfriend.eu\/sv\/wp-json\/wp\/v2\/comments?post=285481"}],"wp:featuredmedia":[{"embeddable":true,"href":"https:\/\/www.huntersfriend.eu\/sv\/wp-json\/wp\/v2\/media\/278848"}],"wp:attachment":[{"href":"https:\/\/www.huntersfriend.eu\/sv\/wp-json\/wp\/v2\/media?parent=285481"}],"wp:term":[{"taxonomy":"product_brand","embeddable":true,"href":"https:\/\/www.huntersfriend.eu\/sv\/wp-json\/wp\/v2\/product_brand?post=285481"},{"taxonomy":"product_cat","embeddable":true,"href":"https:\/\/www.huntersfriend.eu\/sv\/wp-json\/wp\/v2\/product_cat?post=285481"},{"taxonomy":"product_tag","embeddable":true,"href":"https:\/\/www.huntersfriend.eu\/sv\/wp-json\/wp\/v2\/product_tag?post=285481"}],"curies":[{"name":"wp","href":"https:\/\/api.w.org\/{rel}","templated":true}]}}