{"id":285479,"date":"2025-05-07T13:12:16","date_gmt":"2025-05-07T11:12:16","guid":{"rendered":"https:\/\/www.huntersfriend.eu\/product\/meopta-meohunter-r5-4-20x50-rd-sfp-bdc-3\/"},"modified":"2025-08-26T10:30:28","modified_gmt":"2025-08-26T08:30:28","slug":"meopta-meohunter-r5-4-20x50-rd-sfp-bdc-3","status":"publish","type":"product","link":"https:\/\/www.huntersfriend.eu\/sv\/produkt\/meopta-meohunter-r5-4-20x50-rd-sfp-bdc-3\/","title":{"rendered":"Meopta MeoHunter R5 4-20&#215;50 RD SFP &#8211; BDC-3"},"content":{"rendered":"<p class=\"\" data-start=\"0\" data-end=\"24\"><strong data-start=\"0\" data-end=\"24\">Meopta nytt f\u00f6r 2025!<\/strong><\/p>\n<p class=\"\" data-start=\"26\" data-end=\"447\"><strong data-start=\"30\" data-end=\"53\">Meopta MeoHunter R5<\/strong> \u00e4r en helt ny kikarsikteserie med en 30 mm huvudtub, 5x zoomomf\u00e5ng och utm\u00e4rkta anv\u00e4ndbarhetsfunktioner. Siktet \u00e4r utrustat med en 11-stegs justering av belyst riktmedel, l\u00e4mplig f\u00f6r b\u00e5de jakt i svagt ljus och ljusa dagsljusf\u00f6rh\u00e5llanden. Belysningskontrollen inkluderar mellanliggande stopp och en 2-timmars automatisk avst\u00e4ngningsfunktion om den r\u00f6da punkten oavsiktligt l\u00e4mnas p\u00e5 under f\u00f6rvaring.  <\/p>\n<p class=\"\" data-start=\"449\" data-end=\"744\">Snabbl\u00e5sande h\u00f6jd- och vindjusteringstorn m\u00f6jligg\u00f6r snabb nollst\u00e4llning och enkel justering vid skytte p\u00e5 olika avst\u00e5nd. Siktet har ocks\u00e5 justerbar parallax. Det har en elegant, str\u00f6mlinjeformad design med texturerade greppytor f\u00f6r b\u00e4ttre hantering. Levereras med uppf\u00e4llbara linsskydd i aluminium.   <\/p>\n<p class=\"\" data-start=\"746\" data-end=\"775\"><strong data-start=\"746\" data-end=\"775\">Tekniska specifikationer:<\/strong><\/p>\n<ul data-start=\"777\" data-end=\"1348\">\n<li class=\"\" data-start=\"777\" data-end=\"805\">\n<p class=\"\" data-start=\"779\" data-end=\"805\"><strong data-start=\"779\" data-end=\"797\">F\u00f6rstoring:<\/strong> 4\u201320x<\/p>\n<\/li>\n<li class=\"\" data-start=\"806\" data-end=\"844\">\n<p class=\"\" data-start=\"808\" data-end=\"844\"><strong data-start=\"808\" data-end=\"836\">Objektivdiameter:<\/strong> 50 mm<\/p>\n<\/li>\n<li class=\"\" data-start=\"845\" data-end=\"878\">\n<p class=\"\" data-start=\"847\" data-end=\"878\"><strong data-start=\"847\" data-end=\"870\">Huvudtubdiameter:<\/strong> 30 mm<\/p>\n<\/li>\n<li class=\"\" data-start=\"879\" data-end=\"911\">\n<p class=\"\" data-start=\"881\" data-end=\"911\"><strong data-start=\"881\" data-end=\"899\">Riktmedelstyp:<\/strong> BDC-3<\/p>\n<\/li>\n<li class=\"\" data-start=\"912\" data-end=\"956\">\n<p class=\"\" data-start=\"914\" data-end=\"956\"><strong data-start=\"914\" data-end=\"935\">Riktmedelsl\u00e4ge:<\/strong> Andra fokalplanet<\/p>\n<\/li>\n<li class=\"\" data-start=\"957\" data-end=\"1003\">\n<p class=\"\" data-start=\"959\" data-end=\"1003\"><strong data-start=\"959\" data-end=\"972\">Ing\u00e5r:<\/strong> Uppf\u00e4llbara linsskydd i aluminium<\/p>\n<\/li>\n<li class=\"\" data-start=\"1004\" data-end=\"1035\">\n<p class=\"\" data-start=\"1006\" data-end=\"1035\"><strong data-start=\"1006\" data-end=\"1029\">Ljustransmission:<\/strong> 84 %<\/p>\n<\/li>\n<li class=\"\" data-start=\"1036\" data-end=\"1081\">\n<p class=\"\" data-start=\"1038\" data-end=\"1081\"><strong data-start=\"1038\" data-end=\"1065\">Synf\u00e4lt (@100 m):<\/strong> 9,17 \u2013 1,82 m<\/p>\n<\/li>\n<li class=\"\" data-start=\"1082\" data-end=\"1133\">\n<p class=\"\" data-start=\"1084\" data-end=\"1133\"><strong data-start=\"1084\" data-end=\"1104\">Belyst punkt:<\/strong> 11-stegs ljusstyrkekontroll<\/p>\n<\/li>\n<li class=\"\" data-start=\"1134\" data-end=\"1172\">\n<p class=\"\" data-start=\"1136\" data-end=\"1172\"><strong data-start=\"1136\" data-end=\"1160\">Parallaxjustering:<\/strong> 15 m till \u221e<\/p>\n<\/li>\n<li class=\"\" data-start=\"1173\" data-end=\"1209\">\n<p class=\"\" data-start=\"1175\" data-end=\"1209\"><strong data-start=\"1175\" data-end=\"1198\">Dioptrijustering:<\/strong> -3 till +2<\/p>\n<\/li>\n<li class=\"\" data-start=\"1210\" data-end=\"1238\">\n<p class=\"\" data-start=\"1212\" data-end=\"1238\"><strong data-start=\"1212\" data-end=\"1227\">\u00d6gonavst\u00e5nd:<\/strong> 94\u201396 mm<\/p>\n<\/li>\n<li class=\"\" data-start=\"1239\" data-end=\"1260\">\n<p class=\"\" data-start=\"1241\" data-end=\"1260\"><strong data-start=\"1241\" data-end=\"1252\">Vikt:<\/strong> 620 g<\/p>\n<\/li>\n<li class=\"\" data-start=\"1261\" data-end=\"1283\">\n<p class=\"\" data-start=\"1263\" data-end=\"1283\"><strong data-start=\"1263\" data-end=\"1274\">L\u00e4ngd:<\/strong> 340 mm<\/p>\n<\/li>\n<li class=\"\" data-start=\"1284\" data-end=\"1348\">\n<p class=\"\" data-start=\"1286\" data-end=\"1348\"><strong data-start=\"1286\" data-end=\"1299\">Garanti:<\/strong> 2 \u00e5r (ut\u00f6kas till 10 \u00e5r vid registrering)<\/p>\n<\/li>\n<\/ul>\n","protected":false},"excerpt":{"rendered":"<p>Meopta nytt f\u00f6r 2025! Meopta MeoHunter R5 \u00e4r en helt ny kikarsikteserie med en 30 mm huvudtub, 5x zoomomf\u00e5ng och utm\u00e4rkta anv\u00e4ndbarhetsfunktioner. Siktet \u00e4r utrustat med en 11-stegs justering av belyst riktmedel, l\u00e4mplig f\u00f6r b\u00e5de jakt i svagt ljus och ljusa dagsljusf\u00f6rh\u00e5llanden. Belysningskontrollen inkluderar mellanliggande stopp och en 2-timmars automatisk avst\u00e4ngningsfunktion om den r\u00f6da punkten [&#8230;]\n","protected":false},"featured_media":278544,"comment_status":"open","ping_status":"closed","template":"","meta":[],"product_brand":[],"product_cat":[2526],"product_tag":[],"class_list":{"0":"post-285479","1":"product","2":"type-product","3":"status-publish","4":"has-post-thumbnail","6":"product_cat-kikarsikten-och-optik","8":"first","9":"instock","10":"taxable","11":"shipping-taxable","12":"purchasable","13":"product-type-simple"},"composite_virtual":false,"composite_layout":"","composite_add_to_cart_form_location":"","composite_editable_in_cart":false,"composite_sold_individually_context":"","composite_shop_price_calc":"","composite_components":[],"composite_scenarios":[],"group_of_quantity":0,"min_quantity":0,"max_quantity":"","exclude_order_quantity_value_rules":"no","exclude_category_quantity_rules":"no","combine_variations":"no","exclude_global_add_ons":[],"addons":[],"_links":{"self":[{"href":"https:\/\/www.huntersfriend.eu\/sv\/wp-json\/wp\/v2\/product\/285479","targetHints":{"allow":["GET"]}}],"collection":[{"href":"https:\/\/www.huntersfriend.eu\/sv\/wp-json\/wp\/v2\/product"}],"about":[{"href":"https:\/\/www.huntersfriend.eu\/sv\/wp-json\/wp\/v2\/types\/product"}],"replies":[{"embeddable":true,"href":"https:\/\/www.huntersfriend.eu\/sv\/wp-json\/wp\/v2\/comments?post=285479"}],"wp:featuredmedia":[{"embeddable":true,"href":"https:\/\/www.huntersfriend.eu\/sv\/wp-json\/wp\/v2\/media\/278544"}],"wp:attachment":[{"href":"https:\/\/www.huntersfriend.eu\/sv\/wp-json\/wp\/v2\/media?parent=285479"}],"wp:term":[{"taxonomy":"product_brand","embeddable":true,"href":"https:\/\/www.huntersfriend.eu\/sv\/wp-json\/wp\/v2\/product_brand?post=285479"},{"taxonomy":"product_cat","embeddable":true,"href":"https:\/\/www.huntersfriend.eu\/sv\/wp-json\/wp\/v2\/product_cat?post=285479"},{"taxonomy":"product_tag","embeddable":true,"href":"https:\/\/www.huntersfriend.eu\/sv\/wp-json\/wp\/v2\/product_tag?post=285479"}],"curies":[{"name":"wp","href":"https:\/\/api.w.org\/{rel}","templated":true}]}}