{"id":285478,"date":"2025-05-20T10:18:10","date_gmt":"2025-05-20T08:18:10","guid":{"rendered":"https:\/\/www.huntersfriend.eu\/product\/alpin-bergsklattring-transport-dagryggsack\/"},"modified":"2026-03-18T22:00:27","modified_gmt":"2026-03-18T20:00:27","slug":"alpin-bergsklattring-transport-dagryggsack","status":"publish","type":"product","link":"https:\/\/www.huntersfriend.eu\/sv\/produkt\/alpin-bergsklattring-transport-dagryggsack\/","title":{"rendered":"Alpin bergskl\u00e4ttring transport Dagryggs\u00e4ck"},"content":{"rendered":"<p>En ny design f\u00f6r ALPS, denna cross-body\/sling-v\u00e4ska har en ambidextri\u00f6s remdesign som m\u00f6jligg\u00f6r v\u00e4nster- eller h\u00f6gerb\u00e4rarpositioner. Dagliga n\u00f6dv\u00e4ndigheter passar perfekt inuti tv\u00e5 stora fickor med dragkedja, och den bakre fickan med dragkedja \u00e4r tillr\u00e4ckligt stor f\u00f6r att rymma en surfplatta. Tre multipla inre underindelade lagringskonfigurationer s\u00e4kerst\u00e4ller att allt \u00e4r l\u00e4ttillg\u00e4ngligt n\u00e4r du beh\u00f6ver det.  <\/p>\n<ul>\n<li>L\u00e4tt och slitstark nylon dubbel ripstop<\/li>\n<li>Fack med dragkedja fram med nyckelkl\u00e4mma och inv\u00e4ndig meshficka rymmer viktiga personliga f\u00f6rem\u00e5l<\/li>\n<li>Stort huvudfack med vadderad surfplatteficka, meshficka och elastisk MOLLE h\u00e5ller utrustningen organiserad och l\u00e4tt att hitta<\/li>\n<li>Ambidextri\u00f6s remdesign justeras enkelt f\u00f6r att passa den f\u00f6redragna b\u00e4rkonfigurationen<\/li>\n<\/ul>\n<table>\n<tbody>\n<tr>\n<th scope=\"row\">M\u00e5tt<\/th>\n<td>13,75&#8243; H x 10&#8243; W x 4,5&#8243; D<\/td>\n<\/tr>\n<tr>\n<th scope=\"row\">Vikt<\/th>\n<td>9,5 oz.<\/td>\n<\/tr>\n<\/tbody>\n<\/table>\n","protected":false},"excerpt":{"rendered":"<p>En ny design f\u00f6r ALPS, denna cross-body\/sling-v\u00e4ska har en ambidextri\u00f6s remdesign som m\u00f6jligg\u00f6r v\u00e4nster- eller h\u00f6gerb\u00e4rarpositioner. Dagliga n\u00f6dv\u00e4ndigheter passar perfekt inuti tv\u00e5 stora fickor med dragkedja, och den bakre fickan med dragkedja \u00e4r tillr\u00e4ckligt stor f\u00f6r att rymma en surfplatta. Tre multipla inre underindelade lagringskonfigurationer s\u00e4kerst\u00e4ller att allt \u00e4r l\u00e4ttillg\u00e4ngligt n\u00e4r du beh\u00f6ver det. L\u00e4tt [&#8230;]\n","protected":false},"featured_media":278995,"comment_status":"open","ping_status":"closed","template":"","meta":[],"product_brand":[],"product_cat":[2765,2523],"product_tag":[],"class_list":{"0":"post-285478","1":"product","2":"type-product","3":"status-publish","4":"has-post-thumbnail","6":"product_cat-fyndlada-slutrea","7":"product_cat-ryggsackar","9":"first","10":"instock","11":"sale","12":"taxable","13":"shipping-taxable","14":"purchasable","15":"product-type-simple"},"composite_virtual":false,"composite_layout":"","composite_add_to_cart_form_location":"","composite_editable_in_cart":false,"composite_sold_individually_context":"","composite_shop_price_calc":"","composite_components":[],"composite_scenarios":[],"group_of_quantity":0,"min_quantity":0,"max_quantity":"","exclude_order_quantity_value_rules":"no","exclude_category_quantity_rules":"no","combine_variations":"no","exclude_global_add_ons":[],"addons":[],"_links":{"self":[{"href":"https:\/\/www.huntersfriend.eu\/sv\/wp-json\/wp\/v2\/product\/285478","targetHints":{"allow":["GET"]}}],"collection":[{"href":"https:\/\/www.huntersfriend.eu\/sv\/wp-json\/wp\/v2\/product"}],"about":[{"href":"https:\/\/www.huntersfriend.eu\/sv\/wp-json\/wp\/v2\/types\/product"}],"replies":[{"embeddable":true,"href":"https:\/\/www.huntersfriend.eu\/sv\/wp-json\/wp\/v2\/comments?post=285478"}],"wp:featuredmedia":[{"embeddable":true,"href":"https:\/\/www.huntersfriend.eu\/sv\/wp-json\/wp\/v2\/media\/278995"}],"wp:attachment":[{"href":"https:\/\/www.huntersfriend.eu\/sv\/wp-json\/wp\/v2\/media?parent=285478"}],"wp:term":[{"taxonomy":"product_brand","embeddable":true,"href":"https:\/\/www.huntersfriend.eu\/sv\/wp-json\/wp\/v2\/product_brand?post=285478"},{"taxonomy":"product_cat","embeddable":true,"href":"https:\/\/www.huntersfriend.eu\/sv\/wp-json\/wp\/v2\/product_cat?post=285478"},{"taxonomy":"product_tag","embeddable":true,"href":"https:\/\/www.huntersfriend.eu\/sv\/wp-json\/wp\/v2\/product_tag?post=285478"}],"curies":[{"name":"wp","href":"https:\/\/api.w.org\/{rel}","templated":true}]}}