{"id":285475,"date":"2025-04-09T12:20:38","date_gmt":"2025-04-09T10:20:38","guid":{"rendered":"https:\/\/www.huntersfriend.eu\/product\/birchwood-casey-msr-kammarborste\/"},"modified":"2026-03-26T13:45:27","modified_gmt":"2026-03-26T11:45:27","slug":"birchwood-casey-msr-kammarborste","status":"publish","type":"product","link":"https:\/\/www.huntersfriend.eu\/sv\/produkt\/birchwood-casey-msr-kammarborste\/","title":{"rendered":"Birchwood Casey MSR kammarborste"},"content":{"rendered":"<p>Birchwood Casey MSR kammarborstar hj\u00e4lper till att ta bort koppar-, kol- och blyavlagringar fr\u00e5n gev\u00e4rskammare. G\u00e4ngstorlek 8-32. Bronsborsten skrubbar kammaren, halsen och skuldran p\u00e5 en MSR. St\u00e5lborsten vid basen skrubbar stj\u00e4rnkammaren p\u00e5 l\u00e5sklackarna p\u00e5 en MSR.   <\/p>\n<ul>\n<li>G\u00e4ngstorlek 8-32<\/li>\n<li>Hj\u00e4lper till att ta bort koppar-, kol- och blyavlagringar fr\u00e5n gev\u00e4rskammare<\/li>\n<\/ul>\n","protected":false},"excerpt":{"rendered":"<p>Birchwood Casey MSR kammarborstar hj\u00e4lper till att ta bort koppar-, kol- och blyavlagringar fr\u00e5n gev\u00e4rskammare. G\u00e4ngstorlek 8-32. Bronsborsten skrubbar kammaren, halsen och skuldran p\u00e5 en MSR. St\u00e5lborsten vid basen skrubbar stj\u00e4rnkammaren p\u00e5 l\u00e5sklackarna p\u00e5 en MSR. G\u00e4ngstorlek 8-32 Hj\u00e4lper till att ta bort koppar-, kol- och blyavlagringar fr\u00e5n gev\u00e4rskammare<\/p>\n","protected":false},"featured_media":278226,"comment_status":"open","ping_status":"closed","template":"","meta":[],"product_brand":[],"product_cat":[2542],"product_tag":[],"class_list":{"0":"post-285475","1":"product","2":"type-product","3":"status-publish","4":"has-post-thumbnail","6":"product_cat-rengoring-och-underhall","8":"first","9":"instock","10":"taxable","11":"shipping-taxable","12":"purchasable","13":"product-type-variable"},"composite_virtual":false,"composite_layout":"","composite_add_to_cart_form_location":"","composite_editable_in_cart":false,"composite_sold_individually_context":"","composite_shop_price_calc":"","composite_components":[],"composite_scenarios":[],"group_of_quantity":0,"min_quantity":0,"max_quantity":"","exclude_order_quantity_value_rules":"no","exclude_category_quantity_rules":"no","combine_variations":"no","exclude_global_add_ons":[],"addons":[],"_links":{"self":[{"href":"https:\/\/www.huntersfriend.eu\/sv\/wp-json\/wp\/v2\/product\/285475","targetHints":{"allow":["GET"]}}],"collection":[{"href":"https:\/\/www.huntersfriend.eu\/sv\/wp-json\/wp\/v2\/product"}],"about":[{"href":"https:\/\/www.huntersfriend.eu\/sv\/wp-json\/wp\/v2\/types\/product"}],"replies":[{"embeddable":true,"href":"https:\/\/www.huntersfriend.eu\/sv\/wp-json\/wp\/v2\/comments?post=285475"}],"wp:featuredmedia":[{"embeddable":true,"href":"https:\/\/www.huntersfriend.eu\/sv\/wp-json\/wp\/v2\/media\/278226"}],"wp:attachment":[{"href":"https:\/\/www.huntersfriend.eu\/sv\/wp-json\/wp\/v2\/media?parent=285475"}],"wp:term":[{"taxonomy":"product_brand","embeddable":true,"href":"https:\/\/www.huntersfriend.eu\/sv\/wp-json\/wp\/v2\/product_brand?post=285475"},{"taxonomy":"product_cat","embeddable":true,"href":"https:\/\/www.huntersfriend.eu\/sv\/wp-json\/wp\/v2\/product_cat?post=285475"},{"taxonomy":"product_tag","embeddable":true,"href":"https:\/\/www.huntersfriend.eu\/sv\/wp-json\/wp\/v2\/product_tag?post=285475"}],"curies":[{"name":"wp","href":"https:\/\/api.w.org\/{rel}","templated":true}]}}