{"id":285471,"date":"2025-05-07T13:12:15","date_gmt":"2025-05-07T11:12:15","guid":{"rendered":"https:\/\/www.huntersfriend.eu\/product\/meopta-meohunter-r5-3-15x50-rd-sfp-bdc-3\/"},"modified":"2025-08-26T10:30:23","modified_gmt":"2025-08-26T08:30:23","slug":"meopta-meohunter-r5-3-15x50-rd-sfp-bdc-3","status":"publish","type":"product","link":"https:\/\/www.huntersfriend.eu\/sv\/produkt\/meopta-meohunter-r5-3-15x50-rd-sfp-bdc-3\/","title":{"rendered":"Meopta MeoHunter R5 3-15&#215;50 RD SFP &#8211; BDC-3"},"content":{"rendered":"<p class=\"\" data-start=\"0\" data-end=\"24\"><strong data-start=\"0\" data-end=\"24\">Meopta nytt f\u00f6r 2025!<\/strong><\/p>\n<p class=\"\" data-start=\"26\" data-end=\"447\"><strong data-start=\"30\" data-end=\"53\">Meopta MeoHunter R5<\/strong> \u00e4r en helt ny kikarsikteserie med ett 30 mm huvudr\u00f6r, 5x zoomomf\u00e5ng och utm\u00e4rkta anv\u00e4ndbarhetsfunktioner. Siktet har en 11-stegs justering av belyst riktmedel, vilket ger synlighet i b\u00e5de jaktf\u00f6rh\u00e5llanden med svagt ljus och starkt dagsljus. Belysningssystemet inkluderar mellanliggande stopp och en 2-timmars AUTO-OFF-funktion om den r\u00f6da punkten oavsiktligt l\u00e4mnas p\u00e5 under f\u00f6rvaring.  <\/p>\n<p class=\"\" data-start=\"449\" data-end=\"761\">De snabbl\u00e5sande h\u00f6jd- och vindjusteringstornen m\u00f6jligg\u00f6r snabb nollst\u00e4llning och enkla justeringar vid skytte p\u00e5 varierande avst\u00e5nd. Siktet har ocks\u00e5 justerbar parallax. Dess eleganta, str\u00f6mlinjeformade design med texturerade greppytor s\u00e4kerst\u00e4ller bekv\u00e4m hantering. Levereras med slitstarka flip-up linsskydd i aluminium.   <\/p>\n<p class=\"\" data-start=\"763\" data-end=\"855\">Siktet finns tillg\u00e4ngligt med olika riktmedelsalternativ i b\u00e5de f\u00f6rsta och andra fokalplan.<\/p>\n<p class=\"\" data-start=\"857\" data-end=\"886\"><strong data-start=\"857\" data-end=\"886\">Tekniska specifikationer:<\/strong><\/p>\n<ul data-start=\"888\" data-end=\"1466\">\n<li class=\"\" data-start=\"888\" data-end=\"916\">\n<p class=\"\" data-start=\"890\" data-end=\"916\"><strong data-start=\"890\" data-end=\"908\">F\u00f6rstoring:<\/strong> 3\u201315x<\/p>\n<\/li>\n<li class=\"\" data-start=\"917\" data-end=\"955\">\n<p class=\"\" data-start=\"919\" data-end=\"955\"><strong data-start=\"919\" data-end=\"947\">Objektivdiameter:<\/strong> 50 mm<\/p>\n<\/li>\n<li class=\"\" data-start=\"956\" data-end=\"989\">\n<p class=\"\" data-start=\"958\" data-end=\"989\"><strong data-start=\"958\" data-end=\"981\">Huvudtubdiameter:<\/strong> 30 mm<\/p>\n<\/li>\n<li class=\"\" data-start=\"990\" data-end=\"1072\">\n<p class=\"\" data-start=\"992\" data-end=\"1072\"><strong data-start=\"992\" data-end=\"1010\">Riktmedelstyp:<\/strong> BDC-3<\/p>\n<\/li>\n<li class=\"\" data-start=\"1073\" data-end=\"1119\">\n<p class=\"\" data-start=\"1075\" data-end=\"1119\"><strong data-start=\"1075\" data-end=\"1088\">Inkluderar:<\/strong> Flip-up linsskydd i aluminium<\/p>\n<\/li>\n<li class=\"\" data-start=\"1120\" data-end=\"1151\">\n<p class=\"\" data-start=\"1122\" data-end=\"1151\"><strong data-start=\"1122\" data-end=\"1145\">Ljustransmission:<\/strong> 84 %<\/p>\n<\/li>\n<li class=\"\" data-start=\"1152\" data-end=\"1196\">\n<p class=\"\" data-start=\"1154\" data-end=\"1196\"><strong data-start=\"1154\" data-end=\"1181\">Synf\u00e4lt (@100 m):<\/strong> 12,5 \u2013 2,5 m<\/p>\n<\/li>\n<li class=\"\" data-start=\"1197\" data-end=\"1251\">\n<p class=\"\" data-start=\"1199\" data-end=\"1251\"><strong data-start=\"1199\" data-end=\"1219\">Belyst punkt:<\/strong> 11-stegs justering av ljusstyrka<\/p>\n<\/li>\n<li class=\"\" data-start=\"1252\" data-end=\"1290\">\n<p class=\"\" data-start=\"1254\" data-end=\"1290\"><strong data-start=\"1254\" data-end=\"1278\">Parallaxjustering:<\/strong> 10 m till \u221e<\/p>\n<\/li>\n<li class=\"\" data-start=\"1291\" data-end=\"1327\">\n<p class=\"\" data-start=\"1293\" data-end=\"1327\"><strong data-start=\"1293\" data-end=\"1316\">Dioptrijustering:<\/strong> -3 till +2<\/p>\n<\/li>\n<li class=\"\" data-start=\"1328\" data-end=\"1356\">\n<p class=\"\" data-start=\"1330\" data-end=\"1356\"><strong data-start=\"1330\" data-end=\"1345\">\u00d6gonavst\u00e5nd:<\/strong> 95\u201398 mm<\/p>\n<\/li>\n<li class=\"\" data-start=\"1357\" data-end=\"1378\">\n<p class=\"\" data-start=\"1359\" data-end=\"1378\"><strong data-start=\"1359\" data-end=\"1370\">Vikt:<\/strong> 635 g<\/p>\n<\/li>\n<li class=\"\" data-start=\"1379\" data-end=\"1401\">\n<p class=\"\" data-start=\"1381\" data-end=\"1401\"><strong data-start=\"1381\" data-end=\"1392\">L\u00e4ngd:<\/strong> 340 mm<\/p>\n<\/li>\n<li class=\"\" data-start=\"1402\" data-end=\"1466\">\n<p class=\"\" data-start=\"1404\" data-end=\"1466\"><strong data-start=\"1404\" data-end=\"1417\">Garanti:<\/strong> 2 \u00e5r (ut\u00f6kas till 10 \u00e5r vid registrering)<\/p>\n<\/li>\n<\/ul>\n","protected":false},"excerpt":{"rendered":"<p>Meopta nytt f\u00f6r 2025! Meopta MeoHunter R5 \u00e4r en helt ny kikarsikteserie med ett 30 mm huvudr\u00f6r, 5x zoomomf\u00e5ng och utm\u00e4rkta anv\u00e4ndbarhetsfunktioner. Siktet har en 11-stegs justering av belyst riktmedel, vilket ger synlighet i b\u00e5de jaktf\u00f6rh\u00e5llanden med svagt ljus och starkt dagsljus. Belysningssystemet inkluderar mellanliggande stopp och en 2-timmars AUTO-OFF-funktion om den r\u00f6da punkten oavsiktligt [&#8230;]\n","protected":false},"featured_media":278554,"comment_status":"open","ping_status":"closed","template":"","meta":[],"product_brand":[],"product_cat":[2526],"product_tag":[],"class_list":{"0":"post-285471","1":"product","2":"type-product","3":"status-publish","4":"has-post-thumbnail","6":"product_cat-kikarsikten-och-optik","8":"first","9":"instock","10":"taxable","11":"shipping-taxable","12":"purchasable","13":"product-type-simple"},"composite_virtual":false,"composite_layout":"","composite_add_to_cart_form_location":"","composite_editable_in_cart":false,"composite_sold_individually_context":"","composite_shop_price_calc":"","composite_components":[],"composite_scenarios":[],"group_of_quantity":0,"min_quantity":0,"max_quantity":"","exclude_order_quantity_value_rules":"no","exclude_category_quantity_rules":"no","combine_variations":"no","exclude_global_add_ons":[],"addons":[],"_links":{"self":[{"href":"https:\/\/www.huntersfriend.eu\/sv\/wp-json\/wp\/v2\/product\/285471","targetHints":{"allow":["GET"]}}],"collection":[{"href":"https:\/\/www.huntersfriend.eu\/sv\/wp-json\/wp\/v2\/product"}],"about":[{"href":"https:\/\/www.huntersfriend.eu\/sv\/wp-json\/wp\/v2\/types\/product"}],"replies":[{"embeddable":true,"href":"https:\/\/www.huntersfriend.eu\/sv\/wp-json\/wp\/v2\/comments?post=285471"}],"wp:featuredmedia":[{"embeddable":true,"href":"https:\/\/www.huntersfriend.eu\/sv\/wp-json\/wp\/v2\/media\/278554"}],"wp:attachment":[{"href":"https:\/\/www.huntersfriend.eu\/sv\/wp-json\/wp\/v2\/media?parent=285471"}],"wp:term":[{"taxonomy":"product_brand","embeddable":true,"href":"https:\/\/www.huntersfriend.eu\/sv\/wp-json\/wp\/v2\/product_brand?post=285471"},{"taxonomy":"product_cat","embeddable":true,"href":"https:\/\/www.huntersfriend.eu\/sv\/wp-json\/wp\/v2\/product_cat?post=285471"},{"taxonomy":"product_tag","embeddable":true,"href":"https:\/\/www.huntersfriend.eu\/sv\/wp-json\/wp\/v2\/product_tag?post=285471"}],"curies":[{"name":"wp","href":"https:\/\/api.w.org\/{rel}","templated":true}]}}