{"id":285469,"date":"2025-04-07T12:46:06","date_gmt":"2025-04-07T10:46:06","guid":{"rendered":"https:\/\/www.huntersfriend.eu\/product\/birchwood-casey-maltavle-prickar-orange\/"},"modified":"2026-02-10T06:13:50","modified_gmt":"2026-02-10T04:13:50","slug":"birchwood-casey-maltavle-prickar-orange","status":"publish","type":"product","link":"https:\/\/www.huntersfriend.eu\/sv\/produkt\/birchwood-casey-maltavle-prickar-orange\/","title":{"rendered":"Birchwood Casey M\u00e5ltavle-prickar \u2013 Orange"},"content":{"rendered":"<p>Praktiska Target Spots\u00ae sj\u00e4lvh\u00e4ftande orange m\u00e5ltavlor skapar omedelbara bull\u2019s-eyes f\u00f6r alla typer av m\u00e5lskytte. Den h\u00f6gkontrasterande, str\u00e5lande orange f\u00e4rgen g\u00f6r att du ser en skarpare siktbild och kulh\u00e5l tydligare f\u00f6r b\u00e4ttre resultat och mindre grupper. <\/p>\n<ul>\n<li>Sj\u00e4lvh\u00e4ftande m\u00e5ltavlor<\/li>\n<li>H\u00f6gkontrasterande, str\u00e5lande orange f\u00e4rg<\/li>\n<li>Icke-reaktiva m\u00e5ltavlor<\/li>\n<\/ul>\n<p>Tre storlekar att v\u00e4lja mellan<\/p>\n<ul>\n<li>1 tum 10 ark med 36 m\u00e5ltavlor p\u00e5 varje<\/li>\n<li>1,5 tum 10 ark med 16 m\u00e5ltavlor p\u00e5 varje<\/li>\n<li>2 tum 10 ark med 9 m\u00e5ltavlor p\u00e5 varje<\/li>\n<\/ul>\n","protected":false},"excerpt":{"rendered":"<p>Praktiska Target Spots\u00ae sj\u00e4lvh\u00e4ftande orange m\u00e5ltavlor skapar omedelbara bull\u2019s-eyes f\u00f6r alla typer av m\u00e5lskytte. Den h\u00f6gkontrasterande, str\u00e5lande orange f\u00e4rgen g\u00f6r att du ser en skarpare siktbild och kulh\u00e5l tydligare f\u00f6r b\u00e4ttre resultat och mindre grupper. Sj\u00e4lvh\u00e4ftande m\u00e5ltavlor H\u00f6gkontrasterande, str\u00e5lande orange f\u00e4rg Icke-reaktiva m\u00e5ltavlor Tre storlekar att v\u00e4lja mellan 1 tum 10 ark med 36 m\u00e5ltavlor [&#8230;]\n","protected":false},"featured_media":278235,"comment_status":"open","ping_status":"closed","template":"","meta":[],"product_brand":[],"product_cat":[2559],"product_tag":[],"class_list":{"0":"post-285469","1":"product","2":"type-product","3":"status-publish","4":"has-post-thumbnail","6":"product_cat-maltavlor","8":"first","9":"instock","10":"taxable","11":"shipping-taxable","12":"purchasable","13":"product-type-variable"},"composite_virtual":false,"composite_layout":"","composite_add_to_cart_form_location":"","composite_editable_in_cart":false,"composite_sold_individually_context":"","composite_shop_price_calc":"","composite_components":[],"composite_scenarios":[],"group_of_quantity":0,"min_quantity":0,"max_quantity":"","exclude_order_quantity_value_rules":"no","exclude_category_quantity_rules":"no","combine_variations":"no","exclude_global_add_ons":[],"addons":[],"_links":{"self":[{"href":"https:\/\/www.huntersfriend.eu\/sv\/wp-json\/wp\/v2\/product\/285469","targetHints":{"allow":["GET"]}}],"collection":[{"href":"https:\/\/www.huntersfriend.eu\/sv\/wp-json\/wp\/v2\/product"}],"about":[{"href":"https:\/\/www.huntersfriend.eu\/sv\/wp-json\/wp\/v2\/types\/product"}],"replies":[{"embeddable":true,"href":"https:\/\/www.huntersfriend.eu\/sv\/wp-json\/wp\/v2\/comments?post=285469"}],"wp:featuredmedia":[{"embeddable":true,"href":"https:\/\/www.huntersfriend.eu\/sv\/wp-json\/wp\/v2\/media\/278235"}],"wp:attachment":[{"href":"https:\/\/www.huntersfriend.eu\/sv\/wp-json\/wp\/v2\/media?parent=285469"}],"wp:term":[{"taxonomy":"product_brand","embeddable":true,"href":"https:\/\/www.huntersfriend.eu\/sv\/wp-json\/wp\/v2\/product_brand?post=285469"},{"taxonomy":"product_cat","embeddable":true,"href":"https:\/\/www.huntersfriend.eu\/sv\/wp-json\/wp\/v2\/product_cat?post=285469"},{"taxonomy":"product_tag","embeddable":true,"href":"https:\/\/www.huntersfriend.eu\/sv\/wp-json\/wp\/v2\/product_tag?post=285469"}],"curies":[{"name":"wp","href":"https:\/\/api.w.org\/{rel}","templated":true}]}}