{"id":285465,"date":"2025-04-24T10:59:00","date_gmt":"2025-04-24T08:59:00","guid":{"rendered":"https:\/\/www.huntersfriend.eu\/product\/black-eagle-talon-003-anpassade-pilar\/"},"modified":"2026-04-24T07:51:12","modified_gmt":"2026-04-24T05:51:12","slug":"black-eagle-talon-003-anpassade-pilar","status":"publish","type":"product","link":"https:\/\/www.huntersfriend.eu\/sv\/produkt\/black-eagle-talon-003-anpassade-pilar\/","title":{"rendered":"Black Eagle Talon .003 specialpilar"},"content":{"rendered":"<p><strong><em>Alla specialpilar byggs f\u00f6r hand enligt den niv\u00e5 du \u00f6nskar. N\u00e4r de \u00e4r f\u00e4rdiga \u00e4r allt som beh\u00f6vs en f\u00e4ltspets eller jaktspets \u2013 sedan \u00e4r du redo att skjuta. <\/em><\/strong><\/p>\n<p>Black Eagle Talon Crested \u00e4r en \u00e4kta jaktpil. Med en robust innerdiameter p\u00e5 6,4 mm (.244&#8243;) erbjuder den enast\u00e5ende h\u00e5llbarhet och stabilitet. Super-Sorted f\u00f6r oslagbar j\u00e4mnhet ger Talon en pil-till-pil-prestanda du kan lita p\u00e5. Exakt spine, rakhet och vikttoleranser \u2013 och nu \u00e4ven Spine Indexed \u2013 s\u00e4kerst\u00e4ller konsekvent prestanda med varje pil, medan den optimerade vikten ger en d\u00f6dlig kombination av hastighet och penetration. Med uppgraderade komponenter kan du anpassa dina pilar f\u00f6r att uppn\u00e5 optimal Front of Center (FOC) och g\u00f6ra dina Talon-pilar helt unika. Den klargula crestingen ger utm\u00e4rkt synlighet \u2013 den ser inte bara bra ut, utan g\u00f6r det ocks\u00e5 l\u00e4tt att hitta pilen i f\u00e4lt.     <\/p>\n<p><strong>Huvudfunktioner:<\/strong><\/p>\n<ul>\n<li><strong>Super-Sorted:<\/strong> Varje Black Eagle-pil tillverkas med extremt sn\u00e4va toleranser och genomg\u00e5r rigor\u00f6sa kvalitetskontroller f\u00f6r att s\u00e4kerst\u00e4lla konsekvent spine, rakhet och vikt, vilket ger exceptionellt j\u00e4mna resultat pil f\u00f6r pil.<\/li>\n<li><strong>H\u00e5llbar konstruktion:<\/strong> Byggd med kolfiber av h\u00f6gsta kvalitet i sin klass f\u00f6r att klara jaktens och tr\u00e4ningsskyttets p\u00e5frestningar \u2013 Black Eagle-pilar erbjuder enast\u00e5ende h\u00e5llbarhet.<\/li>\n<li><strong>Hastighet:<\/strong> Optimerade f\u00f6r den perfekta balansen mellan hastighet och h\u00e5llbarhet levererar Black Eagle-pilar p\u00e5litlig tr\u00e4ffbild p\u00e5 m\u00e5let.<\/li>\n<li><strong>Spine Indexed:<\/strong> F\u00f6r en extra niv\u00e5 av omsorg spine-indexeras varje Black Eagle-pil med h\u00f6g precision.<\/li>\n<\/ul>\n<p><strong>PILSPECIFIKATIONER:<\/strong><\/p>\n<ul>\n<li><strong>.001&#8243; &amp; .003&#8243; rakhet<\/strong><\/li>\n<li><strong>\u00b1 1 grain vikttolerans<\/strong><\/li>\n<li><strong>32&#8243; skaftl\u00e4ngd<\/strong><\/li>\n<\/ul>\n<div class=\"col-sm-8\">\n<div class=\"subtitle-font\"><strong>ING\u00c5R<\/strong>:<\/div>\n<\/div>\n<div class=\"col-sm-8\">\n<ul>\n<li>Monterad Flo-Yellow BEA Standard-nock, 8 grain\/st.<\/li>\n<li>.245 inserts \u2013 15 grain\/st.<\/li>\n<li>2,5&#8243; Q2I Fusion X-II Shield Cut-vanes | Flo-Orange, vita vanes \u2013 8 grain\/st. (p\u00e5 fabrikspilar)<\/li>\n<\/ul>\n<\/div>\n<div><span style=\"display: inline !important; float: none; background-color: transparent; color: #333333; font-family: 'Industry-Medium-webfont',Helvetica,Arial,sans-serif; font-size: 13px; font-style: normal; font-variant: normal; font-weight: 400; letter-spacing: normal; orphans: 2; text-align: left; text-decoration: none; text-indent: 0px; text-transform: none; -webkit-text-stroke-width: 0px; white-space: normal; word-spacing: 0px;\">Hot Melt-lim rekommenderas INTE f\u00f6r anv\u00e4ndning med Black Eagle-pilskaft. <\/span><\/div>\n<h3>BLACK EAGLE TALON SPECIFIKATIONER<\/h3>\n<table>\n<tbody>\n<tr>\n<td><\/td>\n<td><strong>300<\/strong><br \/>\n.300&#8243; deflection<br \/>\n9,3 GPI<br \/>\n+\/-.001 eller .003&#8243; rakhet<br \/>\n.298&#8243; O.D.<\/td>\n<td><strong>350<\/strong><br \/>\n.350&#8243; deflection<br \/>\n8,1 GPI<br \/>\n+\/-.001 eller .003&#8243; rakhet<br \/>\n.293&#8243; O.D.<\/td>\n<td><strong>400<\/strong><br \/>\n.400&#8243; deflection<br \/>\n7,6 GPI<br \/>\n+\/-.001 eller .003&#8243; rakhet<br \/>\n.291&#8243; O.D.<\/td>\n<\/tr>\n<\/tbody>\n<\/table>\n<p><strong>STANDARDISERADE TABELLER F\u00d6R PILSPINE\/DEFLECTION<\/strong><\/p>\n<p>Den h\u00e4r tabellen \u00e4r normaliserad f\u00f6r moderna compoundb\u00e5gar med IBO-hastigheter mellan 280\u2013330 fps. F\u00f6r snabbare b\u00e5gar, l\u00e4s tabellen ett steg ned\u00e5t och \u00e5t h\u00f6ger. F\u00f6r l\u00e5ngsammare b\u00e5gar, l\u00e4s tabellen ett steg upp\u00e5t och \u00e5t v\u00e4nster. Tabellen g\u00e4ller inte f\u00f6r traditionella b\u00e5gar. OBS: Faktiska spine-deflections f\u00f6r pilar matchar inte n\u00f6dv\u00e4ndigtvis tillverkarens marknadsf\u00f6rda spine-storlekar (Gold Tip 5575, Carbon Force 200, Carbon Express 60\/75 osv.). Tillverkarens system f\u00f6r spine-storlekar <strong>kan vara godtyckliga<\/strong> (100, 200, 300, 400) och kan, men beh\u00f6ver inte, \u00e5terspegla pilarnas faktiska spine-deflection. Till exempel har en &#8221;Carbon Express Maxima 250&#8243; en faktisk spine-deflection p\u00e5 .404&#8243;, inte .250&#8221; som storleken antyder. I det h\u00e4r fallet \u00e4r betygssystemet godtyckligt. F\u00f6r s\u00e4kerhets skull, anta INTE att en pils angivna spine-storlek matchar pilens faktiska deflection. Se faktiska pil-specifikationer ovan innan du anv\u00e4nder tabellen f\u00f6r att v\u00e4lja l\u00e4mplig spine-styvhet f\u00f6r din b\u00e5ge. Beh\u00f6ver du hj\u00e4lp, ring v\u00e5r pro-shop eller mejla oss s\u00e5 hj\u00e4lper vi dig.          <\/p>\n<p><strong>OM V\u00c5RT SPECIALPILSPROGRAM:<\/strong><\/p>\n<p><strong>VARJE PIL BYGGS F\u00d6R HAND FR\u00c5N R\u00c5A SKAFT` <\/strong>Att bygga pilar f\u00f6r hand g\u00f6r att vi kan g\u00f6ra s\u00e5dant som v\u00e5ra konkurrenter i stormarknads-\/kedjeformat inte kan. Varje r\u00e5skaft och dess komponenter kontrolleras f\u00f6r tillverkningsfel innan montering. Varje skaft f\u00f6rbereds korrekt och varje fj\u00e4der\/vanes kontrolleras f\u00f6r hand s\u00e5 att f\u00e4stet blir r\u00e4tt. D\u00e4refter orienteras alla nockar och varje pil kapas enligt dina specifikationer i en av v\u00e5ra h\u00f6gvarviga pils\u00e5gar p\u00e5 8 000 rpm. Sedan monterar vi dina inserts, f\u00e4ltspetsar (om de best\u00e4llts separat) och reng\u00f6r pilarna f\u00f6r att ta bort oljor eller limrester. F\u00e4rdiga pilset m\u00e5ste d\u00e4refter klara en noggrann flerpunktsinspektion innan de godk\u00e4nns f\u00f6r leverans till v\u00e5ra kunder. Vi inser att vi inte bygger ballistiska missiler h\u00e4r, men vi tar v\u00e5ra pilar p\u00e5 stort allvar. N\u00e4r dina specialpilar kommer vill vi att du ska bli imponerad. V\u00e5ra specialpilar levereras exakt enligt dina specifikationer och \u00e4r 100 % skjutklara. Det h\u00e4r \u00e4r en service du bara f\u00e5r fr\u00e5n en riktig b\u00e5gskytte-pro-shop, och vi \u00e4r stolta \u00f6ver att s\u00e4tta en kvalitetsstandard som en maskin helt enkelt inte kan matcha.         <\/p>\n<p><strong>VARJE PIL \u00c4R SKJUTKLAR`<\/strong> L\u00e5t dig inte luras av s\u00e5 kallade &#8221;field ready arrows&#8221; som s\u00e4ljs i stora kedjor och hos m\u00e5nga \u00e5terf\u00f6rs\u00e4ljare. De \u00e4r INTE <u>f\u00e4rdiga<\/u> pilar. Kedjepilar \u00e4r helt enkelt r\u00e5skaft i full l\u00e4ngd som maskinfj\u00e4drats med de billigaste materialen (ofta fr\u00e5n utlandet). De \u00e4r definitivt INTE redo f\u00f6r anv\u00e4ndning i f\u00e4lt och deras kvalitet kan inte j\u00e4mf\u00f6ras med handbyggda specialpilar. Dessutom f\u00e5r kunden v\u00e4ldigt lite valfrihet n\u00e4r man k\u00f6per maskinfj\u00e4drade standardpilar. Oftast f\u00e5r du bara det som ligger i kartongen och f\u00e5r leva med det. Vi tycker att det \u00e4r en ganska l\u00e5g standard.      <\/p>\n<p><strong>ARBETE GJORT BARA F\u00d6R DIG` <\/strong>Specialpilar BYGGS OCH KAPAS ENLIGT DINA FAKTISKA BEST\u00c4LLNINGSSPECIFIKATIONER. Inget tillverkas i f\u00f6rv\u00e4g.  Ingen process startar f\u00f6rr\u00e4n du l\u00e4gger din best\u00e4llning. Men t\u00e4nk p\u00e5 att n\u00e4r vi v\u00e4l har kn\u00e4ckt \u00e4ggen och b\u00f6rjat med din omelett kan vi inte l\u00e4gga tillbaka allt i skalet f\u00f6r n\u00e5gon annan senare. Specialpilar kan inte l\u00e4ggas tillbaka i lager. N\u00e4r de v\u00e4l \u00e4r fj\u00e4drade, har inserts monterade eller kapade till l\u00e4ngd kan specialpilsbest\u00e4llningar inte avbokas, returneras eller bytas \u2013 f\u00f6rutom i s\u00e4llsynta fall av tillverkningsfel eller butiksfel i ordern. S\u00e5 var s\u00e4ker p\u00e5 dina specifikationer innan du best\u00e4ller. N\u00e4r ett specialbyggt pilset \u00e4r gjort BARA F\u00d6R DIG \u00e4r de dina. Sj\u00e4lvklart, om det finns ett verkligt problem st\u00e5r vi bakom v\u00e5rt arbete och r\u00e4ttar till det. Men det kommer vi inte beh\u00f6va. Vi ser till att dina pilar blir grymma redan f\u00f6rsta g\u00e5ngen. Du kommer att se &#8230;         <\/p>\n<p><strong>HUR L\u00c5NG TID TAR DET? N\u00c4R F\u00c5R JAG MINA PILAR?  <\/strong>Majoriteten (cirka 94 %) av v\u00e5ra specialbest\u00e4llningar fr\u00e5n pro-shopen hanteras, byggs, inspekteras och skickas inom 2\u20134 arbetsdagar. Under de lugnare m\u00e5naderna (jan\u2013juli) sl\u00e5r vi oftast det snittet med en dag. Under de mer hektiska m\u00e5naderna (aug\u2013dec) tar det ofta en extra dag. Sammantaget \u00e4r en officiell ledtid p\u00e5 1\u20135 dagar den mest \u00e4rliga uppskattningen vi kan ge. Vi vet att v\u00e5ra kunder \u00e4r ivriga att f\u00e5 hem grejerna och komma ig\u00e5ng, s\u00e5 vi jobbar p\u00e5 och skickar ut best\u00e4llningarna s\u00e5 snabbt vi bara kan. Om det uppst\u00e5r n\u00e5gon form av problem eller undantag meddelar vi dig.      Men generellt kan du r\u00e4kna med att din specialbest\u00e4llning fr\u00e5n pro-shopen \u00e4r p\u00e5 v\u00e4g inom n\u00e5gra arbetsdagar. V\u00e5rt kundtj\u00e4nstsystem via e-post h\u00e5ller dig uppdaterad om din orderstatus under tiden. Faktiska leveranstider varierar beroende p\u00e5 avst\u00e5ndet fr\u00e5n pro-shopen\/lagret i Finland.  <\/p>\n","protected":false},"excerpt":{"rendered":"<p>Alla specialpilar byggs f\u00f6r hand enligt den niv\u00e5 du \u00f6nskar. N\u00e4r de \u00e4r f\u00e4rdiga \u00e4r allt som beh\u00f6vs en f\u00e4ltspets eller jaktspets \u2013 sedan \u00e4r du redo att skjuta. Black Eagle Talon Crested \u00e4r en \u00e4kta jaktpil. Med en robust innerdiameter p\u00e5 6,4 mm (.244&#8243;) erbjuder den enast\u00e5ende h\u00e5llbarhet och stabilitet. Super-Sorted f\u00f6r oslagbar j\u00e4mnhet [&#8230;]\n","protected":false},"featured_media":278413,"comment_status":"open","ping_status":"closed","template":"","meta":[],"product_brand":[],"product_cat":[2555],"product_tag":[],"class_list":{"0":"post-285465","1":"product","2":"type-product","3":"status-publish","4":"has-post-thumbnail","6":"product_cat-kolfiber-handgjord","8":"first","9":"instock","10":"virtual","11":"taxable","12":"purchasable","13":"product-type-composite"},"composite_virtual":false,"composite_layout":"single","composite_add_to_cart_form_location":"default","composite_editable_in_cart":false,"composite_sold_individually_context":"product","composite_shop_price_calc":"min_max","composite_components":[{"id":"1745493281","title":"Skaft","description":"","query_type":"product_ids","query_ids":[285449],"default_option_id":285449,"thumbnail_id":"","thumbnail_src":"","quantity_min":12,"quantity_max":"","priced_individually":true,"shipped_individually":true,"optional":false,"discount":"","options_style":"dropdowns","pagination_style":"classic","display_prices":"absolute","show_sorting_options":false,"show_filtering_options":false,"attribute_filter_ids":[],"select_action":"view","product_title_visible":true,"product_descr_visible":true,"product_price_visible":true,"product_thumb_visible":true,"subtotal_visible_product":true,"subtotal_visible_cart":true,"subtotal_visible_orders":true,"product_addons_visible":true},{"id":"1745493280","title":"F\u00e4rg p\u00e5 styrfj\u00e4der","description":"<p>Det h\u00e4r \u00e4r en av tre fj\u00e4drar p\u00e5 pilen. Alla fj\u00e4drar m\u00e5ste vara av samma typ men inte samma f\u00e4rg. <\/p>\n","query_type":"product_ids","query_ids":[289307,289326,289335,289353,288860],"default_option_id":289307,"thumbnail_id":"","thumbnail_src":"","quantity_min":12,"quantity_max":"","priced_individually":false,"shipped_individually":true,"optional":false,"discount":"","options_style":"dropdowns","pagination_style":"classic","display_prices":"absolute","show_sorting_options":false,"show_filtering_options":false,"attribute_filter_ids":[],"select_action":"view","product_title_visible":true,"product_descr_visible":true,"product_price_visible":true,"product_thumb_visible":true,"subtotal_visible_product":true,"subtotal_visible_cart":true,"subtotal_visible_orders":true,"product_addons_visible":true},{"id":"1745493282","title":"F\u00e4rg p\u00e5 hen-fj\u00e4drar","description":"<p>Det h\u00e4r \u00e4r tv\u00e5 av de tre fj\u00e4drarna p\u00e5 pilen. Alla tre fj\u00e4drar m\u00e5ste vara av samma typ men inte samma f\u00e4rg. <\/p>\n","query_type":"product_ids","query_ids":[289307,289326,289335,289353,288860],"default_option_id":289307,"thumbnail_id":"","thumbnail_src":"","quantity_min":24,"quantity_max":"","priced_individually":false,"shipped_individually":true,"optional":false,"discount":"","options_style":"dropdowns","pagination_style":"classic","display_prices":"absolute","show_sorting_options":false,"show_filtering_options":false,"attribute_filter_ids":[],"select_action":"view","product_title_visible":true,"product_descr_visible":true,"product_price_visible":true,"product_thumb_visible":true,"subtotal_visible_product":true,"subtotal_visible_cart":true,"subtotal_visible_orders":true,"product_addons_visible":true}],"composite_scenarios":[],"group_of_quantity":0,"min_quantity":0,"max_quantity":"","exclude_order_quantity_value_rules":"no","exclude_category_quantity_rules":"no","combine_variations":"no","exclude_global_add_ons":false,"addons":[{"name":"Fj\u00e4dringsstil","type":"multiple_choice","position":0,"required":true,"title_format":"label","default":"0","description_enable":false,"description":null,"placeholder_enable":false,"placeholder":null,"display":"select","restrictions_type":"any_text","adjust_price":false,"price":"","price_type":"flat_fee","restrictions":false,"min":"0","max":"0","options":[{"label":"Offset","price":"","price_type":"flat_fee","image":0,"visibility":true},{"label":"Helical","price":"","price_type":"flat_fee","image":0,"visibility":true},{"label":"Rak","price":"","price_type":"flat_fee","image":0,"visibility":true}],"id":1745492208}],"_links":{"self":[{"href":"https:\/\/www.huntersfriend.eu\/sv\/wp-json\/wp\/v2\/product\/285465","targetHints":{"allow":["GET"]}}],"collection":[{"href":"https:\/\/www.huntersfriend.eu\/sv\/wp-json\/wp\/v2\/product"}],"about":[{"href":"https:\/\/www.huntersfriend.eu\/sv\/wp-json\/wp\/v2\/types\/product"}],"replies":[{"embeddable":true,"href":"https:\/\/www.huntersfriend.eu\/sv\/wp-json\/wp\/v2\/comments?post=285465"}],"wp:featuredmedia":[{"embeddable":true,"href":"https:\/\/www.huntersfriend.eu\/sv\/wp-json\/wp\/v2\/media\/278413"}],"wp:attachment":[{"href":"https:\/\/www.huntersfriend.eu\/sv\/wp-json\/wp\/v2\/media?parent=285465"}],"wp:term":[{"taxonomy":"product_brand","embeddable":true,"href":"https:\/\/www.huntersfriend.eu\/sv\/wp-json\/wp\/v2\/product_brand?post=285465"},{"taxonomy":"product_cat","embeddable":true,"href":"https:\/\/www.huntersfriend.eu\/sv\/wp-json\/wp\/v2\/product_cat?post=285465"},{"taxonomy":"product_tag","embeddable":true,"href":"https:\/\/www.huntersfriend.eu\/sv\/wp-json\/wp\/v2\/product_tag?post=285465"}],"curies":[{"name":"wp","href":"https:\/\/api.w.org\/{rel}","templated":true}]}}