{"id":285464,"date":"2025-04-07T12:06:27","date_gmt":"2025-04-07T10:06:27","guid":{"rendered":"https:\/\/www.huntersfriend.eu\/product\/birchwood-casey-ullborstmopp\/"},"modified":"2025-08-26T10:30:21","modified_gmt":"2025-08-26T08:30:21","slug":"birchwood-casey-ullborstmopp","status":"publish","type":"product","link":"https:\/\/www.huntersfriend.eu\/sv\/produkt\/birchwood-casey-ullborstmopp\/","title":{"rendered":"Birchwood Casey ullborstmopp"},"content":{"rendered":"<p>Birchwood Casey\u00ae vapenreng\u00f6ringsmoppar \u00e4r tillverkade av h\u00f6gkvalitativa komponenter och \u00e4r effektiva f\u00f6r att applicera l\u00f6sningsmedel och sm\u00f6rjmedel. *Se alltid till att ditt skjutvapen \u00e4r oladdat innan reng\u00f6ring. <\/p>\n<ul>\n<li>Passar 8-32 g\u00e4ngor<\/li>\n<li>Olika modeller tillg\u00e4ngliga<\/li>\n<li>Enkelpack mopp<\/li>\n<\/ul>\n","protected":false},"excerpt":{"rendered":"<p>Birchwood Casey\u00ae vapenreng\u00f6ringsmoppar \u00e4r tillverkade av h\u00f6gkvalitativa komponenter och \u00e4r effektiva f\u00f6r att applicera l\u00f6sningsmedel och sm\u00f6rjmedel. *Se alltid till att ditt skjutvapen \u00e4r oladdat innan reng\u00f6ring. Passar 8-32 g\u00e4ngor Olika modeller tillg\u00e4ngliga Enkelpack mopp<\/p>\n","protected":false},"featured_media":278207,"comment_status":"open","ping_status":"closed","template":"","meta":[],"product_brand":[],"product_cat":[2542],"product_tag":[],"class_list":{"0":"post-285464","1":"product","2":"type-product","3":"status-publish","4":"has-post-thumbnail","6":"product_cat-rengoring-och-underhall","8":"first","9":"instock","10":"taxable","11":"shipping-taxable","12":"purchasable","13":"product-type-variable"},"composite_virtual":false,"composite_layout":"","composite_add_to_cart_form_location":"","composite_editable_in_cart":false,"composite_sold_individually_context":"","composite_shop_price_calc":"","composite_components":[],"composite_scenarios":[],"group_of_quantity":0,"min_quantity":0,"max_quantity":"","exclude_order_quantity_value_rules":"no","exclude_category_quantity_rules":"no","combine_variations":"no","exclude_global_add_ons":[],"addons":[],"_links":{"self":[{"href":"https:\/\/www.huntersfriend.eu\/sv\/wp-json\/wp\/v2\/product\/285464","targetHints":{"allow":["GET"]}}],"collection":[{"href":"https:\/\/www.huntersfriend.eu\/sv\/wp-json\/wp\/v2\/product"}],"about":[{"href":"https:\/\/www.huntersfriend.eu\/sv\/wp-json\/wp\/v2\/types\/product"}],"replies":[{"embeddable":true,"href":"https:\/\/www.huntersfriend.eu\/sv\/wp-json\/wp\/v2\/comments?post=285464"}],"wp:featuredmedia":[{"embeddable":true,"href":"https:\/\/www.huntersfriend.eu\/sv\/wp-json\/wp\/v2\/media\/278207"}],"wp:attachment":[{"href":"https:\/\/www.huntersfriend.eu\/sv\/wp-json\/wp\/v2\/media?parent=285464"}],"wp:term":[{"taxonomy":"product_brand","embeddable":true,"href":"https:\/\/www.huntersfriend.eu\/sv\/wp-json\/wp\/v2\/product_brand?post=285464"},{"taxonomy":"product_cat","embeddable":true,"href":"https:\/\/www.huntersfriend.eu\/sv\/wp-json\/wp\/v2\/product_cat?post=285464"},{"taxonomy":"product_tag","embeddable":true,"href":"https:\/\/www.huntersfriend.eu\/sv\/wp-json\/wp\/v2\/product_tag?post=285464"}],"curies":[{"name":"wp","href":"https:\/\/api.w.org\/{rel}","templated":true}]}}