{"id":285460,"date":"2025-04-16T14:14:09","date_gmt":"2025-04-16T12:14:09","guid":{"rendered":"https:\/\/www.huntersfriend.eu\/product\/meopta-meohunter-r5-3-15x50-rd-sfp-4c\/"},"modified":"2025-08-26T10:30:20","modified_gmt":"2025-08-26T08:30:20","slug":"meopta-meohunter-r5-3-15x50-rd-sfp-4c","status":"publish","type":"product","link":"https:\/\/www.huntersfriend.eu\/sv\/produkt\/meopta-meohunter-r5-3-15x50-rd-sfp-4c\/","title":{"rendered":"Meopta MeoHunter R5 3-15&#215;50 RD SFP &#8211; 4C"},"content":{"rendered":"<p>Det idealiska valet f\u00f6r nyb\u00f6rjare inom jakt och skytte.<br \/>\nMed MeoHunter R5-kikarsiktet har vi integrerat element fr\u00e5n v\u00e5ra topproduktlinjer och under hela utvecklingsprocessen fokuserat p\u00e5 att uppn\u00e5 b\u00e4sta m\u00f6jliga f\u00f6rh\u00e5llande mellan pris och prestanda. MeoHunter R5 har de mest popul\u00e4ra jaktriktmedlen \u2013 4C och BDC 3 \u2013 med avancerad justering av ljusstyrkan. Dessa riktmedel \u00e4r ocks\u00e5 kompatibla med m\u00f6rkerseende- och v\u00e4rmekamerautrustning.  <\/p>\n<p>F\u00f6rstoring: 3\u201315<br \/>\nObjektivlinsstorlek: 50 mm<br \/>\nHuvudtubdiameter: 30 mm<br \/>\nSynf\u00e4lt p\u00e5 100 m: 12,4 \u2013 2,4 m<br \/>\nRiktmedel: 4C, SFP (Second Focal Plane)<br \/>\nR\u00f6dpunkt: Ja, 11 ljusstyrkeniv\u00e5er med 2-timmars Auto-Off-funktion<br \/>\nJustering: 1 klick = 1 cm\/100 m, l\u00e5sbara torn<br \/>\nL\u00e4ngd: 340 mm<br \/>\nVikt: 635 g<br \/>\nParallaxjustering fr\u00e5n: 10 m<\/p>\n<p>Inkluderar: Linsskydd i metall, linsskydd i bikini-stil, CR2032-batteri och en nyckel f\u00f6r nollst\u00e4llning av tornet<\/p>\n","protected":false},"excerpt":{"rendered":"<p>Det idealiska valet f\u00f6r nyb\u00f6rjare inom jakt och skytte. Med MeoHunter R5-kikarsiktet har vi integrerat element fr\u00e5n v\u00e5ra topproduktlinjer och under hela utvecklingsprocessen fokuserat p\u00e5 att uppn\u00e5 b\u00e4sta m\u00f6jliga f\u00f6rh\u00e5llande mellan pris och prestanda. MeoHunter R5 har de mest popul\u00e4ra jaktriktmedlen \u2013 4C och BDC 3 \u2013 med avancerad justering av ljusstyrkan. Dessa riktmedel \u00e4r [&#8230;]\n","protected":false},"featured_media":278402,"comment_status":"open","ping_status":"closed","template":"","meta":[],"product_brand":[],"product_cat":[2526],"product_tag":[],"class_list":{"0":"post-285460","1":"product","2":"type-product","3":"status-publish","4":"has-post-thumbnail","6":"product_cat-kikarsikten-och-optik","8":"first","9":"instock","10":"taxable","11":"shipping-taxable","12":"purchasable","13":"product-type-simple"},"composite_virtual":false,"composite_layout":"","composite_add_to_cart_form_location":"","composite_editable_in_cart":false,"composite_sold_individually_context":"","composite_shop_price_calc":"","composite_components":[],"composite_scenarios":[],"group_of_quantity":0,"min_quantity":0,"max_quantity":"","exclude_order_quantity_value_rules":"no","exclude_category_quantity_rules":"no","combine_variations":"no","exclude_global_add_ons":[],"addons":[],"_links":{"self":[{"href":"https:\/\/www.huntersfriend.eu\/sv\/wp-json\/wp\/v2\/product\/285460","targetHints":{"allow":["GET"]}}],"collection":[{"href":"https:\/\/www.huntersfriend.eu\/sv\/wp-json\/wp\/v2\/product"}],"about":[{"href":"https:\/\/www.huntersfriend.eu\/sv\/wp-json\/wp\/v2\/types\/product"}],"replies":[{"embeddable":true,"href":"https:\/\/www.huntersfriend.eu\/sv\/wp-json\/wp\/v2\/comments?post=285460"}],"wp:featuredmedia":[{"embeddable":true,"href":"https:\/\/www.huntersfriend.eu\/sv\/wp-json\/wp\/v2\/media\/278402"}],"wp:attachment":[{"href":"https:\/\/www.huntersfriend.eu\/sv\/wp-json\/wp\/v2\/media?parent=285460"}],"wp:term":[{"taxonomy":"product_brand","embeddable":true,"href":"https:\/\/www.huntersfriend.eu\/sv\/wp-json\/wp\/v2\/product_brand?post=285460"},{"taxonomy":"product_cat","embeddable":true,"href":"https:\/\/www.huntersfriend.eu\/sv\/wp-json\/wp\/v2\/product_cat?post=285460"},{"taxonomy":"product_tag","embeddable":true,"href":"https:\/\/www.huntersfriend.eu\/sv\/wp-json\/wp\/v2\/product_tag?post=285460"}],"curies":[{"name":"wp","href":"https:\/\/api.w.org\/{rel}","templated":true}]}}