{"id":285459,"date":"2025-04-07T11:51:15","date_gmt":"2025-04-07T09:51:15","guid":{"rendered":"https:\/\/www.huntersfriend.eu\/product\/birchwood-casey-rengoringsstav\/"},"modified":"2025-08-26T10:30:20","modified_gmt":"2025-08-26T08:30:20","slug":"birchwood-casey-rengoringsstav","status":"publish","type":"product","link":"https:\/\/www.huntersfriend.eu\/sv\/produkt\/birchwood-casey-rengoringsstav\/","title":{"rendered":"Birchwood Casey reng\u00f6ringsstav"},"content":{"rendered":"<div class=\"O0\">\n<ul>\n<li>Friflytande handtag<\/li>\n<li>Belagda syntetiska st\u00e5lst\u00e4nger<\/li>\n<li>\u00c5teranv\u00e4ndbar genomskinlig tubf\u00f6rpackning<\/li>\n<\/ul>\n<p>3 storlekar att v\u00e4lja mellan<\/p>\n<\/div>\n","protected":false},"excerpt":{"rendered":"<p>Friflytande handtag Belagda syntetiska st\u00e5lst\u00e4nger \u00c5teranv\u00e4ndbar genomskinlig tubf\u00f6rpackning 3 storlekar att v\u00e4lja mellan<\/p>\n","protected":false},"featured_media":278195,"comment_status":"open","ping_status":"closed","template":"","meta":[],"product_brand":[],"product_cat":[2542],"product_tag":[],"class_list":{"0":"post-285459","1":"product","2":"type-product","3":"status-publish","4":"has-post-thumbnail","6":"product_cat-rengoring-och-underhall","8":"first","9":"instock","10":"taxable","11":"shipping-taxable","12":"purchasable","13":"product-type-variable"},"composite_virtual":false,"composite_layout":"","composite_add_to_cart_form_location":"","composite_editable_in_cart":false,"composite_sold_individually_context":"","composite_shop_price_calc":"","composite_components":[],"composite_scenarios":[],"group_of_quantity":0,"min_quantity":0,"max_quantity":"","exclude_order_quantity_value_rules":"no","exclude_category_quantity_rules":"no","combine_variations":"no","exclude_global_add_ons":[],"addons":[],"_links":{"self":[{"href":"https:\/\/www.huntersfriend.eu\/sv\/wp-json\/wp\/v2\/product\/285459","targetHints":{"allow":["GET"]}}],"collection":[{"href":"https:\/\/www.huntersfriend.eu\/sv\/wp-json\/wp\/v2\/product"}],"about":[{"href":"https:\/\/www.huntersfriend.eu\/sv\/wp-json\/wp\/v2\/types\/product"}],"replies":[{"embeddable":true,"href":"https:\/\/www.huntersfriend.eu\/sv\/wp-json\/wp\/v2\/comments?post=285459"}],"wp:featuredmedia":[{"embeddable":true,"href":"https:\/\/www.huntersfriend.eu\/sv\/wp-json\/wp\/v2\/media\/278195"}],"wp:attachment":[{"href":"https:\/\/www.huntersfriend.eu\/sv\/wp-json\/wp\/v2\/media?parent=285459"}],"wp:term":[{"taxonomy":"product_brand","embeddable":true,"href":"https:\/\/www.huntersfriend.eu\/sv\/wp-json\/wp\/v2\/product_brand?post=285459"},{"taxonomy":"product_cat","embeddable":true,"href":"https:\/\/www.huntersfriend.eu\/sv\/wp-json\/wp\/v2\/product_cat?post=285459"},{"taxonomy":"product_tag","embeddable":true,"href":"https:\/\/www.huntersfriend.eu\/sv\/wp-json\/wp\/v2\/product_tag?post=285459"}],"curies":[{"name":"wp","href":"https:\/\/api.w.org\/{rel}","templated":true}]}}