{"id":285449,"date":"2025-04-14T12:25:20","date_gmt":"2025-04-14T10:25:20","guid":{"rendered":"https:\/\/www.huntersfriend.eu\/product\/black-eagle-talon-skaft-003\/"},"modified":"2025-08-26T10:30:18","modified_gmt":"2025-08-26T08:30:18","slug":"black-eagle-talon-skaft-003","status":"publish","type":"product","link":"https:\/\/www.huntersfriend.eu\/sv\/produkt\/black-eagle-talon-skaft-003\/","title":{"rendered":"Black Eagle Talon-skaft .003"},"content":{"rendered":"<p>V\u00e4nligen ange pilens l\u00e4ngd (ATA-m\u00e4tning) i informationsf\u00e4ltet vid utcheckningen om du vill att vi ska kapa dem \u00e5t dig och\/eller installera insatserna.<\/p>\n<p>Black Eagle Talon Crested-pilen \u00e4r en \u00e4kta j\u00e4gares pil. Byggd med en robust innerdiameter p\u00e5 6,4 mm (0,244&#8243;) erbjuder denna pil exceptionell h\u00e5llbarhet och stabilitet. Super-sorterad f\u00f6r o\u00f6vertr\u00e4ffad konsistens, Talon levererar pil-till-pil-prestanda du kan lita p\u00e5. Exakt spine, rakhet, vikttoleranser och nu Spine Indexed f\u00f6r att s\u00e4kerst\u00e4lla konsekvent prestanda med varje pil, medan den optimerade vikten ger en d\u00f6dlig kombination av hastighet och penetration. Med uppgraderade komponenter kan du anpassa dina pilar f\u00f6r att uppn\u00e5 optimal Front of Center (FOC), f\u00f6r att g\u00f6ra dina Talon-pilar unika. Den ljusgula crestingen ger utm\u00e4rkt synlighet, ser inte bara bra ut, utan g\u00f6r det ocks\u00e5 enkelt att sp\u00e5ra din pil i f\u00e4lt.     <\/p>\n<p><strong>Viktiga funktioner:<\/strong><\/p>\n<ul>\n<li><strong>Super-sorterad:<\/strong> Varje Black Eagle-pil \u00e4r tillverkad med extremt sn\u00e4va toleranser och genomg\u00e5r rigor\u00f6sa kvalitetskontroll\u00e5tg\u00e4rder f\u00f6r att s\u00e4kerst\u00e4lla konsekvent spine, rakhet och vikt, vilket resulterar i exceptionella pil-till-pil-resultat.<\/li>\n<li><strong>H\u00e5llbar konstruktion:<\/strong> Black Eagle-pilar \u00e4r byggda med h\u00f6gsta kvalitet av kol i sin klass f\u00f6r att motst\u00e5 jaktens och m\u00e5lskyttets p\u00e5frestningar och erbjuder exceptionell h\u00e5llbarhet.<\/li>\n<li><strong>Hastighet:<\/strong> Black Eagle-pilar \u00e4r optimerade f\u00f6r den perfekta balansen mellan hastighet och h\u00e5llbarhet och levererar p\u00e5litlig pil-p\u00e5-m\u00e5l-prestanda.<\/li>\n<li><strong>Spine Indexed:<\/strong> F\u00f6r en extra niv\u00e5 av omsorg \u00e4r varje Black Eagle-pil exakt spine-indexerad.<\/li>\n<\/ul>\n<p><strong>PILSPECIFIKATIONER:<\/strong><\/p>\n<ul>\n<li><strong>.001 \u201c&amp; .003\u201d rakhet<\/strong><\/li>\n<li><strong>\u00b1 1 grains vikttolerans<\/strong><\/li>\n<li><strong>32&#8243; skaftl\u00e4ngd<\/strong><\/li>\n<\/ul>\n<div class=\"col-sm-8\">\n<div class=\"subtitle-font\"><strong>ING\u00c5R<\/strong>:<\/div>\n<\/div>\n<div class=\"col-sm-8\">\n<ul>\n<li>Installerad Flo-gul BEA standardnock 8 grains st.<\/li>\n<li>.245 insatser &#8211; 15 grains vardera<\/li>\n<li>2.5&#8243; Q2I Fusion X-II Shield Cut Vanes | Flo-Orange, Vita Vanes &#8211; 8 Grains Vardera (P\u00e5 fabrikspilar)<\/li>\n<\/ul>\n<\/div>\n<div><span style=\"display: inline !important; float: none; background-color: transparent; color: #333333; font-family: 'Industry-Medium-webfont',Helvetica,Arial,sans-serif; font-size: 13px; font-style: normal; font-variant: normal; font-weight: 400; letter-spacing: normal; orphans: 2; text-align: left; text-decoration: none; text-indent: 0px; text-transform: none; -webkit-text-stroke-width: 0px; white-space: normal; word-spacing: 0px;\">Snabblim rekommenderas INTE f\u00f6r anv\u00e4ndning med Black Eagle Arrow-skaft. <\/span><\/div>\n<h3>BLACK EAGLE TALON SPECIFIKATIONER<\/h3>\n<table>\n<tbody>\n<tr>\n<td><\/td>\n<td><strong>300&#8217;s<\/strong><br \/>\n.300&#8243; Nedb\u00f6jning<br \/>\n9,3 GPI<br \/>\n+\/-.001 eller .003&#8243; Rakhet<br \/>\n.298&#8243; Y.D.<\/td>\n<td><strong>350&#8217;s<\/strong><br \/>\n.350&#8243; Nedb\u00f6jning<br \/>\n8,1 GPI<br \/>\n+\/-.001 eller .003&#8243; Rakhet<br \/>\n.293&#8243; Y.D.<\/td>\n<td><strong>400&#8217;s<\/strong><br \/>\n.400&#8243; Nedb\u00f6jning<br \/>\n7,6 GPI<br \/>\n+\/-.001 or.003&#8243; Rakhet<br \/>\n.291&#8243; Y.D.<\/td>\n<\/tr>\n<\/tbody>\n<\/table>\n<h3>STANDARDISERADE PIL SPINE\/NEDB\u00d6JNINGSTABELLER<\/h3>\n<p>Denna tabell \u00e4r normaliserad f\u00f6r moderna compoundb\u00e5gar med IBO-hastigheter mellan 280-330 fps. F\u00f6r snabbare b\u00e5gar, l\u00e4s tabellen ett block ned och till h\u00f6ger. F\u00f6r l\u00e5ngsammare b\u00e5gar, l\u00e4s tabellen ett block upp och till v\u00e4nster. Tabellen \u00e4r inte till\u00e4mplig f\u00f6r traditionella b\u00e5gar. OBS: Faktiska pilspine-nedb\u00f6jningar matchar inte n\u00f6dv\u00e4ndigtvis tillverkarens marknadsf\u00f6rda spine-storlekar (Gold Tip 5575, Carbon Force 200, Carbon Express 60\/75, etc.). Tillverkarens spine-storlekssystem <strong>kan vara godtyckliga<\/strong> (100, 200, 300, 400) och kanske eller kanske inte \u00e5terspeglar pilarnas faktiska spine-nedb\u00f6jningar. Till exempel har en &#8221;Carbon Express Maxima 250&#8243; en faktisk spine-nedb\u00f6jning p\u00e5 .404&#8243;, inte .250&#8221; som storleken antyder. I det h\u00e4r fallet \u00e4r klassificeringssystemet godtyckligt. F\u00f6r att vara s\u00e4ker, ANTA INTE att en pils publicerade spine-storlek matchar pilens faktiska nedb\u00f6jning. Se faktiska pilspecifikationsdata ovan innan du anv\u00e4nder den h\u00e4r tabellen f\u00f6r att v\u00e4lja en l\u00e4mplig spine-styvhet f\u00f6r din b\u00e5ge.          <em><strong>Om du beh\u00f6ver hj\u00e4lp, ring v\u00e5r pro-shop p\u00e5 +358 45 208 6292 eller skicka ett e-postmeddelande till oss f\u00f6r hj\u00e4lp.<\/strong><\/em><\/p>\n","protected":false},"excerpt":{"rendered":"<p>Nockar och insatser ing\u00e5r, men inte \u00f6vningsspetsar eller broadheads. V\u00e4nligen kontakta oss direkt om andra spines eller rakhet. <\/p>\n","protected":false},"featured_media":278336,"comment_status":"open","ping_status":"closed","template":"","meta":[],"product_brand":[],"product_cat":[2550],"product_tag":[],"class_list":{"0":"post-285449","1":"product","2":"type-product","3":"status-publish","4":"has-post-thumbnail","6":"product_cat-koljaktskaft","8":"first","9":"instock","10":"taxable","11":"shipping-taxable","12":"purchasable","13":"product-type-variable"},"composite_virtual":false,"composite_layout":"","composite_add_to_cart_form_location":"","composite_editable_in_cart":false,"composite_sold_individually_context":"","composite_shop_price_calc":"","composite_components":[],"composite_scenarios":[],"group_of_quantity":0,"min_quantity":0,"max_quantity":"","exclude_order_quantity_value_rules":"no","exclude_category_quantity_rules":"no","combine_variations":"no","exclude_global_add_ons":false,"addons":[{"name":"Kapad till l\u00e4ngd","type":"multiple_choice","position":0,"required":true,"title_format":"label","default":"0","description_enable":false,"description":null,"placeholder_enable":false,"placeholder":null,"display":"select","restrictions_type":"any_text","adjust_price":false,"price":"","price_type":"flat_fee","restrictions":false,"min":"0","max":"0","options":[{"label":"Kapa inte","price":"","price_type":"flat_fee","image":0,"visibility":true},{"label":"V\u00e4nligen kapa - l\u00e4gg till \u00f6nskad l\u00e4ngd i infof\u00e4ltet vid utcheckningen","price":"","price_type":"flat_fee","image":0,"visibility":true}],"id":1744634160},{"name":"Insatser","type":"multiple_choice","position":1,"required":true,"title_format":"label","default":"0","description_enable":false,"description":null,"placeholder_enable":false,"placeholder":null,"display":"select","restrictions_type":"any_text","adjust_price":false,"price":"","price_type":"flat_fee","restrictions":false,"min":"0","max":"0","options":[{"label":"Installera insatser (Detta \u00e4r permanent!)","price":"","price_type":"flat_fee","image":0,"visibility":true},{"label":"Installera inte insatser (inkludera l\u00f6sa)","price":"","price_type":"flat_fee","image":0,"visibility":true}],"id":1744634161}],"_links":{"self":[{"href":"https:\/\/www.huntersfriend.eu\/sv\/wp-json\/wp\/v2\/product\/285449","targetHints":{"allow":["GET"]}}],"collection":[{"href":"https:\/\/www.huntersfriend.eu\/sv\/wp-json\/wp\/v2\/product"}],"about":[{"href":"https:\/\/www.huntersfriend.eu\/sv\/wp-json\/wp\/v2\/types\/product"}],"replies":[{"embeddable":true,"href":"https:\/\/www.huntersfriend.eu\/sv\/wp-json\/wp\/v2\/comments?post=285449"}],"wp:featuredmedia":[{"embeddable":true,"href":"https:\/\/www.huntersfriend.eu\/sv\/wp-json\/wp\/v2\/media\/278336"}],"wp:attachment":[{"href":"https:\/\/www.huntersfriend.eu\/sv\/wp-json\/wp\/v2\/media?parent=285449"}],"wp:term":[{"taxonomy":"product_brand","embeddable":true,"href":"https:\/\/www.huntersfriend.eu\/sv\/wp-json\/wp\/v2\/product_brand?post=285449"},{"taxonomy":"product_cat","embeddable":true,"href":"https:\/\/www.huntersfriend.eu\/sv\/wp-json\/wp\/v2\/product_cat?post=285449"},{"taxonomy":"product_tag","embeddable":true,"href":"https:\/\/www.huntersfriend.eu\/sv\/wp-json\/wp\/v2\/product_tag?post=285449"}],"curies":[{"name":"wp","href":"https:\/\/api.w.org\/{rel}","templated":true}]}}