{"id":285448,"date":"2025-04-07T11:30:58","date_gmt":"2025-04-07T09:30:58","guid":{"rendered":"https:\/\/www.huntersfriend.eu\/product\/birchwood-casey-massingsborstar-push-jag\/"},"modified":"2026-03-04T12:55:53","modified_gmt":"2026-03-04T10:55:53","slug":"birchwood-casey-massingsborstar-push-jag","status":"publish","type":"product","link":"https:\/\/www.huntersfriend.eu\/sv\/produkt\/birchwood-casey-massingsborstar-push-jag\/","title":{"rendered":"Birchwood Casey m\u00e4ssingsborstar push jag"},"content":{"rendered":"<p>Birchwood Casey Brass Push Jags \u00e4r ett s\u00e4tt att reng\u00f6ra, torka eller olja din pipa ordentligt. Dessa reng\u00f6ringsborstar \u00e4r utformade f\u00f6r att ge en t\u00e4t passform mellan lappen och loppet. Den spetsiga \u00e4nden hj\u00e4lper till att h\u00e5lla en reng\u00f6ringslapp <span id=\"_ctl0__ctl0_labelDescription\" class=\"block\">f\u00f6r en passning med sn\u00e4va toleranser i pipan f\u00f6r maximal reng\u00f6ringskraft.<\/span>  <\/p>\n<h6 role=\"heading\" data-uw-rm-heading=\"level\" aria-level=\"3\">Viktiga funktioner<\/h6>\n<ul>\n<li>Enkelf\u00f6rpackning reng\u00f6ringsborste<\/li>\n<li>Solid m\u00e4ssingskonstruktion<\/li>\n<li>Optimala kalibrar med tight passform<\/li>\n<li>Passar de flesta m\u00e4rken av reng\u00f6ringsstavar<\/li>\n<li>Spetsig \u00e4nde h\u00e5ller lappen centrerad<\/li>\n<\/ul>\n","protected":false},"excerpt":{"rendered":"<p>Birchwood Casey Brass Push Jags \u00e4r ett s\u00e4tt att reng\u00f6ra, torka eller olja din pipa ordentligt. Dessa reng\u00f6ringsborstar \u00e4r utformade f\u00f6r att ge en t\u00e4t passform mellan lappen och loppet. Den spetsiga \u00e4nden hj\u00e4lper till att h\u00e5lla en reng\u00f6ringslapp f\u00f6r en passning med sn\u00e4va toleranser i pipan f\u00f6r maximal reng\u00f6ringskraft. Viktiga funktioner Enkelf\u00f6rpackning reng\u00f6ringsborste Solid [&#8230;]\n","protected":false},"featured_media":278173,"comment_status":"open","ping_status":"closed","template":"","meta":[],"product_brand":[],"product_cat":[2542],"product_tag":[],"class_list":{"0":"post-285448","1":"product","2":"type-product","3":"status-publish","4":"has-post-thumbnail","6":"product_cat-rengoring-och-underhall","8":"first","9":"instock","10":"taxable","11":"shipping-taxable","12":"purchasable","13":"product-type-variable"},"composite_virtual":false,"composite_layout":"","composite_add_to_cart_form_location":"","composite_editable_in_cart":false,"composite_sold_individually_context":"","composite_shop_price_calc":"","composite_components":[],"composite_scenarios":[],"group_of_quantity":0,"min_quantity":0,"max_quantity":"","exclude_order_quantity_value_rules":"no","exclude_category_quantity_rules":"no","combine_variations":"no","exclude_global_add_ons":[],"addons":[],"_links":{"self":[{"href":"https:\/\/www.huntersfriend.eu\/sv\/wp-json\/wp\/v2\/product\/285448","targetHints":{"allow":["GET"]}}],"collection":[{"href":"https:\/\/www.huntersfriend.eu\/sv\/wp-json\/wp\/v2\/product"}],"about":[{"href":"https:\/\/www.huntersfriend.eu\/sv\/wp-json\/wp\/v2\/types\/product"}],"replies":[{"embeddable":true,"href":"https:\/\/www.huntersfriend.eu\/sv\/wp-json\/wp\/v2\/comments?post=285448"}],"wp:featuredmedia":[{"embeddable":true,"href":"https:\/\/www.huntersfriend.eu\/sv\/wp-json\/wp\/v2\/media\/278173"}],"wp:attachment":[{"href":"https:\/\/www.huntersfriend.eu\/sv\/wp-json\/wp\/v2\/media?parent=285448"}],"wp:term":[{"taxonomy":"product_brand","embeddable":true,"href":"https:\/\/www.huntersfriend.eu\/sv\/wp-json\/wp\/v2\/product_brand?post=285448"},{"taxonomy":"product_cat","embeddable":true,"href":"https:\/\/www.huntersfriend.eu\/sv\/wp-json\/wp\/v2\/product_cat?post=285448"},{"taxonomy":"product_tag","embeddable":true,"href":"https:\/\/www.huntersfriend.eu\/sv\/wp-json\/wp\/v2\/product_tag?post=285448"}],"curies":[{"name":"wp","href":"https:\/\/api.w.org\/{rel}","templated":true}]}}