{"id":285436,"date":"2025-04-07T11:11:10","date_gmt":"2025-04-07T09:11:10","guid":{"rendered":"https:\/\/www.huntersfriend.eu\/product\/birchwood-casey-bronsborste\/"},"modified":"2025-08-26T10:30:15","modified_gmt":"2025-08-26T08:30:15","slug":"birchwood-casey-bronsborste","status":"publish","type":"product","link":"https:\/\/www.huntersfriend.eu\/sv\/produkt\/birchwood-casey-bronsborste\/","title":{"rendered":"Birchwood Casey bronsborste"},"content":{"rendered":"<p class=\"O0\">Borstar \u00e4r idealiska f\u00f6r de flesta reng\u00f6ringsjobb. Dessa borstar ger en grundlig skrubbning i flera riktningar. Bronsborsten \u00e5terg\u00e5r till sin ursprungliga form och \u00e4r mycket h\u00e5llbara.  <\/p>\n<h6 class=\"O0\" role=\"heading\" data-uw-rm-heading=\"level\" aria-level=\"4\">Viktiga funktioner<\/h6>\n<ul>\n<li>Flera kaliberalternativ<\/li>\n<li>En n\u00f6dv\u00e4ndighet f\u00f6r att s\u00e4kerst\u00e4lla renhet i pipan<\/li>\n<\/ul>\n","protected":false},"excerpt":{"rendered":"<p>Borstar \u00e4r idealiska f\u00f6r de flesta reng\u00f6ringsjobb. Dessa borstar ger en grundlig skrubbning i flera riktningar. Bronsborsten \u00e5terg\u00e5r till sin ursprungliga form och \u00e4r mycket h\u00e5llbara. Viktiga funktioner Flera kaliberalternativ En n\u00f6dv\u00e4ndighet f\u00f6r att s\u00e4kerst\u00e4lla renhet i pipan<\/p>\n","protected":false},"featured_media":278162,"comment_status":"open","ping_status":"closed","template":"","meta":[],"product_brand":[],"product_cat":[2542],"product_tag":[],"class_list":{"0":"post-285436","1":"product","2":"type-product","3":"status-publish","4":"has-post-thumbnail","6":"product_cat-rengoring-och-underhall","8":"first","9":"instock","10":"taxable","11":"shipping-taxable","12":"purchasable","13":"product-type-variable"},"composite_virtual":false,"composite_layout":"","composite_add_to_cart_form_location":"","composite_editable_in_cart":false,"composite_sold_individually_context":"","composite_shop_price_calc":"","composite_components":[],"composite_scenarios":[],"group_of_quantity":0,"min_quantity":0,"max_quantity":"","exclude_order_quantity_value_rules":"no","exclude_category_quantity_rules":"no","combine_variations":"no","exclude_global_add_ons":[],"addons":[],"_links":{"self":[{"href":"https:\/\/www.huntersfriend.eu\/sv\/wp-json\/wp\/v2\/product\/285436","targetHints":{"allow":["GET"]}}],"collection":[{"href":"https:\/\/www.huntersfriend.eu\/sv\/wp-json\/wp\/v2\/product"}],"about":[{"href":"https:\/\/www.huntersfriend.eu\/sv\/wp-json\/wp\/v2\/types\/product"}],"replies":[{"embeddable":true,"href":"https:\/\/www.huntersfriend.eu\/sv\/wp-json\/wp\/v2\/comments?post=285436"}],"wp:featuredmedia":[{"embeddable":true,"href":"https:\/\/www.huntersfriend.eu\/sv\/wp-json\/wp\/v2\/media\/278162"}],"wp:attachment":[{"href":"https:\/\/www.huntersfriend.eu\/sv\/wp-json\/wp\/v2\/media?parent=285436"}],"wp:term":[{"taxonomy":"product_brand","embeddable":true,"href":"https:\/\/www.huntersfriend.eu\/sv\/wp-json\/wp\/v2\/product_brand?post=285436"},{"taxonomy":"product_cat","embeddable":true,"href":"https:\/\/www.huntersfriend.eu\/sv\/wp-json\/wp\/v2\/product_cat?post=285436"},{"taxonomy":"product_tag","embeddable":true,"href":"https:\/\/www.huntersfriend.eu\/sv\/wp-json\/wp\/v2\/product_tag?post=285436"}],"curies":[{"name":"wp","href":"https:\/\/api.w.org\/{rel}","templated":true}]}}