{"id":285434,"date":"2025-04-02T15:04:18","date_gmt":"2025-04-02T13:04:18","guid":{"rendered":"https:\/\/www.huntersfriend.eu\/product\/lucky-xhdi-reservflockade-vingar\/"},"modified":"2025-08-26T10:30:14","modified_gmt":"2025-08-26T08:30:14","slug":"lucky-xhdi-reservflockade-vingar","status":"publish","type":"product","link":"https:\/\/www.huntersfriend.eu\/sv\/produkt\/lucky-xhdi-reservflockade-vingar\/","title":{"rendered":"Lucky XHDi reservflockade vingar"},"content":{"rendered":"<ul>\n<li>H\u00e5llbara formsprutade magnetiska vingar<\/li>\n<li>Flockade f\u00f6r synlighet p\u00e5 l\u00e5ngt h\u00e5ll<\/li>\n<li>Visat sig vara mer h\u00e5llbara \u00e4n n\u00e5gon korrugerad vinge, och ger dig l\u00e4ngre driftstid p\u00e5 en enda laddning<\/li>\n<li>Inkluderar v\u00e4nster och h\u00f6ger vinge, tillsammans med vingadaptrar<\/li>\n<li>Kompatibel med de flesta Lucky Duck-lockf\u00e5glar med roterande vingar<\/li>\n<\/ul>\n","protected":false},"excerpt":{"rendered":"<p>H\u00e5llbara formsprutade magnetiska vingar Flockade f\u00f6r synlighet p\u00e5 l\u00e5ngt h\u00e5ll Visat sig vara mer h\u00e5llbara \u00e4n n\u00e5gon korrugerad vinge, och ger dig l\u00e4ngre driftstid p\u00e5 en enda laddning Inkluderar v\u00e4nster och h\u00f6ger vinge, tillsammans med vingadaptrar Kompatibel med de flesta Lucky Duck-lockf\u00e5glar med roterande vingar<\/p>\n","protected":false},"featured_media":278091,"comment_status":"open","ping_status":"closed","template":"","meta":[],"product_brand":[],"product_cat":[2528],"product_tag":[],"class_list":{"0":"post-285434","1":"product","2":"type-product","3":"status-publish","4":"has-post-thumbnail","6":"product_cat-rorliga-lockfaglar","8":"first","9":"instock","10":"taxable","11":"shipping-taxable","12":"purchasable","13":"product-type-simple"},"composite_virtual":false,"composite_layout":"","composite_add_to_cart_form_location":"","composite_editable_in_cart":false,"composite_sold_individually_context":"","composite_shop_price_calc":"","composite_components":[],"composite_scenarios":[],"group_of_quantity":0,"min_quantity":0,"max_quantity":"","exclude_order_quantity_value_rules":"no","exclude_category_quantity_rules":"no","combine_variations":"no","exclude_global_add_ons":[],"addons":[],"_links":{"self":[{"href":"https:\/\/www.huntersfriend.eu\/sv\/wp-json\/wp\/v2\/product\/285434","targetHints":{"allow":["GET"]}}],"collection":[{"href":"https:\/\/www.huntersfriend.eu\/sv\/wp-json\/wp\/v2\/product"}],"about":[{"href":"https:\/\/www.huntersfriend.eu\/sv\/wp-json\/wp\/v2\/types\/product"}],"replies":[{"embeddable":true,"href":"https:\/\/www.huntersfriend.eu\/sv\/wp-json\/wp\/v2\/comments?post=285434"}],"wp:featuredmedia":[{"embeddable":true,"href":"https:\/\/www.huntersfriend.eu\/sv\/wp-json\/wp\/v2\/media\/278091"}],"wp:attachment":[{"href":"https:\/\/www.huntersfriend.eu\/sv\/wp-json\/wp\/v2\/media?parent=285434"}],"wp:term":[{"taxonomy":"product_brand","embeddable":true,"href":"https:\/\/www.huntersfriend.eu\/sv\/wp-json\/wp\/v2\/product_brand?post=285434"},{"taxonomy":"product_cat","embeddable":true,"href":"https:\/\/www.huntersfriend.eu\/sv\/wp-json\/wp\/v2\/product_cat?post=285434"},{"taxonomy":"product_tag","embeddable":true,"href":"https:\/\/www.huntersfriend.eu\/sv\/wp-json\/wp\/v2\/product_tag?post=285434"}],"curies":[{"name":"wp","href":"https:\/\/api.w.org\/{rel}","templated":true}]}}