{"id":285431,"date":"2025-04-02T15:04:17","date_gmt":"2025-04-02T13:04:17","guid":{"rendered":"https:\/\/www.huntersfriend.eu\/product\/lucky-hd-fjarrkontroll-2-0\/"},"modified":"2025-08-26T10:30:13","modified_gmt":"2025-08-26T08:30:13","slug":"lucky-hd-fjarrkontroll-2-0","status":"publish","type":"product","link":"https:\/\/www.huntersfriend.eu\/sv\/produkt\/lucky-hd-fjarrkontroll-2-0\/","title":{"rendered":"Lucky HD fj\u00e4rrkontroll 2.0"},"content":{"rendered":"<p>N\u00e4r den paras ihop med en Lucky Duck HD-mottagare 2.0 (s\u00e4ljs separat) kan du med Lucky Ducks HD-s\u00e4ndare styra flera motoriserade lockf\u00e5glar. HD-s\u00e4ndaren 2.0 har en ergonomisk design som \u00e4r extremt vattent\u00e5lig och separata p\u00e5\/av-knappar f\u00f6r enkel anv\u00e4ndning. Med 3 kanalalternativ kan du styra olika lockf\u00e5glar p\u00e5 olika kanaler (vattenr\u00f6relse kontra spinnare). Fj\u00e4rrkontrollens r\u00e4ckvidd \u00e4r upp till 90 meter.   <\/p>\n","protected":false},"excerpt":{"rendered":"<p>N\u00e4r den paras ihop med en Lucky Duck HD-mottagare 2.0 (s\u00e4ljs separat) kan du med Lucky Ducks HD-s\u00e4ndare styra flera motoriserade lockf\u00e5glar. HD-s\u00e4ndaren 2.0 har en ergonomisk design som \u00e4r extremt vattent\u00e5lig och separata p\u00e5\/av-knappar f\u00f6r enkel anv\u00e4ndning. Med 3 kanalalternativ kan du styra olika lockf\u00e5glar p\u00e5 olika kanaler (vattenr\u00f6relse kontra spinnare). Fj\u00e4rrkontrollens r\u00e4ckvidd \u00e4r [&#8230;]\n","protected":false},"featured_media":278100,"comment_status":"open","ping_status":"closed","template":"","meta":[],"product_brand":[],"product_cat":[2528],"product_tag":[],"class_list":{"0":"post-285431","1":"product","2":"type-product","3":"status-publish","4":"has-post-thumbnail","6":"product_cat-rorliga-lockfaglar","8":"first","9":"instock","10":"taxable","11":"shipping-taxable","12":"purchasable","13":"product-type-simple"},"composite_virtual":false,"composite_layout":"","composite_add_to_cart_form_location":"","composite_editable_in_cart":false,"composite_sold_individually_context":"","composite_shop_price_calc":"","composite_components":[],"composite_scenarios":[],"group_of_quantity":0,"min_quantity":0,"max_quantity":"","exclude_order_quantity_value_rules":"no","exclude_category_quantity_rules":"no","combine_variations":"no","exclude_global_add_ons":[],"addons":[],"_links":{"self":[{"href":"https:\/\/www.huntersfriend.eu\/sv\/wp-json\/wp\/v2\/product\/285431","targetHints":{"allow":["GET"]}}],"collection":[{"href":"https:\/\/www.huntersfriend.eu\/sv\/wp-json\/wp\/v2\/product"}],"about":[{"href":"https:\/\/www.huntersfriend.eu\/sv\/wp-json\/wp\/v2\/types\/product"}],"replies":[{"embeddable":true,"href":"https:\/\/www.huntersfriend.eu\/sv\/wp-json\/wp\/v2\/comments?post=285431"}],"wp:featuredmedia":[{"embeddable":true,"href":"https:\/\/www.huntersfriend.eu\/sv\/wp-json\/wp\/v2\/media\/278100"}],"wp:attachment":[{"href":"https:\/\/www.huntersfriend.eu\/sv\/wp-json\/wp\/v2\/media?parent=285431"}],"wp:term":[{"taxonomy":"product_brand","embeddable":true,"href":"https:\/\/www.huntersfriend.eu\/sv\/wp-json\/wp\/v2\/product_brand?post=285431"},{"taxonomy":"product_cat","embeddable":true,"href":"https:\/\/www.huntersfriend.eu\/sv\/wp-json\/wp\/v2\/product_cat?post=285431"},{"taxonomy":"product_tag","embeddable":true,"href":"https:\/\/www.huntersfriend.eu\/sv\/wp-json\/wp\/v2\/product_tag?post=285431"}],"curies":[{"name":"wp","href":"https:\/\/api.w.org\/{rel}","templated":true}]}}